{"id":10,"date":"2020-12-16T17:23:47","date_gmt":"2020-12-16T20:23:47","guid":{"rendered":"https:\/\/nucleos.uepb.edu.br\/nai\/?page_id=10"},"modified":"2024-08-22T09:16:43","modified_gmt":"2024-08-22T12:16:43","slug":"pagina-inicial","status":"publish","type":"page","link":"https:\/\/nucleos.uepb.edu.br\/nai\/","title":{"rendered":"P\u00e1gina Inicial"},"content":{"rendered":"<div class=\"wpb-content-wrapper\"><p>[vc_row][vc_column width=&#8221;2\/3&#8243;][vc_text_separator title=&#8221;Not\u00edcias da UEPB&#8221; i_icon_fontawesome=&#8221;fas fa-newspaper&#8221; i_color=&#8221;custom&#8221; title_align=&#8221;separator_align_left&#8221; css=&#8221;&#8221; add_icon=&#8221;true&#8221; i_custom_color=&#8221;#cc0000&#8243;]<div class=\"mdl-grid\"><div class=\"mdl-cell--12-col bloco-noticias\"><div class=\"titulo-noticia-widget\"><a href=\"https:\/\/uepb.edu.br\/programacao-presencial-da-3a-semana-da-pessoa-com-deficiencia-e-cancelada-e-palestras-online-sao-mantidas\/\" target=\"_blank\"><h3 class=\"titulo-destaque-noticia\">Programa\u00e7\u00e3o presencial da 3\u00aa Semana da Pessoa com Defici\u00eancia \u00e9 cancelada e palestras online s\u00e3o mantidas<\/h3><\/a><\/div><div class=\"titulo-noticia-widget\"><a href=\"https:\/\/uepb.edu.br\/abertas-inscricoes-para-o-2o-encontro-integrado-sobre-o-transtorno-do-espectro-autista-da-uepb\/\" target=\"_blank\"><h3 class=\"titulo-destaque-noticia\">Abertas inscri\u00e7\u00f5es para o 2\u00ba Encontro Integrado sobre o Transtorno do Espectro Autista da UEPB<\/h3><\/a><\/div><div class=\"titulo-noticia-widget\"><a href=\"https:\/\/uepb.edu.br\/capacitacao-qualifica-servidores-para-atendimento-humanizado-as-pessoas-com-deficiencias-e-neuroatipicas\/\" target=\"_blank\"><h3 class=\"titulo-destaque-noticia\">Capacita\u00e7\u00e3o qualifica servidores para atendimento humanizado \u00e0s pessoas com defici\u00eancias e neuroat\u00edpicas<\/h3><\/a><\/div><div class=\"titulo-noticia-widget\"><a href=\"https:\/\/uepb.edu.br\/nucleo-de-acessibilidade-e-inclusao-promove-1a-expo-braille-no-campus-de-campina-grande-do-ifpb\/\" target=\"_blank\"><h3 class=\"titulo-destaque-noticia\">N\u00facleo de Acessibilidade e Inclus\u00e3o promove 1\u00aa Expo Braille no C\u00e2mpus de Campina Grande do IFPB<\/h3><\/a><\/div><div class=\"titulo-noticia-widget\"><a href=\"https:\/\/uepb.edu.br\/nucleo-de-acessibilidade-e-inclusao-promove-2a-semana-da-pessoa-com-deficiencia-da-universidade-estadual\/\" target=\"_blank\"><h3 class=\"titulo-destaque-noticia\">N\u00facleo de Acessibilidade e Inclus\u00e3o promove 2\u00aa Semana da Pessoa com Defici\u00eancia da Universidade Estadual<\/h3><\/a><\/div><div class=\"titulo-noticia-widget\"><a href=\"https:\/\/uepb.edu.br\/equipe-da-uepb-recebe-visita-de-fabricantes-de-tecnologias-assistivas-que-podem-ser-implementadas-na-instituicao\/\" target=\"_blank\"><h3 class=\"titulo-destaque-noticia\">Equipe da UEPB recebe visita de fabricantes de tecnologias assistivas que podem ser implementadas na Institui\u00e7\u00e3o<\/h3><\/a><\/div><\/div><\/div>[vc_text_separator title=&#8221;Not\u00edcias do NAI&#8221; i_icon_fontawesome=&#8221;fas fa-newspaper&#8221; i_color=&#8221;custom&#8221; title_align=&#8221;separator_align_left&#8221; css=&#8221;&#8221; add_icon=&#8221;true&#8221; i_custom_color=&#8221;#cc0000&#8243;]<div class=\"mdl-grid\"><div class=\"mdl-cell--12-col bloco-noticias\"><div class=\"titulo-noticia-widget\"><a href=\"https:\/\/nucleos.uepb.edu.br\/nai\/2025\/04\/03\/dia-mundial-de-conscientizacao-do-autismo\/\"><h3 class=\"titulo-destaque-noticia\">Dia Mundial de Conscientiza\u00e7\u00e3o do Autismo<\/h3><\/a><\/div><div class=\"titulo-noticia-widget\"><a href=\"https:\/\/nucleos.uepb.edu.br\/nai\/2024\/09\/12\/ii-semana-pessoa-deficiencia\/\"><h3 class=\"titulo-destaque-noticia\">2\u00aa Semana da Pessoa com Defici\u00eancia da UEPB<\/h3><\/a><\/div><\/div><\/div>[\/vc_column][vc_column width=&#8221;1\/3&#8243;][vc_text_separator title=&#8221;E-mails&#8221; i_icon_fontawesome=&#8221;fas fa-envelope&#8221; i_color=&#8221;custom&#8221; title_align=&#8221;separator_align_left&#8221; css=&#8221;&#8221; add_icon=&#8221;true&#8221; i_custom_color=&#8221;#cc0000&#8243;][vc_column_text css=&#8221;&#8221;]<\/p>\n<ul>\n<li>nai@setor.uepb.edu.br<\/li>\n<li>alindembergue@servidor.uepb.edu.br<\/li>\n<\/ul>\n<p>[\/vc_column_text][vc_text_separator title=&#8221;Telefone&#8221; i_icon_fontawesome=&#8221;fas fa-envelope&#8221; i_color=&#8221;custom&#8221; title_align=&#8221;separator_align_left&#8221; css=&#8221;&#8221; add_icon=&#8221;true&#8221; i_custom_color=&#8221;#cc0000&#8243;][vc_column_text css=&#8221;&#8221;](83) 3344-5335[\/vc_column_text][\/vc_column][\/vc_row]<\/p>\n<\/div>","protected":false},"excerpt":{"rendered":"<p>[vc_row][vc_column width=&#8221;2\/3&#8243;][vc_text_separator title=&#8221;Not\u00edcias da UEPB&#8221; i_icon_fontawesome=&#8221;fas fa-newspaper&#8221; i_color=&#8221;custom&#8221; title_align=&#8221;separator_align_left&#8221; css=&#8221;&#8221; add_icon=&#8221;true&#8221; i_custom_color=&#8221;#cc0000&#8243;][vc_text_separator title=&#8221;Not\u00edcias do NAI&#8221; i_icon_fontawesome=&#8221;fas fa-newspaper&#8221; i_color=&#8221;custom&#8221; title_align=&#8221;separator_align_left&#8221; css=&#8221;&#8221; add_icon=&#8221;true&#8221; i_custom_color=&#8221;#cc0000&#8243;][\/vc_column][vc_column width=&#8221;1\/3&#8243;][vc_text_separator title=&#8221;E-mails&#8221; i_icon_fontawesome=&#8221;fas fa-envelope&#8221; i_color=&#8221;custom&#8221; title_align=&#8221;separator_align_left&#8221; css=&#8221;&#8221; add_icon=&#8221;true&#8221; i_custom_color=&#8221;#cc0000&#8243;][vc_column_text css=&#8221;&#8221;] nai@setor.uepb.edu.br alindembergue@servidor.uepb.edu.br [\/vc_column_text][vc_text_separator title=&#8221;Telefone&#8221; i_icon_fontawesome=&#8221;fas fa-envelope&#8221; i_color=&#8221;custom&#8221; title_align=&#8221;separator_align_left&#8221; css=&#8221;&#8221; add_icon=&#8221;true&#8221; i_custom_color=&#8221;#cc0000&#8243;][vc_column_text css=&#8221;&#8221;](83) 3344-5335[\/vc_column_text][\/vc_column][\/vc_row]<\/p>\n","protected":false},"author":8,"featured_media":0,"parent":0,"menu_order":0,"comment_status":"closed","ping_status":"closed","template":"","meta":{"footnotes":""},"class_list":["post-10","page","type-page","status-publish","hentry"],"_links":{"self":[{"href":"https:\/\/nucleos.uepb.edu.br\/nai\/wp-json\/wp\/v2\/pages\/10","targetHints":{"allow":["GET"]}}],"collection":[{"href":"https:\/\/nucleos.uepb.edu.br\/nai\/wp-json\/wp\/v2\/pages"}],"about":[{"href":"https:\/\/nucleos.uepb.edu.br\/nai\/wp-json\/wp\/v2\/types\/page"}],"author":[{"embeddable":true,"href":"https:\/\/nucleos.uepb.edu.br\/nai\/wp-json\/wp\/v2\/users\/8"}],"replies":[{"embeddable":true,"href":"https:\/\/nucleos.uepb.edu.br\/nai\/wp-json\/wp\/v2\/comments?post=10"}],"version-history":[{"count":12,"href":"https:\/\/nucleos.uepb.edu.br\/nai\/wp-json\/wp\/v2\/pages\/10\/revisions"}],"predecessor-version":[{"id":91,"href":"https:\/\/nucleos.uepb.edu.br\/nai\/wp-json\/wp\/v2\/pages\/10\/revisions\/91"}],"wp:attachment":[{"href":"https:\/\/nucleos.uepb.edu.br\/nai\/wp-json\/wp\/v2\/media?parent=10"}],"curies":[{"name":"wp","href":"https:\/\/api.w.org\/{rel}","templated":true}]}}