{"id":12,"date":"2020-12-16T17:24:44","date_gmt":"2020-12-16T20:24:44","guid":{"rendered":"https:\/\/nucleos.uepb.edu.br\/nai\/?page_id=12"},"modified":"2024-07-04T10:41:30","modified_gmt":"2024-07-04T13:41:30","slug":"quem-somos","status":"publish","type":"page","link":"https:\/\/nucleos.uepb.edu.br\/nai\/quem-somos\/","title":{"rendered":"Quem somos"},"content":{"rendered":"<p>N\u00facleo de Acessibilidade e Inclus\u00e3o &#8211; NAI da Universidade Estadual da Para\u00edba &#8211; UEPB, vinculado ao Departamento de Educa\u00e7\u00e3o \/ Centro de Educa\u00e7\u00e3o &#8211; CEDUC \/ Campus I, Campina Grande &#8211; PB.<\/p>\n<p>O NAI tem como miss\u00e3o realizar um atendimento s\u00f3cio pedag\u00f3gico que garanta o desenvolvimento cognitivo, afetivo e social dos alunos com defici\u00eancia, Transtorno Global do Desenvolvimento e Altas Habilidades matriculados na UEPB e em suas institui\u00e7\u00f5es parceiras, mediante projetos de extens\u00e3o e de pesquisa, na busca da supera\u00e7\u00e3o de barreiras, amplia\u00e7\u00e3o e consolida\u00e7\u00e3o da cidadania.<\/p>\n<p>Como objetivos ressalvamos:<\/p>\n<ul>\n<li>O desenvolvimento programas de esclarecimento e orienta\u00e7\u00e3o que conscientizem o corpo docente, discente e t\u00e9cnicos administrativos da UEPB;<\/li>\n<li>Cria\u00e7\u00e3o de m\u00e9todos pedag\u00f3gicos que possa mediar o processo de ensino e aprendizagem dos alunos com defici\u00eancia matriculados na UEPB;<\/li>\n<li>Promo\u00e7\u00e3o de cursos, palestras e eventos cient\u00edficos referentes ao processo de ensino-aprendizagem para alunos com defici\u00eancia; solicita\u00e7\u00e3o \u00e0s inst\u00e2ncias pertinentes da UEPB a aquisi\u00e7\u00e3o de materiais e equipamentos de acessibilidade, bem como a remo\u00e7\u00e3o de barreiras arquitet\u00f4nicas, de locomo\u00e7\u00e3o, de mobili\u00e1rios, entre outros;<\/li>\n<li>Articula\u00e7\u00e3o intersetorial a proposi\u00e7\u00e3o\/implementa\u00e7\u00e3o de pol\u00edticas p\u00fablicas de inclus\u00e3o na UEPB;<\/li>\n<li>Desenvolvimento de atividades de ensino, pesquisa e extens\u00e3o de acordo com as linhas de pesquisa do n\u00facleo, garantindo a participa\u00e7\u00e3o e efetivando di\u00e1logo com a comunidade interna e externa da UEPB;<\/li>\n<\/ul>\n","protected":false},"excerpt":{"rendered":"<p>N\u00facleo de Acessibilidade e Inclus\u00e3o &#8211; NAI da Universidade Estadual da Para\u00edba &#8211; UEPB, vinculado ao Departamento de Educa\u00e7\u00e3o \/ Centro de Educa\u00e7\u00e3o &#8211; CEDUC \/ Campus I, Campina Grande &#8211; PB. O NAI tem como miss\u00e3o realizar um atendimento s\u00f3cio pedag\u00f3gico que garanta o desenvolvimento cognitivo, afetivo e social dos alunos com defici\u00eancia, Transtorno <a class=\"leiamais\" href=\"https:\/\/nucleos.uepb.edu.br\/nai\/quem-somos\/\">Leia Mais&#8230;<\/a><\/p>\n","protected":false},"author":8,"featured_media":0,"parent":0,"menu_order":0,"comment_status":"closed","ping_status":"closed","template":"","meta":{"footnotes":""},"class_list":["post-12","page","type-page","status-publish","hentry"],"_links":{"self":[{"href":"https:\/\/nucleos.uepb.edu.br\/nai\/wp-json\/wp\/v2\/pages\/12","targetHints":{"allow":["GET"]}}],"collection":[{"href":"https:\/\/nucleos.uepb.edu.br\/nai\/wp-json\/wp\/v2\/pages"}],"about":[{"href":"https:\/\/nucleos.uepb.edu.br\/nai\/wp-json\/wp\/v2\/types\/page"}],"author":[{"embeddable":true,"href":"https:\/\/nucleos.uepb.edu.br\/nai\/wp-json\/wp\/v2\/users\/8"}],"replies":[{"embeddable":true,"href":"https:\/\/nucleos.uepb.edu.br\/nai\/wp-json\/wp\/v2\/comments?post=12"}],"version-history":[{"count":4,"href":"https:\/\/nucleos.uepb.edu.br\/nai\/wp-json\/wp\/v2\/pages\/12\/revisions"}],"predecessor-version":[{"id":81,"href":"https:\/\/nucleos.uepb.edu.br\/nai\/wp-json\/wp\/v2\/pages\/12\/revisions\/81"}],"wp:attachment":[{"href":"https:\/\/nucleos.uepb.edu.br\/nai\/wp-json\/wp\/v2\/media?parent=12"}],"curies":[{"name":"wp","href":"https:\/\/api.w.org\/{rel}","templated":true}]}}