{"id":14,"date":"2020-12-16T17:25:08","date_gmt":"2020-12-16T20:25:08","guid":{"rendered":"https:\/\/nucleos.uepb.edu.br\/nai\/?page_id=14"},"modified":"2024-08-23T19:29:10","modified_gmt":"2024-08-23T22:29:10","slug":"historico","status":"publish","type":"page","link":"https:\/\/nucleos.uepb.edu.br\/nai\/historico\/","title":{"rendered":"Hist\u00f3rico"},"content":{"rendered":"<p>O N\u00facleo de Acessibilidade e Inclus\u00e3o (NAI), chamado inicialmente de N\u00facleo de Educa\u00e7\u00e3o Especial (NEDESP), surgiu atrav\u00e9s de um projeto de implementa\u00e7\u00e3o elaborado pelo agora Professor Doutor Eduardo Gomes Onofre, em cumprimento \u00e0s exig\u00eancias para obten\u00e7\u00e3o do regime de professor retide. O interesse para este projeto surgiu devido ao n\u00famero significativo de pessoas com defici\u00eancia, principalmente visuais, matriculados na Universidade Estadual da Para\u00edba (UEPB), nos cursos de Filosofia, Hist\u00f3ria, Geografia, Pedagogia, Comunica\u00e7\u00e3o Social e Servi\u00e7o Social.<\/p>\n<p>Em raz\u00e3o deste panorama f\u00e1tico, consolidou-se a ideia de criar um n\u00facleo pr\u00f3prio a fim de proporcionar suporte aos estudantes com necessidades educativas especiais. Como afirma Professor Eduardo Onofre, em seu projeto, \u201ca finalidade maior desse projeto tem car\u00e1ter profissional, mas a nossa maior contribui\u00e7\u00e3o ser\u00e1 combater a exclus\u00e3o, seja escolar ou social. Pois, todo ser humano, deficiente ou n\u00e3o, precisa sentir-se inclu\u00eddo no seu ambiente social para poder desenvolver a sua cidadania\u201d.<\/p>\n<p>Para consolidar a implanta\u00e7\u00e3o do projeto, as atividades do n\u00facleo come\u00e7aram a ser executadas em maio de 2004, com o aux\u00edlio de estagi\u00e1rios que cursaram o componente de Educa\u00e7\u00e3o Especial. Apresentando, em um primeiro momento, equipamentos e materiais permanentes, tais como mesas para computador e para uso em geral, estantes e sistema sonoro Dosvox, posteriormente, adquiriu-se computador, m\u00e1quinas de datilografia em Braille, regletes de alum\u00ednio com t\u00e1bua de apoio e pun\u00e7\u00e3o, regletes de bolso com pun\u00e7\u00e3o, <em>scanner<\/em>, gravador port\u00e1til pequeno e assinadores para deficientes visuais.<\/p>\n<p>Em funcionamento desde 2004, como suporte e apoio a estudantes da UEPB com quaisquer necessidades educativas especiais ou interesse pela \u00e1rea, o N\u00facleo veio a ser regulamentado pela Resolu\u00e7\u00e3o CONSUNI 0298\/2019, a qual aprovou o regimento interno atualmente em vig\u00eancia. A partir desta regulamenta\u00e7\u00e3o, o N\u00facleo de Acessibilidade e Inclus\u00e3o (NAI) recebeu este nome e sigla, e est\u00e1 em funcionamento na sala 335, 3\u00ba andar, da Central Acad\u00eamica Paulo Freire (CAPF), da UEPB.<\/p>\n","protected":false},"excerpt":{"rendered":"<p>O N\u00facleo de Acessibilidade e Inclus\u00e3o (NAI), chamado inicialmente de N\u00facleo de Educa\u00e7\u00e3o Especial (NEDESP), surgiu atrav\u00e9s de um projeto de implementa\u00e7\u00e3o elaborado pelo agora Professor Doutor Eduardo Gomes Onofre, em cumprimento \u00e0s exig\u00eancias para obten\u00e7\u00e3o do regime de professor retide. O interesse para este projeto surgiu devido ao n\u00famero significativo de pessoas com defici\u00eancia, <a class=\"leiamais\" href=\"https:\/\/nucleos.uepb.edu.br\/nai\/historico\/\">Leia Mais&#8230;<\/a><\/p>\n","protected":false},"author":8,"featured_media":0,"parent":0,"menu_order":0,"comment_status":"closed","ping_status":"closed","template":"","meta":{"footnotes":""},"class_list":["post-14","page","type-page","status-publish","hentry"],"_links":{"self":[{"href":"https:\/\/nucleos.uepb.edu.br\/nai\/wp-json\/wp\/v2\/pages\/14","targetHints":{"allow":["GET"]}}],"collection":[{"href":"https:\/\/nucleos.uepb.edu.br\/nai\/wp-json\/wp\/v2\/pages"}],"about":[{"href":"https:\/\/nucleos.uepb.edu.br\/nai\/wp-json\/wp\/v2\/types\/page"}],"author":[{"embeddable":true,"href":"https:\/\/nucleos.uepb.edu.br\/nai\/wp-json\/wp\/v2\/users\/8"}],"replies":[{"embeddable":true,"href":"https:\/\/nucleos.uepb.edu.br\/nai\/wp-json\/wp\/v2\/comments?post=14"}],"version-history":[{"count":2,"href":"https:\/\/nucleos.uepb.edu.br\/nai\/wp-json\/wp\/v2\/pages\/14\/revisions"}],"predecessor-version":[{"id":94,"href":"https:\/\/nucleos.uepb.edu.br\/nai\/wp-json\/wp\/v2\/pages\/14\/revisions\/94"}],"wp:attachment":[{"href":"https:\/\/nucleos.uepb.edu.br\/nai\/wp-json\/wp\/v2\/media?parent=14"}],"curies":[{"name":"wp","href":"https:\/\/api.w.org\/{rel}","templated":true}]}}