{"id":16,"date":"2020-12-16T17:25:30","date_gmt":"2020-12-16T20:25:30","guid":{"rendered":"https:\/\/nucleos.uepb.edu.br\/nai\/?page_id=16"},"modified":"2020-12-16T17:25:30","modified_gmt":"2020-12-16T20:25:30","slug":"atendimento-pedagogico","status":"publish","type":"page","link":"https:\/\/nucleos.uepb.edu.br\/nai\/atendimento-pedagogico\/","title":{"rendered":"Atendimento Pedag\u00f3gico"},"content":{"rendered":"<p><strong>Quem pode receber atendimento pedag\u00f3gico?\u00a0\u00a0 <\/strong><\/p>\n<p>O N\u00facleo de Acessibilidade e Inclus\u00e3o oferece atendimento pedag\u00f3gico a alunos com defici\u00eancia, Transtorno Global do Desenvolvimento ou Altas Habilidades, matriculados na pr\u00f3pria UEPB, em qualquer das escolas p\u00fablicas de Campina Grande-PB, ou ainda, em alguma das institui\u00e7\u00f5es de educa\u00e7\u00e3o especial parceiras.<\/p>\n<p><strong>Quem realiza o atendimento pedag\u00f3gico?<\/strong><\/p>\n<p>O atendimento \u00e9 realizado por nossos extensionistas, alunos do curso de Pedagogia, sob orienta\u00e7\u00e3o e supervis\u00e3o do professor colaborador Dr. Eduardo Gomes Onofre.<\/p>\n<p><strong>Como est\u00e1 ocorrendo o atendimento nesse per\u00edodo de quarentena?<\/strong><\/p>\n<p>Em decorr\u00eancia das medidas sanit\u00e1rias impostas pelo Covid-19, o atendimento pedag\u00f3gico est\u00e1 acontecendo de maneira remota, atrav\u00e9s de videoconfer\u00eancias (WhatsApp ou Google Meet).<\/p>\n<p><strong>Como proceder para receber atendimento pedag\u00f3gico?<\/strong><\/p>\n<p>Abaixo temos a rela\u00e7\u00e3o de dias e hor\u00e1rios em que o atendimento pode ser feito. Escolha o melhor dia e hor\u00e1rio para voc\u00ea, entre em contato pelo e-mail <strong>nai@setor.uepb.edu.br<\/strong>, disponibilizando seu n\u00famero de celular, que um de nossos extensionistas entrar\u00e1 em contato para agendar o seu atendimento.<\/p>\n<p><strong>Dias e hor\u00e1rios de atendimento:<\/strong><\/p>\n<p>Segunda \u2013 08h00 \u00e0s 12h00 &#8211; Ext. Resp.: Em\u00eddio<\/p>\n<p>Ter\u00e7a \u2013 14h00 \u00e0s 18h00 \u2013 Ext. Resp.: Jaciene<\/p>\n<p>Quarta \u2013 08h00 \u00e0s 12h00 &#8211; Ext. Resp.: Isabella<\/p>\n<p>14h00 \u00e0s 18h00 &#8211; Ext. Resp.: Gabriella<\/p>\n<p>Quinta \u2013 14h00 \u00e0s 18h00 &#8211; Ext. Resp.: Mikaelle<\/p>\n<p>Sexta \u2013 08h00 \u00e0s 12h00 &#8211; Ext. Resp.: Gerl\u00e2ndia<\/p>\n","protected":false},"excerpt":{"rendered":"<p>Quem pode receber atendimento pedag\u00f3gico?\u00a0\u00a0 O N\u00facleo de Acessibilidade e Inclus\u00e3o oferece atendimento pedag\u00f3gico a alunos com defici\u00eancia, Transtorno Global do Desenvolvimento ou Altas Habilidades, matriculados na pr\u00f3pria UEPB, em qualquer das escolas p\u00fablicas de Campina Grande-PB, ou ainda, em alguma das institui\u00e7\u00f5es de educa\u00e7\u00e3o especial parceiras. Quem realiza o atendimento pedag\u00f3gico? O atendimento \u00e9 <a class=\"leiamais\" href=\"https:\/\/nucleos.uepb.edu.br\/nai\/atendimento-pedagogico\/\">Leia Mais&#8230;<\/a><\/p>\n","protected":false},"author":8,"featured_media":0,"parent":0,"menu_order":0,"comment_status":"closed","ping_status":"closed","template":"","meta":{"footnotes":""},"class_list":["post-16","page","type-page","status-publish","hentry"],"_links":{"self":[{"href":"https:\/\/nucleos.uepb.edu.br\/nai\/wp-json\/wp\/v2\/pages\/16","targetHints":{"allow":["GET"]}}],"collection":[{"href":"https:\/\/nucleos.uepb.edu.br\/nai\/wp-json\/wp\/v2\/pages"}],"about":[{"href":"https:\/\/nucleos.uepb.edu.br\/nai\/wp-json\/wp\/v2\/types\/page"}],"author":[{"embeddable":true,"href":"https:\/\/nucleos.uepb.edu.br\/nai\/wp-json\/wp\/v2\/users\/8"}],"replies":[{"embeddable":true,"href":"https:\/\/nucleos.uepb.edu.br\/nai\/wp-json\/wp\/v2\/comments?post=16"}],"version-history":[{"count":1,"href":"https:\/\/nucleos.uepb.edu.br\/nai\/wp-json\/wp\/v2\/pages\/16\/revisions"}],"predecessor-version":[{"id":17,"href":"https:\/\/nucleos.uepb.edu.br\/nai\/wp-json\/wp\/v2\/pages\/16\/revisions\/17"}],"wp:attachment":[{"href":"https:\/\/nucleos.uepb.edu.br\/nai\/wp-json\/wp\/v2\/media?parent=16"}],"curies":[{"name":"wp","href":"https:\/\/api.w.org\/{rel}","templated":true}]}}