{"id":18,"date":"2020-12-16T17:26:08","date_gmt":"2020-12-16T20:26:08","guid":{"rendered":"https:\/\/nucleos.uepb.edu.br\/nai\/?page_id=18"},"modified":"2020-12-16T17:30:50","modified_gmt":"2020-12-16T20:30:50","slug":"producao-cientifica","status":"publish","type":"page","link":"https:\/\/nucleos.uepb.edu.br\/nai\/producao-cientifica\/","title":{"rendered":"Produ\u00e7\u00e3o Cient\u00edfica"},"content":{"rendered":"<p><a href=\"https:\/\/nucleos.uepb.edu.br\/nai\/educacao-especial\/\">Educa\u00e7\u00e3o Especial<\/a><\/p>\n<p><a href=\"https:\/\/nucleos.uepb.edu.br\/nai\/educacao-matematica-inclusiva\/\">Educa\u00e7\u00e3o Matem\u00e1tica Inclusiva<\/a><\/p>\n<p><a href=\"https:\/\/nucleos.uepb.edu.br\/nai\/acessibilidade\/\">Acessibilidade<\/a><\/p>\n<p><a href=\"https:\/\/nucleos.uepb.edu.br\/nai\/formacao-de-professor-e-inclusao\/\">Forma\u00e7\u00e3o de Professor e Inclus\u00e3o<\/a><\/p>\n<p><a href=\"https:\/\/nucleos.uepb.edu.br\/nai\/direitos-humanos-e-inclusao\/\">Direitos Humanos e Inclus\u00e3o<\/a><\/p>\n<p><a href=\"https:\/\/nucleos.uepb.edu.br\/nai\/tecnologias-assistivas\/\">Tecnologias Assistivas<\/a><\/p>\n<p>&nbsp;<\/p>\n","protected":false},"excerpt":{"rendered":"<p>Educa\u00e7\u00e3o Especial Educa\u00e7\u00e3o Matem\u00e1tica Inclusiva Acessibilidade Forma\u00e7\u00e3o de Professor e Inclus\u00e3o Direitos Humanos e Inclus\u00e3o Tecnologias Assistivas &nbsp;<\/p>\n","protected":false},"author":8,"featured_media":0,"parent":0,"menu_order":0,"comment_status":"closed","ping_status":"closed","template":"","meta":{"footnotes":""},"class_list":["post-18","page","type-page","status-publish","hentry"],"_links":{"self":[{"href":"https:\/\/nucleos.uepb.edu.br\/nai\/wp-json\/wp\/v2\/pages\/18","targetHints":{"allow":["GET"]}}],"collection":[{"href":"https:\/\/nucleos.uepb.edu.br\/nai\/wp-json\/wp\/v2\/pages"}],"about":[{"href":"https:\/\/nucleos.uepb.edu.br\/nai\/wp-json\/wp\/v2\/types\/page"}],"author":[{"embeddable":true,"href":"https:\/\/nucleos.uepb.edu.br\/nai\/wp-json\/wp\/v2\/users\/8"}],"replies":[{"embeddable":true,"href":"https:\/\/nucleos.uepb.edu.br\/nai\/wp-json\/wp\/v2\/comments?post=18"}],"version-history":[{"count":3,"href":"https:\/\/nucleos.uepb.edu.br\/nai\/wp-json\/wp\/v2\/pages\/18\/revisions"}],"predecessor-version":[{"id":35,"href":"https:\/\/nucleos.uepb.edu.br\/nai\/wp-json\/wp\/v2\/pages\/18\/revisions\/35"}],"wp:attachment":[{"href":"https:\/\/nucleos.uepb.edu.br\/nai\/wp-json\/wp\/v2\/media?parent=18"}],"curies":[{"name":"wp","href":"https:\/\/api.w.org\/{rel}","templated":true}]}}