{"id":20,"date":"2020-12-16T17:26:30","date_gmt":"2020-12-16T20:26:30","guid":{"rendered":"https:\/\/nucleos.uepb.edu.br\/nai\/?page_id=20"},"modified":"2020-12-16T17:26:30","modified_gmt":"2020-12-16T20:26:30","slug":"educacao-especial","status":"publish","type":"page","link":"https:\/\/nucleos.uepb.edu.br\/nai\/educacao-especial\/","title":{"rendered":"Educa\u00e7\u00e3o Especial"},"content":{"rendered":"<p><strong><em>Necessidades educativas dos estudantes surdos no ensino superior: um olhar sobre algumas reivindica\u00e7\u00f5es na Universidade Federal de Campina Grande<\/em><\/strong><\/p>\n<p><strong>Autores:<\/strong> S\u00f4nia Maria de Lira, Edson Garcia da Silva, Dayene Albino dos Santos, Van\u00fabia Martins dos Santos e No\u00eamia da Silva Pereira.<\/p>\n<p><strong>Resumo:<\/strong> O artigo traz uma reflex\u00e3o sobre as dificuldades que o ensino superior encontra para atender as necessidades que segmentos espec\u00edficos de surdos possuem. A pesquisa baseada em dados qualitativos foi realizada na Universidade federal de campina grande por meio do 1\u00b0 encontro de Inclus\u00e3o no Ensino superior.<\/p>\n<p><strong>Dispon\u00edvel em:<\/strong> <a href=\"http:\/\/revista.uepb.edu.br\/index.php\/REIN\/issue\/view\/326\">http:\/\/revista.uepb.edu.br\/index.php\/REIN\/issue\/view\/326<\/a><\/p>\n","protected":false},"excerpt":{"rendered":"<p>Necessidades educativas dos estudantes surdos no ensino superior: um olhar sobre algumas reivindica\u00e7\u00f5es na Universidade Federal de Campina Grande Autores: S\u00f4nia Maria de Lira, Edson Garcia da Silva, Dayene Albino dos Santos, Van\u00fabia Martins dos Santos e No\u00eamia da Silva Pereira. Resumo: O artigo traz uma reflex\u00e3o sobre as dificuldades que o ensino superior encontra <a class=\"leiamais\" href=\"https:\/\/nucleos.uepb.edu.br\/nai\/educacao-especial\/\">Leia Mais&#8230;<\/a><\/p>\n","protected":false},"author":8,"featured_media":0,"parent":0,"menu_order":0,"comment_status":"closed","ping_status":"closed","template":"","meta":{"footnotes":""},"class_list":["post-20","page","type-page","status-publish","hentry"],"_links":{"self":[{"href":"https:\/\/nucleos.uepb.edu.br\/nai\/wp-json\/wp\/v2\/pages\/20","targetHints":{"allow":["GET"]}}],"collection":[{"href":"https:\/\/nucleos.uepb.edu.br\/nai\/wp-json\/wp\/v2\/pages"}],"about":[{"href":"https:\/\/nucleos.uepb.edu.br\/nai\/wp-json\/wp\/v2\/types\/page"}],"author":[{"embeddable":true,"href":"https:\/\/nucleos.uepb.edu.br\/nai\/wp-json\/wp\/v2\/users\/8"}],"replies":[{"embeddable":true,"href":"https:\/\/nucleos.uepb.edu.br\/nai\/wp-json\/wp\/v2\/comments?post=20"}],"version-history":[{"count":1,"href":"https:\/\/nucleos.uepb.edu.br\/nai\/wp-json\/wp\/v2\/pages\/20\/revisions"}],"predecessor-version":[{"id":21,"href":"https:\/\/nucleos.uepb.edu.br\/nai\/wp-json\/wp\/v2\/pages\/20\/revisions\/21"}],"wp:attachment":[{"href":"https:\/\/nucleos.uepb.edu.br\/nai\/wp-json\/wp\/v2\/media?parent=20"}],"curies":[{"name":"wp","href":"https:\/\/api.w.org\/{rel}","templated":true}]}}