{"id":24,"date":"2020-12-16T17:27:14","date_gmt":"2020-12-16T20:27:14","guid":{"rendered":"https:\/\/nucleos.uepb.edu.br\/nai\/?page_id=24"},"modified":"2020-12-16T17:27:14","modified_gmt":"2020-12-16T20:27:14","slug":"acessibilidade","status":"publish","type":"page","link":"https:\/\/nucleos.uepb.edu.br\/nai\/acessibilidade\/","title":{"rendered":"Acessibilidade"},"content":{"rendered":"<p><strong><em>Inclus\u00e3o e acessibilidade para pessoas cegas na Universidade Federal de Campina Grande<\/em><\/strong><\/p>\n<p><strong>Autores:<\/strong> S\u00e9rgio Luiz Malta de Azevedo, Polyana Pereira da Silva, Rayane da Silva Rodrigues e \u00c9merson Lira da Silva.<\/p>\n<p><strong>Resumo:<\/strong> O texto lan\u00e7a um questionamento pertinente: \u201cat\u00e9 que ponto as IES est\u00e3o assistindo os estudantes com defici\u00eancia visual?\u201d. O enfoque ocorre na Universidade Federal da Para\u00edba e, atrav\u00e9s de uma pesquisa qualitativa, externou grandes barreiras que precisam ser ultrapassadas na rela\u00e7\u00e3o e viv\u00eancias dos alunos.<\/p>\n<p><strong>Dispon\u00edvel em<\/strong>: <a href=\"http:\/\/revista.uepb.edu.br\/index.php\/REIN\/issue\/view\/326\">http:\/\/revista.uepb.edu.br\/index.php\/REIN\/issue\/view\/326<\/a><\/p>\n","protected":false},"excerpt":{"rendered":"<p>Inclus\u00e3o e acessibilidade para pessoas cegas na Universidade Federal de Campina Grande Autores: S\u00e9rgio Luiz Malta de Azevedo, Polyana Pereira da Silva, Rayane da Silva Rodrigues e \u00c9merson Lira da Silva. Resumo: O texto lan\u00e7a um questionamento pertinente: \u201cat\u00e9 que ponto as IES est\u00e3o assistindo os estudantes com defici\u00eancia visual?\u201d. O enfoque ocorre na Universidade <a class=\"leiamais\" href=\"https:\/\/nucleos.uepb.edu.br\/nai\/acessibilidade\/\">Leia Mais&#8230;<\/a><\/p>\n","protected":false},"author":8,"featured_media":0,"parent":0,"menu_order":0,"comment_status":"closed","ping_status":"closed","template":"","meta":{"footnotes":""},"class_list":["post-24","page","type-page","status-publish","hentry"],"_links":{"self":[{"href":"https:\/\/nucleos.uepb.edu.br\/nai\/wp-json\/wp\/v2\/pages\/24","targetHints":{"allow":["GET"]}}],"collection":[{"href":"https:\/\/nucleos.uepb.edu.br\/nai\/wp-json\/wp\/v2\/pages"}],"about":[{"href":"https:\/\/nucleos.uepb.edu.br\/nai\/wp-json\/wp\/v2\/types\/page"}],"author":[{"embeddable":true,"href":"https:\/\/nucleos.uepb.edu.br\/nai\/wp-json\/wp\/v2\/users\/8"}],"replies":[{"embeddable":true,"href":"https:\/\/nucleos.uepb.edu.br\/nai\/wp-json\/wp\/v2\/comments?post=24"}],"version-history":[{"count":1,"href":"https:\/\/nucleos.uepb.edu.br\/nai\/wp-json\/wp\/v2\/pages\/24\/revisions"}],"predecessor-version":[{"id":25,"href":"https:\/\/nucleos.uepb.edu.br\/nai\/wp-json\/wp\/v2\/pages\/24\/revisions\/25"}],"wp:attachment":[{"href":"https:\/\/nucleos.uepb.edu.br\/nai\/wp-json\/wp\/v2\/media?parent=24"}],"curies":[{"name":"wp","href":"https:\/\/api.w.org\/{rel}","templated":true}]}}