{"id":26,"date":"2020-12-16T17:27:46","date_gmt":"2020-12-16T20:27:46","guid":{"rendered":"https:\/\/nucleos.uepb.edu.br\/nai\/?page_id=26"},"modified":"2020-12-16T17:27:46","modified_gmt":"2020-12-16T20:27:46","slug":"formacao-de-professor-e-inclusao","status":"publish","type":"page","link":"https:\/\/nucleos.uepb.edu.br\/nai\/formacao-de-professor-e-inclusao\/","title":{"rendered":"Forma\u00e7\u00e3o de Professor e Inclus\u00e3o"},"content":{"rendered":"<p><strong><em>Reflex\u00f5es sobre educa\u00e7\u00e3o inclusiva no ciclo de alfabetiza\u00e7\u00e3o<\/em><\/strong><\/p>\n<p><strong>Autora:<\/strong> Larissa de Lima Can\u00eajo<\/p>\n<p><strong>Resumo:<\/strong> Trata-se de resenha que utiliza a obra \u201cPr\u00e1ticas pedag\u00f3gicas em educa\u00e7\u00e3o inclusiva: compartilhando experi\u00eancias\u201d para elucidar relatos de viv\u00eancia e sugest\u00f5es de pr\u00e1tica pedag\u00f3gica para este p\u00fablico. Esta obra \u00e9 um livro de grande relev\u00e2ncia, sendo composto por seis cap\u00edtulos e em cada um deles aborda especificidades de alunos com defici\u00eancia intelectual, defici\u00eancia visual, defici\u00eancia f\u00edsica, surdez e aqueles dentro do Transtorno do Espectro Autista (TEA).<\/p>\n<p><strong>Dispon\u00edvel em:<\/strong> <a href=\"http:\/\/revista.uepb.edu.br\/index.php\/REIN\/issue\/view\/350\">http:\/\/revista.uepb.edu.br\/index.php\/REIN\/issue\/view\/350<\/a><\/p>\n","protected":false},"excerpt":{"rendered":"<p>Reflex\u00f5es sobre educa\u00e7\u00e3o inclusiva no ciclo de alfabetiza\u00e7\u00e3o Autora: Larissa de Lima Can\u00eajo Resumo: Trata-se de resenha que utiliza a obra \u201cPr\u00e1ticas pedag\u00f3gicas em educa\u00e7\u00e3o inclusiva: compartilhando experi\u00eancias\u201d para elucidar relatos de viv\u00eancia e sugest\u00f5es de pr\u00e1tica pedag\u00f3gica para este p\u00fablico. Esta obra \u00e9 um livro de grande relev\u00e2ncia, sendo composto por seis cap\u00edtulos e <a class=\"leiamais\" href=\"https:\/\/nucleos.uepb.edu.br\/nai\/formacao-de-professor-e-inclusao\/\">Leia Mais&#8230;<\/a><\/p>\n","protected":false},"author":8,"featured_media":0,"parent":0,"menu_order":0,"comment_status":"closed","ping_status":"closed","template":"","meta":{"footnotes":""},"class_list":["post-26","page","type-page","status-publish","hentry"],"_links":{"self":[{"href":"https:\/\/nucleos.uepb.edu.br\/nai\/wp-json\/wp\/v2\/pages\/26","targetHints":{"allow":["GET"]}}],"collection":[{"href":"https:\/\/nucleos.uepb.edu.br\/nai\/wp-json\/wp\/v2\/pages"}],"about":[{"href":"https:\/\/nucleos.uepb.edu.br\/nai\/wp-json\/wp\/v2\/types\/page"}],"author":[{"embeddable":true,"href":"https:\/\/nucleos.uepb.edu.br\/nai\/wp-json\/wp\/v2\/users\/8"}],"replies":[{"embeddable":true,"href":"https:\/\/nucleos.uepb.edu.br\/nai\/wp-json\/wp\/v2\/comments?post=26"}],"version-history":[{"count":1,"href":"https:\/\/nucleos.uepb.edu.br\/nai\/wp-json\/wp\/v2\/pages\/26\/revisions"}],"predecessor-version":[{"id":27,"href":"https:\/\/nucleos.uepb.edu.br\/nai\/wp-json\/wp\/v2\/pages\/26\/revisions\/27"}],"wp:attachment":[{"href":"https:\/\/nucleos.uepb.edu.br\/nai\/wp-json\/wp\/v2\/media?parent=26"}],"curies":[{"name":"wp","href":"https:\/\/api.w.org\/{rel}","templated":true}]}}