{"id":28,"date":"2020-12-16T17:28:13","date_gmt":"2020-12-16T20:28:13","guid":{"rendered":"https:\/\/nucleos.uepb.edu.br\/nai\/?page_id=28"},"modified":"2020-12-16T17:28:13","modified_gmt":"2020-12-16T20:28:13","slug":"direitos-humanos-e-inclusao","status":"publish","type":"page","link":"https:\/\/nucleos.uepb.edu.br\/nai\/direitos-humanos-e-inclusao\/","title":{"rendered":"Direitos Humanos e Inclus\u00e3o"},"content":{"rendered":"<p><strong><em>A inclus\u00e3o da pessoa com defici\u00eancia no mercado de trabalho como direito humano<\/em><\/strong><\/p>\n<p><strong>Autora: <\/strong>Amanda Vanuza de Arruda Barbosa<\/p>\n<p><strong>Resumo:<\/strong> Este artigo tem como proposta o reconhecimento da inclus\u00e3o da pessoa com defici\u00eancia no mercado de trabalho como direito humano a ser protegido por toda a comunidade internacional, a partir do estudo do conceito de direitos humanos e os mecanismos de implementa\u00e7\u00e3o destes no \u00e2mbito internacional, a prote\u00e7\u00e3o dada ao direito ao trabalho e ao direito \u00e0 inclus\u00e3o da pessoa com defici\u00eancia. Exp\u00f5e-se o papel do Estado brasileiro frente \u00e0s conven\u00e7\u00f5es internacionais na discuss\u00e3o do tema da inclus\u00e3o, e como a ordem jur\u00eddica interna busca incorporar as normas convencionais no que concerne \u00e0 seara trabalhista. Por fim, prop\u00f5e-se que a fiscaliza\u00e7\u00e3o e puni\u00e7\u00e3o acerca da inclus\u00e3o e acessibilidade no \u00e2mbito do direito do trabalho sejam assumidas pela Uni\u00e3o, a fim de dar maior efetividade na garantia de vida digna por meio do trabalho \u00e0 pessoa com defici\u00eancia.<\/p>\n<p><strong>Dispon\u00edvel em: <\/strong><a href=\"http:\/\/eduepb.uepb.edu.br\/download\/saude-e-seguranca-do-trabalho\/?wpdmdl=1155&amp;masterkey=5f5a931b35e2a\">http:\/\/eduepb.uepb.edu.br\/download\/saude-e-seguranca-do-trabalho\/?wpdmdl=1155&amp;masterkey=5f5a931b35e2a<\/a> &#8211; P\u00e1g. 50<\/p>\n","protected":false},"excerpt":{"rendered":"<p>A inclus\u00e3o da pessoa com defici\u00eancia no mercado de trabalho como direito humano Autora: Amanda Vanuza de Arruda Barbosa Resumo: Este artigo tem como proposta o reconhecimento da inclus\u00e3o da pessoa com defici\u00eancia no mercado de trabalho como direito humano a ser protegido por toda a comunidade internacional, a partir do estudo do conceito de <a class=\"leiamais\" href=\"https:\/\/nucleos.uepb.edu.br\/nai\/direitos-humanos-e-inclusao\/\">Leia Mais&#8230;<\/a><\/p>\n","protected":false},"author":8,"featured_media":0,"parent":0,"menu_order":0,"comment_status":"closed","ping_status":"closed","template":"","meta":{"footnotes":""},"class_list":["post-28","page","type-page","status-publish","hentry"],"_links":{"self":[{"href":"https:\/\/nucleos.uepb.edu.br\/nai\/wp-json\/wp\/v2\/pages\/28","targetHints":{"allow":["GET"]}}],"collection":[{"href":"https:\/\/nucleos.uepb.edu.br\/nai\/wp-json\/wp\/v2\/pages"}],"about":[{"href":"https:\/\/nucleos.uepb.edu.br\/nai\/wp-json\/wp\/v2\/types\/page"}],"author":[{"embeddable":true,"href":"https:\/\/nucleos.uepb.edu.br\/nai\/wp-json\/wp\/v2\/users\/8"}],"replies":[{"embeddable":true,"href":"https:\/\/nucleos.uepb.edu.br\/nai\/wp-json\/wp\/v2\/comments?post=28"}],"version-history":[{"count":1,"href":"https:\/\/nucleos.uepb.edu.br\/nai\/wp-json\/wp\/v2\/pages\/28\/revisions"}],"predecessor-version":[{"id":29,"href":"https:\/\/nucleos.uepb.edu.br\/nai\/wp-json\/wp\/v2\/pages\/28\/revisions\/29"}],"wp:attachment":[{"href":"https:\/\/nucleos.uepb.edu.br\/nai\/wp-json\/wp\/v2\/media?parent=28"}],"curies":[{"name":"wp","href":"https:\/\/api.w.org\/{rel}","templated":true}]}}