{"id":32,"date":"2020-12-16T17:29:00","date_gmt":"2020-12-16T20:29:00","guid":{"rendered":"https:\/\/nucleos.uepb.edu.br\/nai\/?page_id=32"},"modified":"2025-03-27T12:46:03","modified_gmt":"2025-03-27T15:46:03","slug":"equipe","status":"publish","type":"page","link":"https:\/\/nucleos.uepb.edu.br\/nai\/equipe\/","title":{"rendered":"Equipe"},"content":{"rendered":"<p><strong>Alindembergue de Ara\u00fajo Oliveira<\/strong> (Atual Coordenador do NAI e Assistente Administrativo)<\/p>\n<p><strong> Herbert Costa Rego<\/strong> (Tradutor\/Int\u00e9rprete de Libras)<\/p>\n<p><strong>Ivana Clotilde Rizzi Advincula<\/strong> (Pedagoga)<\/p>\n<p><strong>Jeane Leal<\/strong> (Tradutora\/Int\u00e9rprete de Libras)<\/p>\n<p><strong>Karinne Rodrigues da Costa\u00a0<\/strong>(Tradutora e Int\u00e9rprete de Libras)<\/p>\n<p><strong>Telma Cardoso Graciano<\/strong> (Auxiliar Administrativo)<\/p>\n<p><strong>Eduardo Gomes Onofre<\/strong> (Professor e Pesquisador na \u00c1rea da Educa\u00e7\u00e3o Especial)<\/p>\n<p><strong>Fab\u00edola M\u00f4nica <\/strong>(Professora e Pesquisadora na \u00c1rea da Educa\u00e7\u00e3o Especial)<\/p>\n","protected":false},"excerpt":{"rendered":"<p>Alindembergue de Ara\u00fajo Oliveira (Atual Coordenador do NAI e Assistente Administrativo) Herbert Costa Rego (Tradutor\/Int\u00e9rprete de Libras) Ivana Clotilde Rizzi Advincula (Pedagoga) Jeane Leal (Tradutora\/Int\u00e9rprete de Libras) Karinne Rodrigues da Costa\u00a0(Tradutora e Int\u00e9rprete de Libras) Telma Cardoso Graciano (Auxiliar Administrativo) Eduardo Gomes Onofre (Professor e Pesquisador na \u00c1rea da Educa\u00e7\u00e3o Especial) Fab\u00edola M\u00f4nica (Professora e <a class=\"leiamais\" href=\"https:\/\/nucleos.uepb.edu.br\/nai\/equipe\/\">Leia Mais&#8230;<\/a><\/p>\n","protected":false},"author":8,"featured_media":0,"parent":0,"menu_order":0,"comment_status":"closed","ping_status":"closed","template":"","meta":{"footnotes":""},"class_list":["post-32","page","type-page","status-publish","hentry"],"_links":{"self":[{"href":"https:\/\/nucleos.uepb.edu.br\/nai\/wp-json\/wp\/v2\/pages\/32","targetHints":{"allow":["GET"]}}],"collection":[{"href":"https:\/\/nucleos.uepb.edu.br\/nai\/wp-json\/wp\/v2\/pages"}],"about":[{"href":"https:\/\/nucleos.uepb.edu.br\/nai\/wp-json\/wp\/v2\/types\/page"}],"author":[{"embeddable":true,"href":"https:\/\/nucleos.uepb.edu.br\/nai\/wp-json\/wp\/v2\/users\/8"}],"replies":[{"embeddable":true,"href":"https:\/\/nucleos.uepb.edu.br\/nai\/wp-json\/wp\/v2\/comments?post=32"}],"version-history":[{"count":4,"href":"https:\/\/nucleos.uepb.edu.br\/nai\/wp-json\/wp\/v2\/pages\/32\/revisions"}],"predecessor-version":[{"id":104,"href":"https:\/\/nucleos.uepb.edu.br\/nai\/wp-json\/wp\/v2\/pages\/32\/revisions\/104"}],"wp:attachment":[{"href":"https:\/\/nucleos.uepb.edu.br\/nai\/wp-json\/wp\/v2\/media?parent=32"}],"curies":[{"name":"wp","href":"https:\/\/api.w.org\/{rel}","templated":true}]}}