{"id":59,"date":"2024-07-04T09:27:51","date_gmt":"2024-07-04T12:27:51","guid":{"rendered":"https:\/\/nucleos.uepb.edu.br\/nai\/?page_id=59"},"modified":"2024-07-04T10:42:56","modified_gmt":"2024-07-04T13:42:56","slug":"carta-de-servicos","status":"publish","type":"page","link":"https:\/\/nucleos.uepb.edu.br\/nai\/carta-de-servicos\/","title":{"rendered":"Carta de Servi\u00e7os"},"content":{"rendered":"<p>Atende a estudantes com alguma defici\u00eancia, por meio de encaminhamentos aos setores internos da institui\u00e7\u00e3o, dependendo da demanda solicitada; realiza a impress\u00e3o de materiais em braille; digitaliza\u00e7\u00e3o e conver\u00e7\u00e3o de materiais, de acordo com a necessidade do professor ou do aluno; disponibiliza para os alunos a interpreta\u00e7\u00e3o da L\u00edngua Brasileira de Sinais &#8211; Libras; atua com a ministra\u00e7\u00e3o de oficinas, minicursos e outras forma\u00e7\u00f5es, dentro da disponibilidade do setor, tanto para o p\u00fablico interno quanto para o externo; apresenta orienta\u00e7\u00f5es a alunos e colaboradores da UEPB sobre as diversas defici\u00eancias; disponibiliza auxilio nos demais setores internos na perspectiva da acessibilidade no \u00e2mbito da UEPB.<\/p>\n","protected":false},"excerpt":{"rendered":"<p>Atende a estudantes com alguma defici\u00eancia, por meio de encaminhamentos aos setores internos da institui\u00e7\u00e3o, dependendo da demanda solicitada; realiza a impress\u00e3o de materiais em braille; digitaliza\u00e7\u00e3o e conver\u00e7\u00e3o de materiais, de acordo com a necessidade do professor ou do aluno; disponibiliza para os alunos a interpreta\u00e7\u00e3o da L\u00edngua Brasileira de Sinais &#8211; Libras; atua <a class=\"leiamais\" href=\"https:\/\/nucleos.uepb.edu.br\/nai\/carta-de-servicos\/\">Leia Mais&#8230;<\/a><\/p>\n","protected":false},"author":8,"featured_media":0,"parent":0,"menu_order":0,"comment_status":"closed","ping_status":"closed","template":"","meta":{"footnotes":""},"class_list":["post-59","page","type-page","status-publish","hentry"],"_links":{"self":[{"href":"https:\/\/nucleos.uepb.edu.br\/nai\/wp-json\/wp\/v2\/pages\/59","targetHints":{"allow":["GET"]}}],"collection":[{"href":"https:\/\/nucleos.uepb.edu.br\/nai\/wp-json\/wp\/v2\/pages"}],"about":[{"href":"https:\/\/nucleos.uepb.edu.br\/nai\/wp-json\/wp\/v2\/types\/page"}],"author":[{"embeddable":true,"href":"https:\/\/nucleos.uepb.edu.br\/nai\/wp-json\/wp\/v2\/users\/8"}],"replies":[{"embeddable":true,"href":"https:\/\/nucleos.uepb.edu.br\/nai\/wp-json\/wp\/v2\/comments?post=59"}],"version-history":[{"count":1,"href":"https:\/\/nucleos.uepb.edu.br\/nai\/wp-json\/wp\/v2\/pages\/59\/revisions"}],"predecessor-version":[{"id":60,"href":"https:\/\/nucleos.uepb.edu.br\/nai\/wp-json\/wp\/v2\/pages\/59\/revisions\/60"}],"wp:attachment":[{"href":"https:\/\/nucleos.uepb.edu.br\/nai\/wp-json\/wp\/v2\/media?parent=59"}],"curies":[{"name":"wp","href":"https:\/\/api.w.org\/{rel}","templated":true}]}}