{"id":17,"date":"2014-03-20T14:24:02","date_gmt":"2014-03-20T14:24:02","guid":{"rendered":"http:\/\/sites.uepb.edu.br\/circularsaude\/?page_id=17"},"modified":"2014-03-20T14:24:02","modified_gmt":"2014-03-20T14:24:02","slug":"nervoso","status":"publish","type":"page","link":"https:\/\/nucleos.uepb.edu.br\/neas\/nervoso\/","title":{"rendered":"Nervoso"},"content":{"rendered":"<p><strong>Fun\u00e7\u00e3o do Sistema Nervoso<\/strong><\/p>\n<p>O sistema nervoso \u00e9 respons\u00e1vel pelo ajustamento do organismo ao ambiente. Sua fun\u00e7\u00e3o \u00e9 perceber e identificar as condi\u00e7\u00f5es ambientais externas, bem como as condi\u00e7\u00f5es reinantes dentro do pr\u00f3prio corpo e elaborar respostas que adaptem a essas condi\u00e7\u00f5es.<\/p>\n<p>A unidade b\u00e1sica do sistema nervoso \u00e9 a c\u00e9lula nervosa, denominada neur\u00f4nio, que \u00e9 uma c\u00e9lula extremamente estimul\u00e1vel; \u00e9 capaz de perceber as m\u00ednimas varia\u00e7\u00f5es que ocorrem em torno de si, reagindo com uma altera\u00e7\u00e3o el\u00e9trica que percorre sua membrana. Essa altera\u00e7\u00e3o el\u00e9trica \u00e9 o impulso nervoso.<\/p>\n<p>As c\u00e9lulas nervosas estabelecem conex\u00f5es entre si de tal maneira que um neur\u00f4nio pode transmitir a outros os est\u00edmulos recebidos do ambiente, gerando uma rea\u00e7\u00e3o em cadeia.<\/p>\n<p><strong>Neur\u00f4nios: c\u00e9lulas nervosas<\/strong><\/p>\n<p>Um neur\u00f4nio t\u00edpico apresenta tr\u00eas partes distintas: corpo celular, dentritos e ax\u00f4nio.<\/p>\n<p>No corpo celular, a parte mais volumosa da c\u00e9lula nervosa, se localiza o n\u00facleo e a maioria das estruturas citoplasm\u00e1ticas.<\/p>\n<p>Os dentritos (do grego dendron, \u00e1rvore) s\u00e3o prolongamentos finos e geralmente ramificados que conduzem os est\u00edmulos captados do ambiente ou de outras c\u00e9lulas em dire\u00e7\u00e3o ao corpo celular.<\/p>\n<p>O ax\u00f4nio \u00e9 um prolongamento fino, geralmente mais longo que os dentritos, cuja fun\u00e7\u00e3o \u00e9 transmitir para outras c\u00e9lulas os impulsos nervosos provenientes do corpo celular.<\/p>\n<p>Os corpos celulares dos neur\u00f4nios est\u00e3o concentrados no sistema nervoso central e tamb\u00e9m em pequenas estruturas globosas espalhadas pelo corpo, os g\u00e2nglios nervosos. Os dentritos e o ax\u00f4nio, genericamente chamados fibras nervosas, estendem-se por todo o corpo, conectando os corpos celulares dos neur\u00f4nios entre si e \u00e0s c\u00e9lulas sensoriais, musculares e glandulares.<\/p>\n<p><strong>C\u00e9lulas Glia<\/strong><\/p>\n<p>Al\u00e9m dos neur\u00f4nios, o sistema nervoso apresenta-se constitu\u00eddo pelas c\u00e9lulas glia, ou c\u00e9lulas gliais, cuja fun\u00e7\u00e3o \u00e9 dar sustenta\u00e7\u00e3o aos neur\u00f4nios e auxiliar o seu funcionamento. As c\u00e9lulas da glia constituem cerca de metade do volume do nosso enc\u00e9falo. H\u00e1 diversos tipos de c\u00e9lulas gliais. Os astr\u00f3citos, por exemplo, disp\u00f5em-se ao longo dos capilares sangu\u00edneos do enc\u00e9falo, controlando a passagem de subst\u00e2ncias do sangue para as c\u00e9lulas do sistema nervoso. Os oligodendr\u00f3citos e as c\u00e9lulas de Schwann enrolam-se sobre os ax\u00f4nios de certos neur\u00f4nios, formando envolt\u00f3rios isolantes.<\/p>\n<p><strong>Impulso Nervoso<\/strong><\/p>\n<p>A despolariza\u00e7\u00e3o e a repolariza\u00e7\u00e3o de um neur\u00f4nio ocorrem devido as modifica\u00e7\u00f5es na permeabilidade da membrana plasm\u00e1tica. Em um primeiro instante, abrem-se &#8220;portas de passagem&#8221; de Na+, permitindo a entrada de grande quantidade desses \u00edons na c\u00e9lula. Com isso, aumenta a quantidade relativa de carga positiva na regi\u00e3o interna na membrana, provocando sua despolariza\u00e7\u00e3o. Em seguida abrem-se as &#8220;portas de passagem&#8221; de K+, permitindo a sa\u00edda de grande quantidade desses \u00edons. Com isso, o interior da membrana volta a ficar com excesso de cargas negativas (repolariza\u00e7\u00e3o). A despolariza\u00e7\u00e3o em uma regi\u00e3o da membrana dura apenas cerca de 1,5 mil\u00e9simo de segundo (ms).<\/p>\n<p>O est\u00edmulo provoca, assim, uma onda de despolariza\u00e7\u00f5es e repolariza\u00e7\u00f5es que se propaga ao longo da membrana plasm\u00e1tica do neur\u00f4nio. Essa onda de propaga\u00e7\u00e3o \u00e9 o impulso nervoso, que se propaga em um \u00fanico sentido na fibra nervosa. Dentritos sempre conduzem o impulso em dire\u00e7\u00e3o ao corpo celular, por isso diz que o impulso nervoso no dentrito \u00e9 celul\u00edpeto. O ax\u00f4nio por sua vez, conduz o impulso em dire\u00e7\u00e3o \u00e0s suas extremidades, isto \u00e9, para longe do corpo celular; por isso diz-se que o impulso nervoso no ax\u00f4nio \u00e9 celul\u00edfugo.<\/p>\n<p>A velocidade de propaga\u00e7\u00e3o do impulso nervoso na membrana de um neur\u00f4nio varia entre 10cm\/s e 1m\/s. A propaga\u00e7\u00e3o r\u00e1pida dos impulsos nervosos \u00e9 garantida pela presen\u00e7a da bainha de mielina que recobre as fibras nervosas. A bainha de mielina \u00e9 constitu\u00edda por camadas conc\u00eantricas de membranas plasm\u00e1ticas de c\u00e9lulas da glia, principalmente c\u00e9lulas de Schwann. Entre as c\u00e9lulas gliais que envolvem o ax\u00f4nio existem pequenos espa\u00e7os, os n\u00f3dulos de Ranvier, onde a membrana do neur\u00f4nio fica exposta.<\/p>\n<p>Nas fibras nervosas mielinizadas, o impulso nervoso, em vez de se propagar continuamente pela membrana do neur\u00f4nio, pula diretamente de um n\u00f3dulo de Ranvier para o outro. Nesses neur\u00f4nios mielinizados, a velocidade de propaga\u00e7\u00e3o do impulso pode atingir velocidades da ordem de 200m\/s (ou 720km\/h ).<\/p>\n<p>Sinapses: transmiss\u00e3o do impulso nervoso entre c\u00e9lulas<br \/>\nUm impulso \u00e9 transmitido de uma c\u00e9lula a outra atrav\u00e9s das sinapses (do grego synapsis, a\u00e7\u00e3o de juntar). A sinapse \u00e9 uma regi\u00e3o de contato muito pr\u00f3ximo entre a extremidade do ax\u00f4nio de um neur\u00f4nio e a superf\u00edcie de outras c\u00e9lulas. Estas c\u00e9lulas podem ser tanto outros neur\u00f4nios como c\u00e9lulas sensoriais, musculares ou glandulares.<\/p>\n<p>As termina\u00e7\u00f5es de um ax\u00f4nio podem estabelecer muitas sinapses simult\u00e2neas.<\/p>\n<p>Na maioria das sinapses nervosas, as membranas das c\u00e9lulas que fazem sinapses est\u00e3o muito pr\u00f3ximas, mas n\u00e3o se tocam. H\u00e1 um pequeno espa\u00e7o entre as membranas celulares (o espa\u00e7o sin\u00e1ptico ou fenda sin\u00e1ptica).<\/p>\n<p>Quando os impulsos nervosos atingem as extremidades do ax\u00f4nio da c\u00e9lula pr\u00e9-sin\u00e1ptica, ocorre libera\u00e7\u00e3o, nos espa\u00e7os sin\u00e1pticos, de subst\u00e2ncias qu\u00edmicas denominadas neurotransmissores ou mediadores qu\u00edmicos, que tem a capacidade de se combinar com receptores presentes na membrana das c\u00e9lula p\u00f3s-sin\u00e1ptica, desencadeando o impulso nervoso. Esse tipo de sinapse, por envolver a participa\u00e7\u00e3o de mediadores qu\u00edmicos, \u00e9 chamado sinapse qu\u00edmica.<\/p>\n<p>Os cientistas j\u00e1 identificaram mais de dez subst\u00e2ncias que atuam como neurotransmissores, como a acetilcolina, a adrenalina (ou epinefrina), a noradrenalina (ou norepinefrina), a dopamina e a serotonina.<\/p>\n<p><strong>Sinapses Neuromusculares<\/strong><\/p>\n<p>A liga\u00e7\u00e3o entre as termina\u00e7\u00f5es ax\u00f4nicas e as c\u00e9lulas musculares \u00e9 chamada sinapse neuromuscular e nela ocorre libera\u00e7\u00e3o da subst\u00e2ncia neurotransmissora acetilcolina que estimula a contra\u00e7\u00e3o muscular.<\/p>\n<p><strong>Sinapses El\u00e9tricas<\/strong><\/p>\n<p>Em alguns tipos de neur\u00f4nios, o potencial de a\u00e7\u00e3o se propaga diretamente do neur\u00f4nio pr\u00e9-sin\u00e1ptico para o p\u00f3s-sin\u00e1ptico, sem intermedia\u00e7\u00e3o de neurotransmissores. As sinapses el\u00e9tricas ocorrem no sistema nervoso central, atuando na sincroniza\u00e7\u00e3o de certos movimentos r\u00e1pidos.<\/p>\n<p>http:\/\/www.webciencia.com\/11_29nervoso.htm<\/p>\n","protected":false},"excerpt":{"rendered":"<p>Fun\u00e7\u00e3o do Sistema Nervoso O sistema nervoso \u00e9 respons\u00e1vel pelo ajustamento do organismo ao ambiente. Sua fun\u00e7\u00e3o \u00e9 perceber e identificar as condi\u00e7\u00f5es ambientais externas, bem como as condi\u00e7\u00f5es reinantes dentro do pr\u00f3prio corpo e elaborar respostas que adaptem a essas condi\u00e7\u00f5es. A unidade b\u00e1sica do sistema nervoso \u00e9 a c\u00e9lula nervosa, denominada neur\u00f4nio, que <a class=\"leiamais\" href=\"https:\/\/nucleos.uepb.edu.br\/neas\/nervoso\/\">Leia Mais&#8230;<\/a><\/p>\n","protected":false},"author":11,"featured_media":0,"parent":0,"menu_order":0,"comment_status":"open","ping_status":"open","template":"","meta":{"footnotes":""},"class_list":["post-17","page","type-page","status-publish","hentry"],"_links":{"self":[{"href":"https:\/\/nucleos.uepb.edu.br\/neas\/wp-json\/wp\/v2\/pages\/17","targetHints":{"allow":["GET"]}}],"collection":[{"href":"https:\/\/nucleos.uepb.edu.br\/neas\/wp-json\/wp\/v2\/pages"}],"about":[{"href":"https:\/\/nucleos.uepb.edu.br\/neas\/wp-json\/wp\/v2\/types\/page"}],"author":[{"embeddable":true,"href":"https:\/\/nucleos.uepb.edu.br\/neas\/wp-json\/wp\/v2\/users\/11"}],"replies":[{"embeddable":true,"href":"https:\/\/nucleos.uepb.edu.br\/neas\/wp-json\/wp\/v2\/comments?post=17"}],"version-history":[{"count":0,"href":"https:\/\/nucleos.uepb.edu.br\/neas\/wp-json\/wp\/v2\/pages\/17\/revisions"}],"wp:attachment":[{"href":"https:\/\/nucleos.uepb.edu.br\/neas\/wp-json\/wp\/v2\/media?parent=17"}],"curies":[{"name":"wp","href":"https:\/\/api.w.org\/{rel}","templated":true}]}}