{"id":20,"date":"2014-03-20T14:24:52","date_gmt":"2014-03-20T14:24:52","guid":{"rendered":"http:\/\/sites.uepb.edu.br\/circularsaude\/?page_id=20"},"modified":"2014-03-20T14:24:52","modified_gmt":"2014-03-20T14:24:52","slug":"endocrino","status":"publish","type":"page","link":"https:\/\/nucleos.uepb.edu.br\/neas\/endocrino\/","title":{"rendered":"End\u00f3crino"},"content":{"rendered":"<p>O Sistema End\u00f3crino \u00e9 formado pelo conjunto de Gl\u00e2ndulas End\u00f3crinas, as quais s\u00e3o respons\u00e1veis pela secre\u00e7\u00e3o de subst\u00e2ncia denominadas Horm\u00f4nios. Do grego endos\u00a0 = dentro e\u00a0 krynos = secre\u00e7\u00e3o, s\u00e3o assim chamados por que lan\u00e7am sua secre\u00e7\u00e3o diretamente no sangue, por onde eles atingem todas as c\u00e9lulas do corpo.<\/p>\n<p>As principais gl\u00e2ndulas do corpo s\u00e3o: Hipot\u00e1lamo, Hip\u00f3fise, Tire\u00f3ide, Paratire\u00f3ide, P\u00e2ncreas, Adrenais, Ov\u00e1rios e Test\u00edculos. Cada horm\u00f4nio atua apenas sobre alguns tipos de c\u00e9lulas, denominadas c\u00e9lulas-alvo. Estas possuem receptores capazes de se combinar especificamente com as mol\u00e9culas do horm\u00f4nio. \u00c9 apenas quando a combina\u00e7\u00e3o correta ocorre as c\u00e9lulas-alvo exibem as respostas caracter\u00edsticas da a\u00e7\u00e3o hormonal, como por exemplo a liga\u00e7\u00e3o da Insulina que promove a entrada da Glicose nas c\u00e9lulas para gerar energia.<\/p>\n<p>O <strong>Diabetes Mellitus<\/strong> \u00e9 uma doen\u00e7a que afeta o sistema end\u00f3crino e que \u00e9 causada pela defici\u00eancia na produ\u00e7\u00e3o ou na a\u00e7\u00e3o da insulina, resultando em excesso de glicose no sangue (hiperglicemia), com altera\u00e7\u00f5es no metabolismo de a\u00e7\u00facares, gorduras e prote\u00ednas. Podendo evoluir com complica\u00e7\u00f5es oculares, renais, vasculares, dentre outras. Existem dois tipos de Diabetes:<\/p>\n<p><strong>Tipo 1<\/strong>: ocorre defici\u00eancia absoluta de insulina, necessitando fazer uso da mesma diariamente de forma injet\u00e1vel.<\/p>\n<p><strong>Tipo 2<\/strong>: o P\u00e2ncreas diminui a produ\u00e7\u00e3o de insulina ou a insulina produzida n\u00e3o \u00e9 bem aproveitada. O in\u00edcio dos sintomas \u00e9 lento, podendo permanecer assintom\u00e1tico por longos per\u00edodos, levando \u00e0 complica\u00e7\u00f5es cr\u00f4nicas e o paciente faz uso de medicamentos hipoglicemiantes orais.<\/p>\n<p><strong>Fatores de Risco:<\/strong><\/p>\n<p>Idade maior ou igual a 45 anos;<br \/>\nHist\u00f3rico familiar;<br \/>\nSedentarismo e Obesidade;<br \/>\nHipertens\u00e3o arterial;<br \/>\nTriglicer\u00eddeos elevados;<br \/>\nDoen\u00e7a card\u00edacas;<br \/>\nUso de medicamentos que aumentam a glicose<\/p>\n<p><strong>Sinais e Sintomas:<\/strong><\/p>\n<p>Muita sede;<br \/>\nAumento do volume da urina;<br \/>\nPerda de peso;<br \/>\nFome exagerada;<br \/>\nFadiga, fraqueza e tonturas;<br \/>\nDores e edemas nas pernas;<br \/>\nMachucados que demoram a cicatrizar;<\/p>\n<p><strong>Complica\u00e7\u00f5es Cr\u00f4nicas:<\/strong><\/p>\n<p>Problemas na Vis\u00e3o<br \/>\nDoen\u00e7as Renais e Card\u00edacas<br \/>\nAumento de infec\u00e7\u00f5es<br \/>\nDerrame Cerebral<br \/>\nGangrena<br \/>\nImpot\u00eancia Sexual<\/p>\n<p><strong>Diagn\u00f3stico:<\/strong><\/p>\n<p>O diagn\u00f3stico laboratorial do Diabetes Mellitus \u00e9 estabelecido pela medida da glicemia no sangue, ap\u00f3s um jejum de 8 a 12 horas.<br \/>\nEm decorr\u00eancia do fato de que uma grande percentagem de pacientes com DM tipo II descobre sua doen\u00e7a muito tardiamente, j\u00e1 com graves complica\u00e7\u00f5es cr\u00f4nicas, tem se recomendado o diagn\u00f3stico precoce e o rastreamento da doen\u00e7a em v\u00e1rias situa\u00e7\u00f5es.<\/p>\n<p>Valores de Refer\u00eancia (mg\/dl)<br \/>\nEm Jejum de 8 a 12 horas<br \/>\nNormal&#8230;&#8230;&#8230;&#8230;&#8230;&#8230;&#8230;&#8230;&#8230;&#8230;.60 a 99<br \/>\nPr\u00e9-Disposi\u00e7\u00e3o a Diabetes&#8230;&#8230;&#8230;&#8230;de 100 a 125<br \/>\nPoss\u00edvel Diabetes&#8230;&#8230;&#8230;&#8230;&#8230;&#8230;..A partir de 126<\/p>\n<p>N\u00e3o jejum ou p\u00f3s-prandial:<br \/>\nNormal&#8230;&#8230;&#8230;&#8230;&#8230;&#8230;&#8230;&#8230;&#8230;&#8230;.abaixo de 140<br \/>\nPoss\u00edvel Diabetes&#8230;&#8230;&#8230;&#8230;&#8230;&#8230;..acima de 140<\/p>\n<p><strong>Tratamento:<\/strong><\/p>\n<p>Mudan\u00e7a nos h\u00e1bitos alimentares com dieta correta para normalizar a glicemia, prevenir complica\u00e7\u00f5es agudas e cr\u00f4nicas, evitar v\u00edcios como o fumo e bebidas alco\u00f3licas, pr\u00e1tica de esportes e atividades f\u00edsicas. O tratamento farmacol\u00f3gico \u00e9 atrav\u00e9s de medicamentos hipoglicemiantes orais, anti-hiperglicemiantes e aplica\u00e7\u00e3o de insulina end\u00f3gena injet\u00e1vel.<\/p>\n","protected":false},"excerpt":{"rendered":"<p>O Sistema End\u00f3crino \u00e9 formado pelo conjunto de Gl\u00e2ndulas End\u00f3crinas, as quais s\u00e3o respons\u00e1veis pela secre\u00e7\u00e3o de subst\u00e2ncia denominadas Horm\u00f4nios. Do grego endos\u00a0 = dentro e\u00a0 krynos = secre\u00e7\u00e3o, s\u00e3o assim chamados por que lan\u00e7am sua secre\u00e7\u00e3o diretamente no sangue, por onde eles atingem todas as c\u00e9lulas do corpo. As principais gl\u00e2ndulas do corpo s\u00e3o: <a class=\"leiamais\" href=\"https:\/\/nucleos.uepb.edu.br\/neas\/endocrino\/\">Leia Mais&#8230;<\/a><\/p>\n","protected":false},"author":11,"featured_media":0,"parent":0,"menu_order":0,"comment_status":"open","ping_status":"open","template":"","meta":{"footnotes":""},"class_list":["post-20","page","type-page","status-publish","hentry"],"_links":{"self":[{"href":"https:\/\/nucleos.uepb.edu.br\/neas\/wp-json\/wp\/v2\/pages\/20","targetHints":{"allow":["GET"]}}],"collection":[{"href":"https:\/\/nucleos.uepb.edu.br\/neas\/wp-json\/wp\/v2\/pages"}],"about":[{"href":"https:\/\/nucleos.uepb.edu.br\/neas\/wp-json\/wp\/v2\/types\/page"}],"author":[{"embeddable":true,"href":"https:\/\/nucleos.uepb.edu.br\/neas\/wp-json\/wp\/v2\/users\/11"}],"replies":[{"embeddable":true,"href":"https:\/\/nucleos.uepb.edu.br\/neas\/wp-json\/wp\/v2\/comments?post=20"}],"version-history":[{"count":0,"href":"https:\/\/nucleos.uepb.edu.br\/neas\/wp-json\/wp\/v2\/pages\/20\/revisions"}],"wp:attachment":[{"href":"https:\/\/nucleos.uepb.edu.br\/neas\/wp-json\/wp\/v2\/media?parent=20"}],"curies":[{"name":"wp","href":"https:\/\/api.w.org\/{rel}","templated":true}]}}