{"id":26,"date":"2014-03-20T14:25:46","date_gmt":"2014-03-20T14:25:46","guid":{"rendered":"http:\/\/sites.uepb.edu.br\/circularsaude\/?page_id=26"},"modified":"2014-03-20T14:25:46","modified_gmt":"2014-03-20T14:25:46","slug":"reprodutor","status":"publish","type":"page","link":"https:\/\/nucleos.uepb.edu.br\/neas\/reprodutor\/","title":{"rendered":"Reprodutor"},"content":{"rendered":"<p><strong>Introdu\u00e7\u00e3o<\/strong><\/p>\n<p>O sistema reprodutor \u00e9 um termo aplicado a um grupo de \u00f3rg\u00e3os necess\u00e1rios ou acess\u00f3rios aos processos de reprodu\u00e7\u00e3o. As unidades b\u00e1sicas da reprodu\u00e7\u00e3o sexual s\u00e3o as c\u00e9lulas germinais masculinas e femininas.<\/p>\n<p>Ciclo de resposta sexual dividido em quatro fases:<\/p>\n<p>Inicio da resposta sexual, o p\u00eanis e o clit\u00f3ris sofrem ere\u00e7\u00e3o. Na mulher, os l\u00e1bios vulvares intumescem, os mamilos se eri\u00e7am, a vagina se alonga e passa a produzir uma secre\u00e7\u00e3o lubrificante.<\/p>\n<p><strong>Fase de Estabiliza\u00e7\u00e3o<\/strong><\/p>\n<p>A circula\u00e7\u00e3o sangu\u00ednea nos \u00f3rg\u00e3os genitais e a tens\u00e3o muscular aumentam. A por\u00e7\u00e3o interna da vagina expande-se e o \u00fatero eleva-se, se preparando para receber o esperma. Os movimentos respirat\u00f3rios aumentam e o batimento card\u00edaco acelera. A c\u00f3pula ou coito, que \u00e9 a introdu\u00e7\u00e3o do p\u00eanis na vagina, leva ao orgasmo.<\/p>\n<p><strong>Fase de Orgasmo<\/strong><\/p>\n<p>\u00c9 o cl\u00edmax da excita\u00e7\u00e3o sexual e se caracteriza pelas contra\u00e7\u00f5es r\u00edtmicas e involunt\u00e1rias dos \u00f3rg\u00e3os do sistema reprodutor de ambos os sexos. No homem, durante o orgasmo, as contra\u00e7\u00f5es das gl\u00e2ndulas acess\u00f3rias e os dutos esperm\u00e1ticos trazem o esperma at\u00e9 a uretra, ocorrendo a ejacula\u00e7\u00e3o em seguida. No orgasmo feminino, o \u00fatero e a por\u00e7\u00e3o mais externa da vagina tamb\u00e9m se contraem.<\/p>\n<p><strong>Fase de Dissolu\u00e7\u00e3o<\/strong><\/p>\n<p>A musculatura se relaxa, os \u00f3rg\u00e3os come\u00e7am a voltar ao normal. A maioria dos homens apresenta ap\u00f3s o orgasmo, um per\u00edodo refrat\u00f3rio onde n\u00e3o ocorre resposta ao est\u00edmulo sexual. A dura\u00e7\u00e3o desse per\u00edodo varia em diferentes indiv\u00edduos e situa\u00e7\u00f5es. J\u00e1 a maioria das mulheres, pode repetir o ciclo sexual imediatamente se for estimulada.<\/p>\n<p><strong>Fecunda\u00e7\u00e3o<\/strong><\/p>\n<p>Os espermatoz\u00f3ides depositados no fundo da vagina no ato sexual, nadam para o interior do \u00fatero, de onde atingem os ovidutos. Durante a viagem \u00e0 trompa, muitos espermatoz\u00f3ides morrem, devido as condi\u00e7\u00f5es desfavor\u00e1veis de acidez ou s\u00e3o devorados por macr\u00f3fagos, c\u00e9lulas respons\u00e1veis pela limpeza do sistema reprodutor feminino. Mesmo assim, milhares de espermatoz\u00f3ides atingem o \u00f3vulo.<\/p>\n<p>O primeiro espermatoz\u00f3ide a tocar na membrana do \u00f3vulo, penetra, fen\u00f4meno denominado fecunda\u00e7\u00e3o ou fertiliza\u00e7\u00e3o. O \u00f3vulo estimulado pela entrada do gameta masculino, completa a meiose e elimina o segundo corp\u00fasculo polar. Finalmente o pron\u00facleo masculino se funde ao n\u00facleo do \u00f3vulo, originando o n\u00facleo do zigoto.<\/p>\n<p><strong>Embri\u00e3o<\/strong><\/p>\n<p>O desenvolvimento embrion\u00e1rio tem in\u00edcio ainda na trompa, logo ap\u00f3s a fertiliza\u00e7\u00e3o. Cerca de 24h ap\u00f3s a penetra\u00e7\u00e3o do espermatoz\u00f3ide, o zigoto se divide, formando as duas primeiras c\u00e9lulas embrion\u00e1rias, que se dividem novamente, produzindo quatro c\u00e9lulas, que se dividem produzindo oito e assim sucessivamente. As divis\u00f5es celulares continuam ocorrendo \u00e0 medida que o embri\u00e3o se desloca pela trompa em dire\u00e7\u00e3o ao \u00fatero, depois de 3 dias ap\u00f3s a fecunda\u00e7\u00e3o.<\/p>\n<p>Ap\u00f3s permanecer livre na cavidade uterina por cerca de 3 a 4 dias, nutrindo-se de subst\u00e2ncias produzidas por gl\u00e2ndulas do endom\u00e9trio, o embri\u00e3o ent\u00e3o, implanta-se na mucosa uterina, processo chamado de nida\u00e7\u00e3o.<\/p>\n<p>http:\/\/www.webciencia.com\/11_31reprodut.htm<\/p>\n","protected":false},"excerpt":{"rendered":"<p>Introdu\u00e7\u00e3o O sistema reprodutor \u00e9 um termo aplicado a um grupo de \u00f3rg\u00e3os necess\u00e1rios ou acess\u00f3rios aos processos de reprodu\u00e7\u00e3o. As unidades b\u00e1sicas da reprodu\u00e7\u00e3o sexual s\u00e3o as c\u00e9lulas germinais masculinas e femininas. Ciclo de resposta sexual dividido em quatro fases: Inicio da resposta sexual, o p\u00eanis e o clit\u00f3ris sofrem ere\u00e7\u00e3o. Na mulher, os <a class=\"leiamais\" href=\"https:\/\/nucleos.uepb.edu.br\/neas\/reprodutor\/\">Leia Mais&#8230;<\/a><\/p>\n","protected":false},"author":11,"featured_media":0,"parent":0,"menu_order":0,"comment_status":"open","ping_status":"open","template":"","meta":{"footnotes":""},"class_list":["post-26","page","type-page","status-publish","hentry"],"_links":{"self":[{"href":"https:\/\/nucleos.uepb.edu.br\/neas\/wp-json\/wp\/v2\/pages\/26","targetHints":{"allow":["GET"]}}],"collection":[{"href":"https:\/\/nucleos.uepb.edu.br\/neas\/wp-json\/wp\/v2\/pages"}],"about":[{"href":"https:\/\/nucleos.uepb.edu.br\/neas\/wp-json\/wp\/v2\/types\/page"}],"author":[{"embeddable":true,"href":"https:\/\/nucleos.uepb.edu.br\/neas\/wp-json\/wp\/v2\/users\/11"}],"replies":[{"embeddable":true,"href":"https:\/\/nucleos.uepb.edu.br\/neas\/wp-json\/wp\/v2\/comments?post=26"}],"version-history":[{"count":0,"href":"https:\/\/nucleos.uepb.edu.br\/neas\/wp-json\/wp\/v2\/pages\/26\/revisions"}],"wp:attachment":[{"href":"https:\/\/nucleos.uepb.edu.br\/neas\/wp-json\/wp\/v2\/media?parent=26"}],"curies":[{"name":"wp","href":"https:\/\/api.w.org\/{rel}","templated":true}]}}