{"id":28,"date":"2014-03-20T14:26:02","date_gmt":"2014-03-20T14:26:02","guid":{"rendered":"http:\/\/sites.uepb.edu.br\/circularsaude\/?page_id=28"},"modified":"2014-03-20T14:26:02","modified_gmt":"2014-03-20T14:26:02","slug":"respiratorio","status":"publish","type":"page","link":"https:\/\/nucleos.uepb.edu.br\/neas\/respiratorio\/","title":{"rendered":"Respirat\u00f3rio"},"content":{"rendered":"<p><strong>Aparelho Respirat\u00f3rio<\/strong><\/p>\n<p>O aparelho respirat\u00f3rio \u00e9 respons\u00e1vel pela respira\u00e7\u00e3o mec\u00e2nica, ou seja, processo de passagem de ar que possibilita a troca gasosa (absor\u00e7\u00e3o de O2 e elimina\u00e7\u00e3o de CO2) o qual ocorre entre o sangue e o meio externo, denominando-se hematose. Para que esta fun\u00e7\u00e3o seja exercida com sucesso, o aparelho respirat\u00f3rio possui \u00f3rg\u00e3os que permitem a passagem de ar, garantem que este esteja isento de material nocivo (micr\u00f3bios, poeira) e proporciona a troca gasosa. Estes \u00f3rg\u00e3os s\u00e3o: nariz, boca, laringe, traqu\u00e9ia, e pulm\u00f5es, estes \u00faltimos ramificam-se em br\u00f4nquios, bronqu\u00edolos e alv\u00e9olos.<\/p>\n<p>Al\u00e9m desta fun\u00e7\u00e3o primordial, o aparelho respirat\u00f3rio apresenta mecanismos inespec\u00edficos de defesa representado pela mucosa revestida por c\u00e9lulas ciliadas e por muco. Os batimentos coordenados dos c\u00edlios levam o muco ao nariz e \u00e0 boca, de onde as bact\u00e9rias aprisionadas podem ser expelidas. Outro mecanismo envolve os macr\u00f3fagos alveolares que fazem parte do sistema mononuclear fagoc\u00edtico.<\/p>\n<p>Por constituir \u201cporta de entrada\u201d do organismo, o aparelho respirat\u00f3rio pode ser acometido por muitas doen\u00e7as infecciosas e cr\u00f4nicas. As infec\u00e7\u00f5es respirat\u00f3rias prim\u00e1rias, como bronquite, broncopneumonia e outras formas de pneumonia, s\u00e3o de ocorr\u00eancia comum na pr\u00e1tica cl\u00ednica e patol\u00f3gica. A incid\u00eancia de neoplasias malignas dos pulm\u00f5es tem aumentado. Al\u00e9m disso, os pulm\u00f5es est\u00e3o secundariamente afetados por quase todas as formas de doen\u00e7as terminais como o enfisema pulmonar. Isto pode ser conseq\u00fc\u00eancia do tabagismo, polui\u00e7\u00e3o do ar e outros inalantes ambientais.<\/p>\n<p>Uma patologia que atinge especialmente os pulm\u00f5es \u00e9 a tuberculose, doen\u00e7a infecciosa adquirida quando uma pessoa sadia inala got\u00edculas dispersas no ar de secre\u00e7\u00e3o respirat\u00f3ria do indiv\u00edduo doente, ou seja, got\u00edculas contaminadas com a bact\u00e9ria Mycobacterium tuberculosis. Apesar de altamente contagiosa, a tuberculose \u00e9 cur\u00e1vel e pode ser facilmente prevenida. Seu tratamento \u00e9 feito com antibi\u00f3ticos, geralmente mais de um, de modo a driblar a resist\u00eancia da bact\u00e9ria, como o sistema RHZ (Rifampicina + isoniazida + pirazinamida). A preven\u00e7\u00e3o consiste basicamente em detectar e tratar todos, controlar os comunicantes (pessoas que t\u00eam contato \u00edntimo com o doente) al\u00e9m da vacina\u00e7\u00e3o com BCG no rec\u00e9m nascido, protege as crian\u00e7as e adultos contra formas graves de tuberculose.<\/p>\n<p>No entanto, a tuberculose ainda \u00e9 a doen\u00e7a infecciosa que mais mata no mundo, levando ao \u00f3bito aproximadamente 3 milh\u00f5es por ano. Isto ocorre por v\u00e1rios motivos: muitos pacientes n\u00e3o cumprem corretamente o regime de tratamento, que geralmente \u00e9 de 6 meses, pacientes soropositivos n\u00e3o podem combater naturalmente a infec\u00e7\u00e3o. Al\u00e9m disso, alco\u00f3latras, viciados em drogas, idosos, pessoas com idade avan\u00e7ada, desnutridas, e certos grupos com predisposi\u00e7\u00e3o gen\u00e9tica s\u00e3o suscept\u00edveis \u00e0 infec\u00e7\u00e3o. A patogenicidade do M. tuberculosis est\u00e1 relacionada \u00e0 sua capacidade de evadir da destrui\u00e7\u00e3o por macr\u00f3fagos e induzir hipersensibilidade do tipo tardio.<\/p>\n<p>Os principais sinais e sintomas da tuberculose s\u00e3o: tosse com escarro ou sangramento, febre, suor excessivo, perda de peso, perda de apetite&#8230; Diante destes sintomas, o diagn\u00f3stico deve ser executado rapidamente, o qual consiste primariamente na baciloscopia do escarro, podendo ser feito tamb\u00e9m uma radiologia do t\u00f3rax.<\/p>\n<p>Portanto, apesar de ter tido sua epidemia controlada pelo desenvolvimento de antibi\u00f3ticos a partir da segunda metade do s\u00e9culo XIX, hoje a tuberculose ainda \u00e9 um problema de sa\u00fade p\u00fablica e alta incid\u00eancia no mundo, especialmente em pa\u00edses onde h\u00e1 muita pobreza, promiscuidade, desnutri\u00e7\u00e3o, m\u00e1 condi\u00e7\u00e3o de higiene e um sistema de sa\u00fade p\u00fablica deficiente.<\/p>\n","protected":false},"excerpt":{"rendered":"<p>Aparelho Respirat\u00f3rio O aparelho respirat\u00f3rio \u00e9 respons\u00e1vel pela respira\u00e7\u00e3o mec\u00e2nica, ou seja, processo de passagem de ar que possibilita a troca gasosa (absor\u00e7\u00e3o de O2 e elimina\u00e7\u00e3o de CO2) o qual ocorre entre o sangue e o meio externo, denominando-se hematose. Para que esta fun\u00e7\u00e3o seja exercida com sucesso, o aparelho respirat\u00f3rio possui \u00f3rg\u00e3os que <a class=\"leiamais\" href=\"https:\/\/nucleos.uepb.edu.br\/neas\/respiratorio\/\">Leia Mais&#8230;<\/a><\/p>\n","protected":false},"author":11,"featured_media":0,"parent":0,"menu_order":0,"comment_status":"open","ping_status":"open","template":"","meta":{"footnotes":""},"class_list":["post-28","page","type-page","status-publish","hentry"],"_links":{"self":[{"href":"https:\/\/nucleos.uepb.edu.br\/neas\/wp-json\/wp\/v2\/pages\/28","targetHints":{"allow":["GET"]}}],"collection":[{"href":"https:\/\/nucleos.uepb.edu.br\/neas\/wp-json\/wp\/v2\/pages"}],"about":[{"href":"https:\/\/nucleos.uepb.edu.br\/neas\/wp-json\/wp\/v2\/types\/page"}],"author":[{"embeddable":true,"href":"https:\/\/nucleos.uepb.edu.br\/neas\/wp-json\/wp\/v2\/users\/11"}],"replies":[{"embeddable":true,"href":"https:\/\/nucleos.uepb.edu.br\/neas\/wp-json\/wp\/v2\/comments?post=28"}],"version-history":[{"count":0,"href":"https:\/\/nucleos.uepb.edu.br\/neas\/wp-json\/wp\/v2\/pages\/28\/revisions"}],"wp:attachment":[{"href":"https:\/\/nucleos.uepb.edu.br\/neas\/wp-json\/wp\/v2\/media?parent=28"}],"curies":[{"name":"wp","href":"https:\/\/api.w.org\/{rel}","templated":true}]}}