{"id":30,"date":"2014-03-20T14:26:20","date_gmt":"2014-03-20T14:26:20","guid":{"rendered":"http:\/\/sites.uepb.edu.br\/circularsaude\/?page_id=30"},"modified":"2014-03-20T14:26:20","modified_gmt":"2014-03-20T14:26:20","slug":"cardiovascular","status":"publish","type":"page","link":"https:\/\/nucleos.uepb.edu.br\/neas\/cardiovascular\/","title":{"rendered":"Cardiovascular"},"content":{"rendered":"<p>O sistema cardiovascular ou circulat\u00f3rio \u00e9 uma vasta rede de tubos de v\u00e1rios tipos e calibres, que p\u00f5e em comunica\u00e7\u00e3o todas as partes do corpo. Dentro desses tubos circula o sangue, impulsionado pelas contra\u00e7\u00f5es r\u00edtmicas do cora\u00e7\u00e3o.<\/p>\n<p><strong>FUN\u00c7\u00d5ES<\/strong><\/p>\n<p>O sistema circulat\u00f3rio permite que algumas atividades sejam executadas com grande efici\u00eancia:<\/p>\n<p><strong>Transporte de gases<\/strong><\/p>\n<p>Os pulm\u00f5es, respons\u00e1veis pela obten\u00e7\u00e3o de oxig\u00eanio e pela elimina\u00e7\u00e3o de di\u00f3xido de carbono, comunicam-se com os demais tecidos do corpo por meio do sangue.<\/p>\n<p><strong>Transporte de nutrientes<\/strong><\/p>\n<p>No tubo digestivo, os nutrientes resultantes da digest\u00e3o passam atrav\u00e9s de um fino epit\u00e9lio e alcan\u00e7am o sangue. Por essa verdadeira &#8220;auto-estrada&#8221;, os nutrientes s\u00e3o levados aos tecidos do corpo, nos quais se difundem para o l\u00edquido intersticial que banha as c\u00e9lulas.<\/p>\n<p><strong>Transporte de res\u00edduos metab\u00f3licos<\/strong><\/p>\n<p>A atividade metab\u00f3lica das c\u00e9lulas do corpo origina res\u00edduos, mas apenas alguns \u00f3rg\u00e3os podem elimin\u00e1-los para o meio externo. O transporte dessas subst\u00e2ncias, de onde s\u00e3o formadas at\u00e9 os \u00f3rg\u00e3os de excre\u00e7\u00e3o, \u00e9 feito pelo sangue.<br \/>\n<strong><br \/>\nTransporte de horm\u00f4nios<\/strong><\/p>\n<p>Horm\u00f4nios s\u00e3o subst\u00e2ncias secretadas por certos \u00f3rg\u00e3os, distribu\u00eddas pelo sangue e capazes de modificar o funcionamento de outros \u00f3rg\u00e3os do corpo. A colecistocinina, por exemplo, \u00e9 produzida pelo duodeno, durante a passagem do alimento, e lan\u00e7ada no sangue. Um de seus efeitos \u00e9 estimular a contra\u00e7\u00e3o da ves\u00edcula biliar e a libera\u00e7\u00e3o da bile no duodeno.<\/p>\n<p><strong>Interc\u00e2mbio de materiais<\/strong><\/p>\n<p>Algumas subst\u00e2ncias s\u00e3o produzidas ou armazenadas em uma parte do corpo e utilizadas em outra parte. C\u00e9lulas do f\u00edgado, por exemplo, armazenam mol\u00e9culas de glicog\u00eanio, que, ao serem quebradas, liberam glicose, que o sangue leva para outras c\u00e9lulas do corpo.<\/p>\n<p><strong>Transporte de calor<\/strong><\/p>\n<p>O sangue tamb\u00e9m \u00e9 utilizado na distribui\u00e7\u00e3o homog\u00eanea de calor pelas diversas partes do organismo, colaborando na manuten\u00e7\u00e3o de uma temperatura adequada em todas as regi\u00f5es; permite ainda levar calor at\u00e9 a superf\u00edcie corporal, onde pode ser dissipado.<\/p>\n<p><strong>Distribui\u00e7\u00e3o de mecanismos de defesa<\/strong><\/p>\n<p>Pelo sangue circulam anticorpos e c\u00e9lulas fagocit\u00e1rias, componentes da defesa contra agentes infecciosos.<\/p>\n<p><strong>Coagula\u00e7\u00e3o sang\u00fc\u00ednea<\/strong><\/p>\n<p>Pelo sangue circulam as plaquetas, peda\u00e7os de um tipo celular da medula \u00f3ssea (megacari\u00f3cito), com fun\u00e7\u00e3o na coagula\u00e7\u00e3o sang\u00fc\u00ednea. O sangue cont\u00e9m ainda fatores de coagula\u00e7\u00e3o, capazes de bloquear eventuais vazamentos em caso de rompimento de um vaso sang\u00fc\u00edneo.<\/p>\n<p>Fonte: www.afh.bio.br<\/p>\n<p><strong>SISTEMA CARDIOVASCULAR<\/strong><\/p>\n<p><strong>Sistema de Purkinje<\/strong><\/p>\n<p>A ritmicidade pr\u00f3pria do cora\u00e7\u00e3o, assim como o sincronismo na contra\u00e7\u00e3o de suas c\u00e2maras, \u00e9 feito gra\u00e7as um interessante sistema condutor e excitat\u00f3rio presente no tecido card\u00edaco: O Sistema de Purkinje. Este sistema \u00e9 formado por fibras auto-excit\u00e1veis e que se distribuem de forma bastante organizada pela massa muscular card\u00edaca.<\/p>\n<p>Podemos conferir, na ilustra\u00e7\u00e3o abaixo, como se distribuem as diversas fibras que formam o Sistema de Purkinje:<\/p>\n<p><strong>Nodo Sinu-Atrial (SA)<\/strong><\/p>\n<p>Tamb\u00e9m chamado nodo Sinusal, \u00e9 de onde partem os impulsos, a cada ciclo, que se distribuem por todo o restante do cora\u00e7\u00e3o. Por isso pode ser considerado o nosso marcapasso natural. Localiza-se na parede lateral do \u00e1trio direito, pr\u00f3ximo \u00e0 abertura da veia cava superior.<\/p>\n<p>Apresenta uma freq\u00fc\u00eancia de descarga r\u00edtmica de aproximadamente 70 despolariza\u00e7\u00f5es (e repolariza\u00e7\u00f5es) a cada minuto.<\/p>\n<p>A cada despolariza\u00e7\u00e3o forma-se uma onda de impulso que se distribui, a partir deste nodo, por toda a massa muscular que forma o sinc\u00edcio atrial, provocando a contra\u00e7\u00e3o do mesmo. Cerca de 0,04 segundos ap\u00f3s a partida do impulso do nodo SA, atrav\u00e9s de fibras denominadas internodais, o impulso chega ao Nodo AV.<\/p>\n<p><strong>Nodo Atrio-Ventricular (AV)<\/strong><\/p>\n<p>Chegando o impulso a este nodo, demorar\u00e1 aproximadamente 0,12 segundos para seguir em frente e atingir o Feixe AV, que vem logo a seguir. Portanto este nodo, localizado em uma regi\u00e3o bem baixa do sinc\u00edcio atrial, tem por fun\u00e7\u00e3o principal retardar a passagem do impulso antes que o mesmo atinja o sinc\u00edcio ventricular. Isto \u00e9 necess\u00e1rio para que o enchimento das c\u00e2maras ventriculares ocorra antes da contra\u00e7\u00e3o das mesmas pois, no momento em que as c\u00e2maras atriais estariam em s\u00edstole (contra\u00eddas), as ventriculares ainda estariam em di\u00e1stole (relaxadas). Ap\u00f3s a passagem, lenta, atrav\u00e9s do nodo AV, o impulso segue em frente e atinge o feixe AV.<br \/>\n<strong><br \/>\nFeixe AV<\/strong><\/p>\n<p>Atrav\u00e9s do mesmo o impulso segue com grande rapidez em frente e atinge um segmento que se divide em 2 ramos:<\/p>\n<p><strong>Ramos Direito e Esquerdo do Feixe de Hiss<\/strong><\/p>\n<p>Atrav\u00e9s destes ramos, paralelamente, o impulso segue com grande rapidez em dire\u00e7\u00e3o ao \u00e1pice do cora\u00e7\u00e3o, acompanhando o septo interventricular.<\/p>\n<p>Ao atingir o \u00e1pice do cora\u00e7\u00e3o, cada ramo segue, numa volta de quase 180 graus, em dire\u00e7\u00e3o \u00e0 base do cora\u00e7\u00e3o, desta vez seguindo a parede lateral de cada ventr\u00edculo. Note que cada ramo emite uma grande quantidade de ramifica\u00e7\u00f5es.<\/p>\n<p>Estas t\u00eam por finalidade otimizar a chegada dos impulsos atrav\u00e9s da maior quantidade poss\u00edvel e no mais curto espa\u00e7o de tempo poss\u00edvel por todo o sinc\u00edcio ventricular. Com a chegada dos impulsos no sinc\u00edcio ventricular, rapidamente e com uma grande for\u00e7a, ocorre a contra\u00e7\u00e3o de todas as suas fibras.<\/p>\n<p>A contra\u00e7\u00e3o das c\u00e2maras ventriculares reduz acentuadamente o volume das mesmas, o que faz com que um consider\u00e1vel volume de sangue seja ejetado, do ventr\u00edculo direito para a art\u00e9ria pulmonar e, do ventr\u00edculo esquerdo para a art\u00e9ria aorta.<\/p>\n<p>Algo interessante de se verificar no m\u00fasculo card\u00edaco \u00e9 a forma como suas suas fibras se disp\u00f5em, umas junto \u00e0s outras, juntando-se e separando-se entre si.<\/p>\n<p>Uma grande vantagem neste tipo de disposi\u00e7\u00e3o de fibras \u00e9 que o impulso, uma vez atingindo uma c\u00e9lula, passa com grande facilidade \u00e0s outras que comp\u00f5em o mesmo conjunto, atingindo-o por completo ap\u00f3s alguns cent\u00e9simos de segundos. A este conjunto de fibras, unidas entre si, damos o nome de sinc\u00edcio. Portanto podemos dizer que existe uma natureza sincicial no m\u00fasculo card\u00edaco.<\/p>\n<p>Existem, na verdade, 2 sinc\u00edcios funcionais formando o cora\u00e7\u00e3o: Um sinc\u00edcio atrial e um sinc\u00edcio ventricular. Um sinc\u00edcio \u00e9 separado do outro por uma camada de tecido fibroso. Isto possibilita que a contra\u00e7\u00e3o nas fibras que comp\u00f5em o sinc\u00edcio atrial ocorra num tempo diferente da que ocorre no sinc\u00edcio ventricular.<\/p>\n<p>Fonte: www.geocities.com<\/p>\n","protected":false},"excerpt":{"rendered":"<p>O sistema cardiovascular ou circulat\u00f3rio \u00e9 uma vasta rede de tubos de v\u00e1rios tipos e calibres, que p\u00f5e em comunica\u00e7\u00e3o todas as partes do corpo. Dentro desses tubos circula o sangue, impulsionado pelas contra\u00e7\u00f5es r\u00edtmicas do cora\u00e7\u00e3o. FUN\u00c7\u00d5ES O sistema circulat\u00f3rio permite que algumas atividades sejam executadas com grande efici\u00eancia: Transporte de gases Os pulm\u00f5es, <a class=\"leiamais\" href=\"https:\/\/nucleos.uepb.edu.br\/neas\/cardiovascular\/\">Leia Mais&#8230;<\/a><\/p>\n","protected":false},"author":11,"featured_media":0,"parent":0,"menu_order":0,"comment_status":"open","ping_status":"open","template":"","meta":{"footnotes":""},"class_list":["post-30","page","type-page","status-publish","hentry"],"_links":{"self":[{"href":"https:\/\/nucleos.uepb.edu.br\/neas\/wp-json\/wp\/v2\/pages\/30","targetHints":{"allow":["GET"]}}],"collection":[{"href":"https:\/\/nucleos.uepb.edu.br\/neas\/wp-json\/wp\/v2\/pages"}],"about":[{"href":"https:\/\/nucleos.uepb.edu.br\/neas\/wp-json\/wp\/v2\/types\/page"}],"author":[{"embeddable":true,"href":"https:\/\/nucleos.uepb.edu.br\/neas\/wp-json\/wp\/v2\/users\/11"}],"replies":[{"embeddable":true,"href":"https:\/\/nucleos.uepb.edu.br\/neas\/wp-json\/wp\/v2\/comments?post=30"}],"version-history":[{"count":0,"href":"https:\/\/nucleos.uepb.edu.br\/neas\/wp-json\/wp\/v2\/pages\/30\/revisions"}],"wp:attachment":[{"href":"https:\/\/nucleos.uepb.edu.br\/neas\/wp-json\/wp\/v2\/media?parent=30"}],"curies":[{"name":"wp","href":"https:\/\/api.w.org\/{rel}","templated":true}]}}