{"id":38,"date":"2014-03-20T14:29:08","date_gmt":"2014-03-20T14:29:08","guid":{"rendered":"http:\/\/sites.uepb.edu.br\/circularsaude\/?page_id=38"},"modified":"2022-05-25T09:27:19","modified_gmt":"2022-05-25T12:27:19","slug":"idealizacao","status":"publish","type":"page","link":"https:\/\/nucleos.uepb.edu.br\/neas\/idealizacao\/","title":{"rendered":"Idealiza\u00e7\u00e3o"},"content":{"rendered":"<p><strong><img loading=\"lazy\" decoding=\"async\" class=\"wp-image-1542 alignleft img-responsive\" src=\"https:\/\/nucleos.uepb.edu.br\/neas\/wp-content\/uploads\/sites\/8\/2014\/03\/servletrecuperafoto.jpg\" alt=\"\" width=\"145\" height=\"268\" \/>Cl\u00e9sia Oliveira Pach\u00fa <\/strong>(Professora Coordenadora)<\/p>\n<p>Graduada em Farm\u00e1cia (1991), com habilita\u00e7\u00e3o em An\u00e1lises Cl\u00ednicas (1992) e Industrial (2009), bacharela em Direito (2007) pela Universidade Estadual da Para\u00edba , mestre em Produtos Naturais e Sint\u00e9ticos Bioativos (Psicofarmacologia e Qu\u00edmica) pela Universidade Federal da Para\u00edba (1994) e Doutora em Engenharia de Processos (Desenvolvimento de processos) pela Universidade Federal de Campina Grande\/PB (2007). Atualmente \u00e9 professora doutora da Universidade Estadual da Para\u00edba e cursa p\u00f3s-gradua\u00e7\u00e3o em Gest\u00e3o de Organiza\u00e7\u00f5es P\u00fablicas na UEPB. Tem experi\u00eancia na \u00e1rea de Fisiopatologia, depend\u00eancia qu\u00edmica e Processamento de Plantas Medicinais realizando interven\u00e7\u00f5es em comunidades. Coordena o N\u00facleo de Educa\u00e7\u00e3o e Aten\u00e7\u00e3o em Sa\u00fade da Universidade Estadual da Para\u00edba (NEAS-UEPB), e o Programa Educa\u00e7\u00e3o e Preven\u00e7\u00e3o ao Uso de \u00c1lcool, Tabaco e outras Drogas da Universidade Estadual da Para\u00edba (PEPAD-UEPB). L\u00edder do Grupo de Estudos e Pesquisas em Sa\u00fade\/Doen\u00e7a e Direitos Sociais da Universidade Estadual da Para\u00edba (GEPSADDS-UEPB) e membro do grupo de Pesquisa em Meios Porosos e Sistemas Particulados da UFCG.<\/p>\n","protected":false},"excerpt":{"rendered":"<p>Cl\u00e9sia Oliveira Pach\u00fa (Professora Coordenadora) Graduada em Farm\u00e1cia (1991), com habilita\u00e7\u00e3o em An\u00e1lises Cl\u00ednicas (1992) e Industrial (2009), bacharela em Direito (2007) pela Universidade Estadual da Para\u00edba , mestre em Produtos Naturais e Sint\u00e9ticos Bioativos (Psicofarmacologia e Qu\u00edmica) pela Universidade Federal da Para\u00edba (1994) e Doutora em Engenharia de Processos (Desenvolvimento de processos) pela Universidade <a class=\"leiamais\" href=\"https:\/\/nucleos.uepb.edu.br\/neas\/idealizacao\/\">Leia Mais&#8230;<\/a><\/p>\n","protected":false},"author":11,"featured_media":0,"parent":0,"menu_order":0,"comment_status":"open","ping_status":"open","template":"","meta":{"footnotes":""},"class_list":["post-38","page","type-page","status-publish","hentry"],"_links":{"self":[{"href":"https:\/\/nucleos.uepb.edu.br\/neas\/wp-json\/wp\/v2\/pages\/38","targetHints":{"allow":["GET"]}}],"collection":[{"href":"https:\/\/nucleos.uepb.edu.br\/neas\/wp-json\/wp\/v2\/pages"}],"about":[{"href":"https:\/\/nucleos.uepb.edu.br\/neas\/wp-json\/wp\/v2\/types\/page"}],"author":[{"embeddable":true,"href":"https:\/\/nucleos.uepb.edu.br\/neas\/wp-json\/wp\/v2\/users\/11"}],"replies":[{"embeddable":true,"href":"https:\/\/nucleos.uepb.edu.br\/neas\/wp-json\/wp\/v2\/comments?post=38"}],"version-history":[{"count":6,"href":"https:\/\/nucleos.uepb.edu.br\/neas\/wp-json\/wp\/v2\/pages\/38\/revisions"}],"predecessor-version":[{"id":6270,"href":"https:\/\/nucleos.uepb.edu.br\/neas\/wp-json\/wp\/v2\/pages\/38\/revisions\/6270"}],"wp:attachment":[{"href":"https:\/\/nucleos.uepb.edu.br\/neas\/wp-json\/wp\/v2\/media?parent=38"}],"curies":[{"name":"wp","href":"https:\/\/api.w.org\/{rel}","templated":true}]}}