{"id":5496,"date":"2014-03-20T14:19:00","date_gmt":"2014-03-20T14:19:00","guid":{"rendered":"http:\/\/sites.uepb.edu.br\/circularsaude\/?page_id=5"},"modified":"2022-05-25T09:24:47","modified_gmt":"2022-05-25T12:24:47","slug":"5-2","status":"publish","type":"page","link":"https:\/\/nucleos.uepb.edu.br\/neas\/5-2\/","title":{"rendered":"NEAS"},"content":{"rendered":"<p><strong>O N\u00facleo de Educa\u00e7\u00e3o e Aten\u00e7\u00e3o em Sa\u00fade (NEAS)<\/strong>, constitui-se num programa da Universidade Estadual da Para\u00edba, respons\u00e1vel pela oferta de A\u00e7\u00f5es Educativas e de Aten\u00e7\u00e3o em Sa\u00fade que tem como proposta especializar o apoio, orienta\u00e7\u00e3o e acompanhamento a indiv\u00edduos e comunidades em temas relativos ao controle de doen\u00e7as.<\/p>\n<p>O NEAS foi criado para que o acesso \u00e0 sa\u00fade seja real e ison\u00f4mico no \u00e2mbito institucional, podendo ser estendido a outras comunidades. Atrav\u00e9s do desenvolvimento de pr\u00e1ticas educativas em sa\u00fade de forma integral, humanizada e compromissada com o atendimento de necessidades e com a garantia do direito \u00e0 sa\u00fade da comunidade acad\u00eamica.<\/p>\n<p><strong>Objetivos:<\/strong><\/p>\n<ul>\n<li>Fortalecer as atividades de ensino, pesquisa e extens\u00e3o da UEPB;<\/li>\n<li>Contribuir no controle de doen\u00e7as;<\/li>\n<li>Assegurar o atendimento interdisciplinar \u00e0s comunidades carentes no sentido socioecon\u00f4mico, cultural e educacional;<\/li>\n<li>Forma\u00e7\u00e3o de talentos com reconhecido compromisso social<\/li>\n<\/ul>\n<p><strong>P\u00fablico-alvo:<\/strong><\/p>\n<ul>\n<li>Crian\u00e7as, adolescentes, jovens, mulheres, pessoas idosas, pessoas com defici\u00eancia, e suas fam\u00edlias, que vivenciam situa\u00e7\u00f5es de risco a sa\u00fade. Al\u00e9m de estudantes da pr\u00f3pria institui\u00e7\u00e3o.<\/li>\n<\/ul>\n<p>O NEAS presta diretamente os seguintes servi\u00e7os de natureza especializada e continuada:<\/p>\n<ul>\n<li>Educa\u00e7\u00e3o e Preven\u00e7\u00e3o ao Uso de \u00c1lcool, Tabaco e Outras Drogas: aborda desde a educa\u00e7\u00e3o e preven\u00e7\u00e3o do uso de drogas em escolas p\u00fablicas, at\u00e9 o grupo de tratamento de tabagismo aberto ao p\u00fablico alvo da cidade de Campina Grande.<\/li>\n<li>A\u00e7\u00f5es Educativas em Sa\u00fade &#8211; doen\u00e7as cr\u00f4nicas: apresenta discuss\u00f5es, em escolas p\u00fablicas, sobre doen\u00e7as cr\u00f4nicas como obesidade, diabetes, hipertens\u00e3o, dentre outras doen\u00e7as.<\/li>\n<li>Plantas medicinais e sistemas org\u00e2nicos: Uma abordagem do Laborat\u00f3rio Itinerante.<\/li>\n<li>Uso emp\u00edrico de Plantas Medicinais por comunidades.<\/li>\n<li>Enriquecendo Escolas P\u00fablicas com Plantas.<\/li>\n<li>Avalia\u00e7\u00e3o da Qualidade de Vida dos Trabalhadores da UEPB.<\/li>\n<\/ul>\n<p>&nbsp;<\/p>\n<p>O NEAS foi criado e aprovado a partir da RESOLU\u00c7\u00c3O\/UEPB\/CONSUNI\/016\/2013<\/p>\n<p>Cria o N\u00facleo de Educa\u00e7\u00e3o e Aten\u00e7\u00e3o em Sa\u00fade da UEPB e d\u00e1 outras provid\u00eancias.<\/p>\n<p>CONSUNI da Universidade Estadual da Para\u00edba , no uso de suas atribui\u00e7\u00f5es que lhe s\u00e3o conferidas pelo Estatuto da Institui\u00e7\u00e3o em seu artigo 31 , inciso IX, e:<\/p>\n<p>CONSIDERANDO a necessidade dos estudos e pesquisas interdisciplinares e interdepartamentais na UEPB, com o objetivo em prestar servi\u00e7os \u00e0 comunidade atrav\u00e9s de atividades de extens\u00e3o;<\/p>\n<p>CONSIDERANDO a atualidade e relev\u00e2ncia social e acad\u00eamica do tema, que desperta interesse e demanda na busca por melhorias na sa\u00fade do trabalhador;<\/p>\n<p>CONSIDERANDO decis\u00e3o deste Conselho em reuni\u00e3o ordin\u00e1ria, realizada em 28 de maio de 2012.<\/p>\n<p>RESOLVE:<\/p>\n<p>Art. 1\u00ba \u2013 Criar o N\u00facleo de Educa\u00e7\u00e3o e Aten\u00e7\u00e3o em Sa\u00fade &#8211; NEAS da UEPB, vinculado ao Centro de Ci\u00eancias Biol\u00f3gicas e da Sa\u00fade \u2013 CCBS do C\u00e2mpus I, Campina Grande\/PB.<\/p>\n<p>Art. 2\u00b0 -As atribui\u00e7\u00f5es de funcionamento ser\u00e3o regulamentados em regimento pr\u00f3prio, debatido e aprovado em reuni\u00e3o do Conselho de Centro \u2013 COC do CCBS.<\/p>\n<p>Art. 3\u00ba &#8211; Esta resolu\u00e7\u00e3o entra em vigor na data de sua publica\u00e7\u00e3o, revogadas as disposi\u00e7\u00f5es em contr\u00e1rio.<\/p>\n<p>Campina Grande (PB) 28 de maio de 2013.<\/p>\n<p>Prof\u00b0 Antonio Guedes Rangel Junior<br \/>\nPresidente<\/p>\n<p>\u25cf RESOLU\u00c7\u00c3O\/UEPB\/CONSUNI\/016\/2013. Di\u00e1rio Oficial do Estado, Jo\u00e3o Pessoa 04 de junho de 2013.<\/p>\n","protected":false},"excerpt":{"rendered":"<p>O N\u00facleo de Educa\u00e7\u00e3o e Aten\u00e7\u00e3o em Sa\u00fade (NEAS), constitui-se num programa da Universidade Estadual da Para\u00edba, respons\u00e1vel pela oferta de A\u00e7\u00f5es Educativas e de Aten\u00e7\u00e3o em Sa\u00fade que tem como proposta especializar o apoio, orienta\u00e7\u00e3o e acompanhamento a indiv\u00edduos e comunidades em temas relativos ao controle de doen\u00e7as. O NEAS foi criado para que <a class=\"leiamais\" href=\"https:\/\/nucleos.uepb.edu.br\/neas\/5-2\/\">Leia Mais&#8230;<\/a><\/p>\n","protected":false},"author":11,"featured_media":0,"parent":0,"menu_order":0,"comment_status":"open","ping_status":"open","template":"","meta":{"footnotes":""},"class_list":["post-5496","page","type-page","status-publish","hentry"],"_links":{"self":[{"href":"https:\/\/nucleos.uepb.edu.br\/neas\/wp-json\/wp\/v2\/pages\/5496","targetHints":{"allow":["GET"]}}],"collection":[{"href":"https:\/\/nucleos.uepb.edu.br\/neas\/wp-json\/wp\/v2\/pages"}],"about":[{"href":"https:\/\/nucleos.uepb.edu.br\/neas\/wp-json\/wp\/v2\/types\/page"}],"author":[{"embeddable":true,"href":"https:\/\/nucleos.uepb.edu.br\/neas\/wp-json\/wp\/v2\/users\/11"}],"replies":[{"embeddable":true,"href":"https:\/\/nucleos.uepb.edu.br\/neas\/wp-json\/wp\/v2\/comments?post=5496"}],"version-history":[{"count":1,"href":"https:\/\/nucleos.uepb.edu.br\/neas\/wp-json\/wp\/v2\/pages\/5496\/revisions"}],"predecessor-version":[{"id":6267,"href":"https:\/\/nucleos.uepb.edu.br\/neas\/wp-json\/wp\/v2\/pages\/5496\/revisions\/6267"}],"wp:attachment":[{"href":"https:\/\/nucleos.uepb.edu.br\/neas\/wp-json\/wp\/v2\/media?parent=5496"}],"curies":[{"name":"wp","href":"https:\/\/api.w.org\/{rel}","templated":true}]}}