{"id":6313,"date":"2024-08-19T09:17:07","date_gmt":"2024-08-19T12:17:07","guid":{"rendered":"https:\/\/nucleos.uepb.edu.br\/neas\/?page_id=6313"},"modified":"2024-08-21T08:30:43","modified_gmt":"2024-08-21T11:30:43","slug":"pagina-inicial","status":"publish","type":"page","link":"https:\/\/nucleos.uepb.edu.br\/neas\/","title":{"rendered":"P\u00e1gina Inicial"},"content":{"rendered":"<div class=\"wpb-content-wrapper\"><p>[vc_row full_width=&#8221;stretch_row_content_no_spaces&#8221; css=&#8221;.vc_custom_1724239634120{margin-top: -35px !important;}&#8221;][vc_column][vc_images_carousel images=&#8221;6335,6334,6333,6332&#8243; img_size=&#8221;full&#8221; autoplay=&#8221;yes&#8221; hide_pagination_control=&#8221;yes&#8221; hide_prev_next_buttons=&#8221;yes&#8221; css=&#8221;&#8221;][\/vc_column][\/vc_row][vc_row gap=&#8221;30&#8243;][vc_column width=&#8221;2\/3&#8243;][vc_text_separator title=&#8221;Not\u00edcias&#8221; i_icon_fontawesome=&#8221;fas fa-angle-double-right&#8221; i_color=&#8221;custom&#8221; title_align=&#8221;separator_align_left&#8221; css=&#8221;&#8221; add_icon=&#8221;true&#8221; i_custom_color=&#8221;#cc0000&#8243;]<div class=\"mdl-grid\"><div class=\"mdl-cell mdl-cell--6-col mdl-cell--6-col-tablet mdl-cell--12-col-phone bloco-noticias\"><div class=\"imagem-destaque-noticia\"><a href=\"https:\/\/nucleos.uepb.edu.br\/neas\/2024\/09\/10\/intervencao-dirigida-a-trabalhadores\/\"><img decoding=\"async\" src=\"https:\/\/nucleos.uepb.edu.br\/neas\/wp-content\/uploads\/sites\/8\/2024\/09\/74d83187-51a9-441e-bee9-1a04b8a08bbb-scaled.jpeg\" class=\"img-destaque-noticia img-responsive\" alt=\"Interven\u00e7\u00e3o dirigida a trabalhadores\" title=\"Interven\u00e7\u00e3o dirigida a trabalhadores\"\/><\/a><\/div><div class=\"titulo-noticia-widget\"><a href=\"https:\/\/nucleos.uepb.edu.br\/neas\/2024\/09\/10\/intervencao-dirigida-a-trabalhadores\/\" class=\"vc_gitem-link\"><h3 class=\"titulo-destaque-noticia\">Interven\u00e7\u00e3o dirigida a trabalhadores<\/h3><\/a><\/div><div class=\"titulo-noticia-widget\"><a href=\"https:\/\/nucleos.uepb.edu.br\/neas\/2024\/09\/10\/intervencao-dirigida-a-trabalhadores\/\"><h3 class=\"titulo-destaque-noticia\">Interven\u00e7\u00e3o dirigida a trabalhadores<\/h3><\/a><\/div><div class=\"titulo-noticia-widget\"><a href=\"https:\/\/nucleos.uepb.edu.br\/neas\/2024\/09\/10\/ambiente-100-livres-de-fatores-que-conduzem-a-dependencia-quimica\/\"><h3 class=\"titulo-destaque-noticia\">Ambiente 100% livres de fatores que conduzem a depend\u00eancia qu\u00edmica<\/h3><\/a><\/div><div class=\"titulo-noticia-widget\"><a href=\"https:\/\/nucleos.uepb.edu.br\/neas\/2024\/09\/03\/direito-a-saude-uma-questao-de-cidadania\/\"><h3 class=\"titulo-destaque-noticia\">Direito \u00e0 sa\u00fade: Uma quest\u00e3o de cidadania<\/h3><\/a><\/div><div class=\"titulo-noticia-widget\"><a href=\"https:\/\/nucleos.uepb.edu.br\/neas\/2024\/09\/03\/consultorio-farmaceutico-intinerante\/\"><h3 class=\"titulo-destaque-noticia\">Consult\u00f3rio Farmac\u00eautico Intinerante<\/h3><\/a><\/div><\/div><div class=\"mdl-cell mdl-cell--6-col mdl-cell--6-col-tablet mdl-cell--12-col-phone bloco-noticias\"><div class=\"imagem-destaque-noticia\"><a href=\"https:\/\/nucleos.uepb.edu.br\/neas\/2024\/09\/10\/ambiente-100-livres-de-fatores-que-conduzem-a-dependencia-quimica\/\"><img decoding=\"async\" src=\"https:\/\/nucleos.uepb.edu.br\/neas\/wp-content\/uploads\/sites\/8\/2024\/09\/IMG_1507-scaled.jpeg\" class=\"img-destaque-noticia img-responsive\" alt=\"Ambiente 100% livres de fatores que conduzem a depend\u00eancia qu\u00edmica\" title=\"Ambiente 100% livres de fatores que conduzem a depend\u00eancia qu\u00edmica\"\/><\/a><\/div><div class=\"titulo-noticia-widget\"><a href=\"https:\/\/nucleos.uepb.edu.br\/neas\/2024\/09\/10\/ambiente-100-livres-de-fatores-que-conduzem-a-dependencia-quimica\/\" class=\"vc_gitem-link\"><h3 class=\"titulo-destaque-noticia\">Ambiente 100% livres de fatores que conduzem a depend\u00eancia qu\u00edmica<\/h3><\/a><\/div><div class=\"titulo-noticia-widget\"><a href=\"https:\/\/nucleos.uepb.edu.br\/neas\/2024\/08\/27\/educacao-em-saude-na-feira-central-de-campina-grande-doencas-cronicas-nao-transmissiveis-dcnt\/\"><h3 class=\"titulo-destaque-noticia\">Educa\u00e7\u00e3o em sa\u00fade na Feira Central de Campina Grande: Doen\u00e7as Cr\u00f4nicas N\u00e3o Transmiss\u00edveis (DCNT)<\/h3><\/a><\/div><div class=\"titulo-noticia-widget\"><a href=\"https:\/\/nucleos.uepb.edu.br\/neas\/2024\/08\/27\/intervencoes-dirigidas-a-dependentes-quimicos-de-campina-grande\/\"><h3 class=\"titulo-destaque-noticia\">Interven\u00e7\u00f5es dirigidas a dependentes qu\u00edmicos de Campina Grande<\/h3><\/a><\/div><div class=\"titulo-noticia-widget\"><a href=\"https:\/\/nucleos.uepb.edu.br\/neas\/2024\/08\/21\/prevencao-ao-uso-de-drogas-em-instituicoes-publicas\/\"><h3 class=\"titulo-destaque-noticia\">Preven\u00e7\u00e3o ao uso de drogas em institui\u00e7\u00f5es p\u00fablicas<\/h3><\/a><\/div><div class=\"titulo-noticia-widget\"><a href=\"https:\/\/nucleos.uepb.edu.br\/neas\/2024\/08\/19\/mente-sa-corpo-sa\/\"><h3 class=\"titulo-destaque-noticia\">Mente s\u00e3, corpo s\u00e3<\/h3><\/a><\/div><\/div><\/div>[\/vc_column][vc_column width=&#8221;1\/3&#8243;][vc_text_separator title=&#8221;Links \u00fateis&#8221; i_icon_fontawesome=&#8221;fas fa-angle-double-right&#8221; i_color=&#8221;custom&#8221; title_align=&#8221;separator_align_left&#8221; css=&#8221;&#8221; add_icon=&#8221;true&#8221; i_custom_color=&#8221;#cc0000&#8243;][vc_btn title=&#8221;Carta de Campina Grande pela vida&#8221; shape=&#8221;square&#8221; color=&#8221;warning&#8221; size=&#8221;lg&#8221; align=&#8221;left&#8221; css=&#8221;.vc_custom_1724070260319{margin-bottom: 5px !important;}&#8221; button_block=&#8221;true&#8221; link=&#8221;url:https%3A%2F%2Fnucleos.uepb.edu.br%2Fneas%2Fwp-content%2Fuploads%2Fsites%2F8%2F2016%2F09%2FCARTA-DE-CAMPINA-GRANDE-PELA-VIDA.pdf|target:_blank&#8221;][vc_btn title=&#8221;Centros de Apoio e Atendimento&#8221; shape=&#8221;square&#8221; color=&#8221;green&#8221; size=&#8221;lg&#8221; align=&#8221;left&#8221; css=&#8221;.vc_custom_1724070278385{margin-bottom: 5px !important;}&#8221; button_block=&#8221;true&#8221; link=&#8221;url:https%3A%2F%2Fnucleos.uepb.edu.br%2Fneas%2Fcentro-de-apoio-e-atendimento%2F|target:_blank&#8221;][vc_btn title=&#8221;Leis municipais de combate \u00e0s drogas&#8221; shape=&#8221;square&#8221; color=&#8221;success&#8221; size=&#8221;lg&#8221; align=&#8221;left&#8221; css=&#8221;.vc_custom_1724070334071{margin-bottom: 5px !important;}&#8221; button_block=&#8221;true&#8221; link=&#8221;url:https%3A%2F%2Fnucleos.uepb.edu.br%2Fneas%2Fwp-content%2Fuploads%2Fsites%2F8%2F2017%2F09%2FLegisla%25C3%25A7%25C3%25A3o-drogas-CG.pdf|target:_blank&#8221;][vc_btn title=&#8221;MEC&#8221; shape=&#8221;square&#8221; color=&#8221;success&#8221; size=&#8221;lg&#8221; align=&#8221;left&#8221; css=&#8221;.vc_custom_1724070490027{margin-bottom: 5px !important;}&#8221; button_block=&#8221;true&#8221; link=&#8221;url:http%3A%2F%2Fportal.mec.gov.br%2F|target:_blank&#8221;][vc_btn title=&#8221;OPAS&#8221; shape=&#8221;square&#8221; color=&#8221;inverse&#8221; size=&#8221;lg&#8221; align=&#8221;left&#8221; css=&#8221;.vc_custom_1724070410203{margin-bottom: 5px !important;}&#8221; button_block=&#8221;true&#8221; link=&#8221;url:http%3A%2F%2Fwww.paho.org%2Fbra%2F|target:_blank&#8221;][\/vc_column][\/vc_row]<\/p>\n<\/div>","protected":false},"excerpt":{"rendered":"<p>[vc_row full_width=&#8221;stretch_row_content_no_spaces&#8221; css=&#8221;.vc_custom_1724239634120{margin-top: -35px !important;}&#8221;][vc_column][vc_images_carousel images=&#8221;6335,6334,6333,6332&#8243; img_size=&#8221;full&#8221; autoplay=&#8221;yes&#8221; hide_pagination_control=&#8221;yes&#8221; hide_prev_next_buttons=&#8221;yes&#8221; css=&#8221;&#8221;][\/vc_column][\/vc_row][vc_row gap=&#8221;30&#8243;][vc_column width=&#8221;2\/3&#8243;][vc_text_separator title=&#8221;Not\u00edcias&#8221; i_icon_fontawesome=&#8221;fas fa-angle-double-right&#8221; i_color=&#8221;custom&#8221; title_align=&#8221;separator_align_left&#8221; css=&#8221;&#8221; add_icon=&#8221;true&#8221; i_custom_color=&#8221;#cc0000&#8243;][\/vc_column][vc_column width=&#8221;1\/3&#8243;][vc_text_separator title=&#8221;Links \u00fateis&#8221; i_icon_fontawesome=&#8221;fas fa-angle-double-right&#8221; i_color=&#8221;custom&#8221; title_align=&#8221;separator_align_left&#8221; css=&#8221;&#8221; add_icon=&#8221;true&#8221; i_custom_color=&#8221;#cc0000&#8243;][vc_btn title=&#8221;Carta de Campina Grande pela vida&#8221; shape=&#8221;square&#8221; color=&#8221;warning&#8221; size=&#8221;lg&#8221; align=&#8221;left&#8221; css=&#8221;.vc_custom_1724070260319{margin-bottom: 5px !important;}&#8221; button_block=&#8221;true&#8221; link=&#8221;url:https%3A%2F%2Fnucleos.uepb.edu.br%2Fneas%2Fwp-content%2Fuploads%2Fsites%2F8%2F2016%2F09%2FCARTA-DE-CAMPINA-GRANDE-PELA-VIDA.pdf|target:_blank&#8221;][vc_btn title=&#8221;Centros de Apoio e Atendimento&#8221; shape=&#8221;square&#8221; color=&#8221;green&#8221; size=&#8221;lg&#8221; align=&#8221;left&#8221; <a class=\"leiamais\" href=\"https:\/\/nucleos.uepb.edu.br\/neas\/\">Leia Mais&#8230;<\/a><\/p>\n","protected":false},"author":11,"featured_media":0,"parent":0,"menu_order":0,"comment_status":"closed","ping_status":"closed","template":"","meta":{"footnotes":""},"class_list":["post-6313","page","type-page","status-publish","hentry"],"_links":{"self":[{"href":"https:\/\/nucleos.uepb.edu.br\/neas\/wp-json\/wp\/v2\/pages\/6313","targetHints":{"allow":["GET"]}}],"collection":[{"href":"https:\/\/nucleos.uepb.edu.br\/neas\/wp-json\/wp\/v2\/pages"}],"about":[{"href":"https:\/\/nucleos.uepb.edu.br\/neas\/wp-json\/wp\/v2\/types\/page"}],"author":[{"embeddable":true,"href":"https:\/\/nucleos.uepb.edu.br\/neas\/wp-json\/wp\/v2\/users\/11"}],"replies":[{"embeddable":true,"href":"https:\/\/nucleos.uepb.edu.br\/neas\/wp-json\/wp\/v2\/comments?post=6313"}],"version-history":[{"count":15,"href":"https:\/\/nucleos.uepb.edu.br\/neas\/wp-json\/wp\/v2\/pages\/6313\/revisions"}],"predecessor-version":[{"id":6341,"href":"https:\/\/nucleos.uepb.edu.br\/neas\/wp-json\/wp\/v2\/pages\/6313\/revisions\/6341"}],"wp:attachment":[{"href":"https:\/\/nucleos.uepb.edu.br\/neas\/wp-json\/wp\/v2\/media?parent=6313"}],"curies":[{"name":"wp","href":"https:\/\/api.w.org\/{rel}","templated":true}]}}