{"id":12,"date":"2013-02-05T03:24:03","date_gmt":"2013-02-05T03:24:03","guid":{"rendered":"http:\/\/sites.uepb.edu.br\/nepda\/?page_id=12"},"modified":"2020-06-19T12:39:42","modified_gmt":"2020-06-19T15:39:42","slug":"objetivos","status":"publish","type":"page","link":"https:\/\/nucleos.uepb.edu.br\/nepda\/objetivos\/","title":{"rendered":"Objetivos"},"content":{"rendered":"<p>Debater a quest\u00e3o do deslocamento ambiental nos diversos campos te\u00f3rico-metodol\u00f3gicos; Identificar os focos de deslocamento ambiental, analisando o fen\u00f4meno migrat\u00f3rio por motiva\u00e7\u00e3o ambiental, de forma comparativa, a partir de suas formas, causas e consequ\u00eancias, com o fim de buscar a prote\u00e7\u00e3o destes deslocados em n\u00edvel nacional e internacional; al\u00e9m de discutir a possibilidade de forma\u00e7\u00e3o de um novo regime internacional ou a amplia\u00e7\u00e3o de regimes existentes que possam proteg\u00ea-los em seus direitos b\u00e1sicos fundamentais e dar-lhes a seguran\u00e7a ausente nas diversas fases dos processos de deslocamento.<\/p>\n<p><strong>Objetivos espec\u00edficos<\/strong>:<\/p>\n<ol>\n<li>Mapear os focos de deslocamento ambiental no mundo, suas causas e suas consequ\u00eancias, buscando par\u00e2metros capazes de padronizar os deslocados ambientais de forma a categoriz\u00e1-los e proteg\u00ea-los;<\/li>\n<li>Examinar os atuais regimes internacionais da migra\u00e7\u00e3o for\u00e7ada e dos refugiados de forma a identificar seus atores e o papel de cada um deles no regime;<\/li>\n<li>Investigar a prote\u00e7\u00e3o (social, pol\u00edtica, econ\u00f4mica e cultural), nacional e internacional, concedida aos deslocados ambientais mapeados, no local de origem, em tr\u00e2nsito e no local de acolhimento, com o fim de comparar a implementa\u00e7\u00e3o do regime internacional em n\u00edvel dom\u00e9stico;<\/li>\n<li>Descobrir, com base nos dados coletados, uma forma de buscar meios de inserir os deslocados ambientais em um dos regimes existentes ou criar um novo regime que seja capaz de proteg\u00ea-los, assim como proteger seu local de origem, de tr\u00e2nsito e de destino.<\/li>\n<li>Sugerir meios de proteger os deslocados ambientais, o local de origem, o local de destino e o local de acolhimento, fornecendo-lhes seguran\u00e7a e evitando conflitos desncess\u00e1rios que prejudicam e influenciem negativamente a integra\u00e7\u00e3o deles no local de acolhimento e o desenvolvimento de todos os atores internacionais ou n\u00e3o envolvidos no processo migrat\u00f3rio.<\/li>\n<\/ol>\n<p><strong>Linhas de Pesquisa<\/strong>:<\/p>\n<div id=\"wp-accordion-1\" class=\"wp-accordion wpui-light wpui-styles wpui-tabs-horizontal\" data-style=\"wpui-light\"><\/p>\n<p><h3 class=\"wp-tab-title\">Migrantes for\u00e7ados e refugiados<\/h3><br \/>\n<div class=\"wp-tab-content\"><div class=\"wp-tab-content-wrapper\"><br \/>\nEsta linha de pesquisa foca nos migrantes for\u00e7ados a deixarem seu local de origem por motivos diversos, como os refugiados, perseguidos em raz\u00e3o de ra\u00e7a, religi\u00e3o, nacionalidade, opini\u00e3o pol\u00edtica ou pertencimento a grupo social, e que se distinguem dos deslocados internos por cruzarem as fronteiras do pa\u00eds de origem. H\u00e1, particularmente, os deslocados for\u00e7ados por amea\u00e7a \u00e0 seguran\u00e7a e \u00e0 sobreviv\u00eancia, individual ou coletiva, cuja degrada\u00e7\u00e3o ambiental ou mudan\u00e7a clim\u00e1tica pode ser causa ou consequ\u00eancia, embora motivos politicos, econ\u00f4micos e sociais se interrelacionem. Entre os migrantes for\u00e7ados, h\u00e1 ainda solicitantes de ref\u00fagio, traficados, ap\u00e1tridas e reassentados.<br \/>\n<\/div><\/div><!-- end div.wp-tab-content --><\/p>\n<p><h3 class=\"wp-tab-title\">Degrada\u00e7\u00e3o Ambiental e Mudan\u00e7a Clim\u00e1tica<\/h3><br \/>\n<div class=\"wp-tab-content\"><div class=\"wp-tab-content-wrapper\"><br \/>\nEsta linha de pesquisa foca nos fatores antr\u00f3picos, naturais ou mistos como causas ou at\u00e9 consequ\u00eancias da migra\u00e7\u00e3o for\u00e7ada. Entre as causas ambientais do deslocamento, h\u00e1 fatores naturais (relacionados ou n\u00e3o ao clima), mistos (resultantes da a\u00e7\u00e3o antr\u00f3pica, mas induzidos por fatores naturais) e antr\u00f3picos (pol\u00edticos, econ\u00f4micos, culturais e sociais, incluindo-se desertifica\u00e7\u00e3o, desmatamento, queimadas, constru\u00e7\u00f5es e acidentes industriais). Entre os fatores mistos, h\u00e1 polui\u00e7\u00e3o de recursos h\u00eddricos, acidentes industriais, megaprojetos de desenvolvimento, testes nucleares, redu\u00e7\u00e3o da biodiversidade, esgotamento dos recursos naturais, degrada\u00e7\u00e3o ambiental etc. Entre as consequ\u00eancias, h\u00e1 viola\u00e7\u00f5es de direitos humanos, epidemias, aumento das desigualdades, destrui\u00e7\u00e3o e redu\u00e7\u00e3o das formas de subsist\u00eancia.<br \/>\n<\/div><\/div><!-- end div.wp-tab-content --><\/p>\n<p><h3 class=\"wp-tab-title\">Regimes Internacionais e Prote\u00e7\u00e3o aos Direitos Humanos<\/h3><br \/>\n<div class=\"wp-tab-content\"><div class=\"wp-tab-content-wrapper\"><br \/>\nEsta linha de pesquisa foca no debate te\u00f3rico-conceitual em torno das categorias de migrantes for\u00e7ados e de refugiados, particularmente, de deslocados ambientais vis-\u00e0-vis os regimes internacionais existentes para proteg\u00ea-los, como os regimes de prote\u00e7\u00e3o dos direitos humanos e de normas ambientais, incluindo-se o regime de mudan\u00e7a clim\u00e1tica. Buscar-se-\u00e1 identificar os atores, seus papeis e suas compet\u00eancias nos regimes, quais sejam, normas, regras, princ\u00edpios, institui\u00e7\u00f5es e procedimentos de tomada de decis\u00e3o necess\u00e1rios para prote\u00e7\u00e3o destas categorias de migrantes, particularmente dos deslocados ambientais, exclu\u00eddos da prote\u00e7\u00e3o do regime internacional dos refugiados e dos migrantes for\u00e7ados.<br \/>\n<\/div><\/div><!-- end div.wp-tab-content --><\/p>\n<p><h3 class=\"wp-tab-title\">Teorias de seguran\u00e7a aplicadas \u00e0 migra\u00e7\u00e3o<\/h3><br \/>\n<div class=\"wp-tab-content\"><div class=\"wp-tab-content-wrapper\"><br \/>\nEsta linha de pesquisa foca nos diversos aspectos da rela\u00e7\u00e3o existente entre seguran\u00e7a e migra\u00e7\u00e3o, desde o aspecto estatal at\u00e9 o ambiental e o humanit\u00e1rio. Como problema de seguran\u00e7a estatal, os fluxos migrat\u00f3rios passam a ser vistos como amea\u00e7a \u00e0 estabilidade nacional, podendo afetar, por exemplo, a seguran\u00e7a societal e a ambiental. Considerando a problem\u00e1tica da migra\u00e7\u00e3o, particularmente do deslocado ambiental, como um debate inserido na seguran\u00e7a humana, h\u00e1 uma maior preocupa\u00e7\u00e3o com o indiv\u00edduo e, assim, o migrante se torna o foco da prote\u00e7\u00e3o.<br \/>\n<\/div><\/div><!-- end div.wp-tab-content --><\/p>\n<p><\/div><!-- end div.wp-tabs -->\n","protected":false},"excerpt":{"rendered":"<p>Debater a quest\u00e3o do deslocamento ambiental nos diversos campos te\u00f3rico-metodol\u00f3gicos; Identificar os focos de deslocamento ambiental, analisando o fen\u00f4meno migrat\u00f3rio por motiva\u00e7\u00e3o ambiental, de forma comparativa, a partir de suas formas, causas e consequ\u00eancias, com o fim de buscar a prote\u00e7\u00e3o destes deslocados em n\u00edvel nacional e internacional; al\u00e9m de discutir a possibilidade de forma\u00e7\u00e3o <a class=\"leiamais\" href=\"https:\/\/nucleos.uepb.edu.br\/nepda\/objetivos\/\">Leia Mais&#8230;<\/a><\/p>\n","protected":false},"author":11,"featured_media":0,"parent":0,"menu_order":0,"comment_status":"open","ping_status":"open","template":"","meta":{"footnotes":""},"class_list":["post-12","page","type-page","status-publish","hentry"],"_links":{"self":[{"href":"https:\/\/nucleos.uepb.edu.br\/nepda\/wp-json\/wp\/v2\/pages\/12","targetHints":{"allow":["GET"]}}],"collection":[{"href":"https:\/\/nucleos.uepb.edu.br\/nepda\/wp-json\/wp\/v2\/pages"}],"about":[{"href":"https:\/\/nucleos.uepb.edu.br\/nepda\/wp-json\/wp\/v2\/types\/page"}],"author":[{"embeddable":true,"href":"https:\/\/nucleos.uepb.edu.br\/nepda\/wp-json\/wp\/v2\/users\/11"}],"replies":[{"embeddable":true,"href":"https:\/\/nucleos.uepb.edu.br\/nepda\/wp-json\/wp\/v2\/comments?post=12"}],"version-history":[{"count":5,"href":"https:\/\/nucleos.uepb.edu.br\/nepda\/wp-json\/wp\/v2\/pages\/12\/revisions"}],"predecessor-version":[{"id":3139,"href":"https:\/\/nucleos.uepb.edu.br\/nepda\/wp-json\/wp\/v2\/pages\/12\/revisions\/3139"}],"wp:attachment":[{"href":"https:\/\/nucleos.uepb.edu.br\/nepda\/wp-json\/wp\/v2\/media?parent=12"}],"curies":[{"name":"wp","href":"https:\/\/api.w.org\/{rel}","templated":true}]}}