{"id":22,"date":"2013-02-05T03:39:57","date_gmt":"2013-02-05T03:39:57","guid":{"rendered":"http:\/\/sites.uepb.edu.br\/nepda\/?page_id=22"},"modified":"2025-11-17T12:39:45","modified_gmt":"2025-11-17T15:39:45","slug":"membros","status":"publish","type":"page","link":"https:\/\/nucleos.uepb.edu.br\/nepda\/membros\/","title":{"rendered":"Membros"},"content":{"rendered":"<div id=\"wp-accordion-1\" class=\"wp-accordion wpui-light wpui-styles wpui-tabs-horizontal\" data-style=\"wpui-light\"><\/div><!-- end div.wp-tabs --> <h3 class=\"wp-tab-title\">Coordenadora<\/h3> <div class=\"wp-tab-content\"><div class=\"wp-tab-content-wrapper\"><\/p>\n<ul>\n<li><a href=\"http:\/\/dgp.cnpq.br\/buscaoperacional\/detalhepesq.jsp?pesq=8712438126090355\">Andrea M. C. Pacheco Pac\u00edfico <\/a>&#8211; Rela\u00e7\u00f5es Internacionais &#8211; UEPB<img decoding=\"async\" src=\"https:\/\/mail.google.com\/mail\/u\/0\/images\/cleardot.gif\" alt=\"\" \/><\/li>\n<li><a href=\"http:\/\/buscatextual.cnpq.br\/buscatextual\/visualizacv.do?id=S4859904\">Thalita Franciely de Melo Silva<\/a> \u2013 Ci\u00eancia Pol\u00edtica \u2013 UFPE<\/li>\n<\/ul>\n<p><\/div><\/div><!-- end div.wp-tab-content --> <h3 class=\"wp-tab-title\">Pesquisadores<\/h3> <div class=\"wp-tab-content\"><div class=\"wp-tab-content-wrapper\"><\/p>\n<ul>\n<li><a href=\"http:\/\/lattes.cnpq.br\/9380909546628470\">Alexandrina S. Sobreira de Moura<\/a>\u00a0\u2013 Ci\u00eancias Jur\u00eddicas \u2013 WISC (EUA)<\/li>\n<li><a href=\"http:\/\/lattes.cnpq.br\/5495531830255029\">Camila Dellagnese Prates<\/a>\u00a0\u2013 Sociologia \u2013 UFAL<\/li>\n<li><a href=\"http:\/\/buscatextual.cnpq.br\/buscatextual\/visualizacv.do?id=K4728807U3\">Cleber Ibraim Salimon<\/a>\u00a0\u2013 Biologia \u2013 UEPB<\/li>\n<li><a href=\"http:\/\/lattes.cnpq.br\/2482701312321718\">Cristina Carvalho Pacheco<\/a>\u00a0\u2013 Rela\u00e7\u00f5es Internacionais \u2013 UEPB e INCT-INEU<\/li>\n<li><a href=\"http:\/\/lattes.cnpq.br\/6883055363872440\">Daniel Guillermo Gordillo S\u00e1nchez<\/a>\u00a0&#8211; Educa\u00e7\u00e3o &#8211; UEPB<\/li>\n<li><a href=\"http:\/\/lattes.cnpq.br\/6879670263291053\">Danielle Annoni<\/a>\u00a0\u2013 Direito Internacional \u2013 UFPR<\/li>\n<li><a href=\"http:\/\/lattes.cnpq.br\/3531572453256441\">Elias David Morales Martinez<\/a>\u00a0\u2013 Rela\u00e7\u00f5es Internacionais \u2013 UFABC<\/li>\n<li><a href=\"http:\/\/buscatextual.cnpq.br\/buscatextual\/visualizacv.do?id=K4750416T6\">\u00c9rika Pires Ramos<\/a>\u00a0\u2013 Direito &#8211; USP<\/li>\n<li><a href=\"http:\/\/lattes.cnpq.br\/6845141468400821\">Fab\u00edola Faro Eloy Dunda<\/a>\u00a0&#8211; Ci\u00eancia Pol\u00edtica &#8211; UFPE<\/li>\n<li><a href=\"http:\/\/lattes.cnpq.br\/6381112289204254\">Francilda Ara\u00fajo In\u00e1cio<\/a>\u00a0\u2013 Letras e Lingu\u00edstica \u2013 UFAL<\/li>\n<li><a href=\"http:\/\/lattes.cnpq.br\/8290242934429374\">Giuliana Dias Vieira<\/a>\u00a0\u2013 Direito Internacional e Europeu \u2013 UP1 (Fran\u00e7a)<\/li>\n<li><a href=\"http:\/\/lattes.cnpq.br\/5128047369811809\">Helisane Mahlke<\/a>\u00a0\u2013 Direito Internacional \u2013 USP<\/li>\n<li><a href=\"http:\/\/lattes.cnpq.br\/0864308953558891\"><span style=\"font-weight: 400\">Igor Henriques Sabino de Farias<\/span><\/a><span style=\"font-weight: 400\"> \u2013 Ci\u00eancia Pol\u00edtica \u2013 UFPE<\/span><\/li>\n<li><a href=\"http:\/\/buscatextual.cnpq.br\/buscatextual\/visualizacv.do?metodo=apresentar&amp;id=K4418253H1\">Jan Marcel de Almeida Freitas Lacerda<\/a>\u00a0\u2013 Rela\u00e7\u00f5es Internacionais \u2013 UFT<\/li>\n<li><a href=\"http:\/\/buscatextual.cnpq.br\/buscatextual\/visualizacv.do?id=K8955917D2\">Jayesh Rathod<\/a>\u00a0\u2013 Direito \u2013 American University<\/li>\n<li><a href=\"http:\/\/lattes.cnpq.br\/0686706056580643\"><span style=\"font-weight: 400\">Johnatan da Costa Santos<\/span><\/a><span style=\"font-weight: 400\"> &#8211; Hist\u00f3ria das Ci\u00eancias e Arqueologia &#8211; RUDN (R\u00fassia)<\/span><\/li>\n<li><a href=\"http:\/\/lattes.cnpq.br\/8258104707105820\"><span style=\"font-weight: 400\">Jos\u00e9 Henrique Fischel de Andrade<\/span><\/a><span style=\"font-weight: 400\"> \u2013 Direito\/Rela\u00e7\u00f5es Internacionais \u2013 Pesquisador independente<\/span><\/li>\n<li><a href=\"http:\/\/dgp.cnpq.br\/buscaoperacional\/detalhepesq.jsp?pesq=8264008156732778\">J\u00falia Bertino Moreira<\/a>\u00a0\u2013 Rela\u00e7\u00f5es Internacionais \u2013 UFABC<\/li>\n<li><a href=\"http:\/\/lattes.cnpq.br\/5980030189574278\"><span style=\"font-weight: 400\">Klara Maria Schenkel<\/span><\/a><span style=\"font-weight: 400\"> &#8211; Letras &#8211; UFPB<\/span><\/li>\n<li><a href=\"http:\/\/dgp.cnpq.br\/buscaoperacional\/detalhepesq.jsp?pesq=1210861529721065\">L\u00facia Maria Machado B\u00f3gus<\/a>\u00a0\u2013 Sociologia \u2013 PUC\/SP<\/li>\n<li><a href=\"http:\/\/lattes.cnpq.br\/7788095730558808\"><span style=\"font-weight: 400\">Luciana Laura Carvalho Costa Dias<\/span><\/a><span style=\"font-weight: 400\"> &#8211; Direito &#8211; UniCEUB<\/span><\/li>\n<li><a href=\"http:\/\/lattes.cnpq.br\/2150240733840094\"><span style=\"font-weight: 400\">Marcelo Dias Varella<\/span><\/a><span style=\"font-weight: 400\"> &#8211; Direito &#8211; UP1 (Fran\u00e7a)<\/span><\/li>\n<li><a href=\"http:\/\/lattes.cnpq.br\/9549795653708690\">Maria Helena Lenzi<\/a>\u00a0&#8211; Geografia Humana &#8211; USP<\/li>\n<li><a href=\"http:\/\/lattes.cnpq.br\/4525332551851193\">M\u00f4nica de Lourdes Neves Santana<\/a>\u00a0\u2013 Rela\u00e7\u00f5es Internacionais \u2013 UEPB<\/li>\n<li><a href=\"http:\/\/lattes.cnpq.br\/4048463184776211\">Nayara Belle Nova da Costa<\/a>\u00a0\u2013 Geografia &#8211; UnB<\/li>\n<li><a href=\"http:\/\/lattes.cnpq.br\/7818849784701617\">Patr\u00edcia Nabuco Martuscelli<\/a>\u00a0\u2013 Ci\u00eancia Pol\u00edtica \u2013 USP<\/li>\n<li><a href=\"http:\/\/buscatextual.cnpq.br\/buscatextual\/visualizacv.do?id=K4799200T6\"><span style=\"font-weight: 400\">Renato Zerbini Ribeiro Le\u00e3o<\/span><\/a><span style=\"font-weight: 400\"> \u2013 Rela\u00e7\u00f5es Internacionais \u2013 UniCEUB<\/span><\/li>\n<li><a href=\"http:\/\/lattes.cnpq.br\/1263593714592175\"><span style=\"font-weight: 400\">S\u00edlvia Garcia Nogueira<\/span><\/a> <span style=\"font-weight: 400\">\u2013 Rela\u00e7\u00f5es Internacionais \u2013 UEPB<\/span><\/li>\n<\/ul>\n<p><\/div><\/div><!-- end div.wp-tab-content --> <h3 class=\"wp-tab-title\">Estudantes<\/h3> <div class=\"wp-tab-content\"><div class=\"wp-tab-content-wrapper\"><\/p>\n<ul>\n<li><a href=\"http:\/\/lattes.cnpq.br\/3999255143796716\"><span style=\"font-weight: 400\">Adolfino Varela<\/span><\/a><span style=\"font-weight: 400\"> \u2013 Graduando em Rela\u00e7\u00f5es Internacionais \u2013 UEPB.<\/span><\/li>\n<li><a href=\"http:\/\/lattes.cnpq.br\/7816891606102012\"><span style=\"font-weight: 400\">Adrielle Olivia Queiroz Machado de Assis<\/span><\/a><span style=\"font-weight: 400\"> &#8211; Mestranda em Rela\u00e7\u00f5es Internacionais &#8211; UEPB<\/span><\/li>\n<li><a href=\"http:\/\/lattes.cnpq.br\/9027099073258685\"><span style=\"font-weight: 400\">Ana Karenina Almeida de Brito<\/span><\/a><span style=\"font-weight: 400\"> &#8211; Mestranda em Rela\u00e7\u00f5es Internacionais &#8211; UEPB<\/span><\/li>\n<li><a href=\"http:\/\/lattes.cnpq.br\/9290834458334363\"><span style=\"font-weight: 400\">Ana Let\u00edcia de P\u00e1dua Leal<\/span><\/a><span style=\"font-weight: 400\"> \u2013 Graduanda de Rela\u00e7\u00f5es Internacionais \u2013 UEPB<\/span><\/li>\n<li><a href=\"http:\/\/lattes.cnpq.br\/8629087276880098\"><span style=\"font-weight: 400\">Ana Raquel Torres Menezes<\/span><\/a><span style=\"font-weight: 400\"> \u2013 Mestra em Migra\u00e7\u00f5es e Rela\u00e7\u00f5es Interculturais \u2013 UNI\/Oldenburg (Alemanha)<\/span><\/li>\n<li><a href=\"https:\/\/lattes.cnpq.br\/8475258134000755\">Andressa Santos de Carvalho<\/a> &#8211; <span style=\"font-weight: 400\">Graduanda em Rela\u00e7\u00f5es Internacionais &#8211; UEPB<\/span><\/li>\n<li><a href=\"http:\/\/lattes.cnpq.br\/6564525747426104\">Anna Karollinne Lopes Cardoso<\/a> &#8211; Doutoranda em Ci\u00eancia Pol\u00edtica e Estudos Urbanos e Regionais &#8211; UFPE\/UFRN<\/li>\n<li><span style=\"font-weight: 400\"><a href=\"http:\/\/lattes.cnpq.br\/1856231956695929\">Beatriz Quintanilha da Silva<\/a> &#8211; Graduanda em Rela\u00e7\u00f5es Internacionais &#8211; UEPB<\/span><\/li>\n<li><a href=\"https:\/\/lattes.cnpq.br\/8475258134000755\">Bruna Souza Pedrola<\/a> &#8211; <span style=\"font-weight: 400\">Graduanda em Rela\u00e7\u00f5es Internacionais &#8211; UEPB<\/span><\/li>\n<li><a href=\"http:\/\/lattes.cnpq.br\/4577601231481078\"><span style=\"font-weight: 400\">Guilherme Neto Ferreira de Oliveira<\/span><\/a><span style=\"font-weight: 400\"> \u2013 Doutorando em Filosofia \u2013 Universidade de \u00c9vora (Portugal)<\/span><\/li>\n<li><a href=\"http:\/\/lattes.cnpq.br\/2553589985194344\"><span style=\"font-weight: 400\">Igor Serejo Vale Arcos<\/span><\/a><span style=\"font-weight: 400\"> \u2013 Doutorando em Ci\u00eancia Pol\u00edtica e Rela\u00e7\u00f5es Internacionais \u2013 UFPB<\/span><\/li>\n<li><a href=\"http:\/\/lattes.cnpq.br\/3518569432169839\"><span style=\"font-weight: 400\">Juliane Ver\u00edssimo Albuquerque Lima<\/span><\/a><span style=\"font-weight: 400\"> \u2013 Mestranda em Sociologia \u2013 UFAL<\/span><\/li>\n<li><a href=\"http:\/\/lattes.cnpq.br\/9262455525275326\"><span style=\"font-weight: 400\">Kamila Borges Arag\u00e3o Pessoa<\/span><\/a><span style=\"font-weight: 400\"> \u2013 Doutoranda em Rela\u00e7\u00f5es Internacionais \u2013 ISCP (Portugal)<\/span><\/li>\n<li><a href=\"http:\/\/lattes.cnpq.br\/0022014020478802\"><span style=\"font-weight: 400\">Laleska Rocha de Abrantes Carcar\u00e1<\/span><\/a> <span style=\"font-weight: 400\">\u2013 Mestranda em Rela\u00e7\u00f5es Internacionais \u2013 UEPB<\/span><\/li>\n<li><a href=\"http:\/\/lattes.cnpq.br\/7344117905779228\"><span style=\"font-weight: 400\">Laura Beatriz Torres Montenegro<\/span><\/a><span style=\"font-weight: 400\"> \u2013 Graduanda em Rela\u00e7\u00f5es Internacionais \u2013 UEPB<\/span><\/li>\n<li><a href=\"http:\/\/lattes.cnpq.br\/6596520556668690\"><span style=\"font-weight: 400\">Lucas Castanheira do Amaral Gon\u00e7alves<\/span><\/a><span style=\"font-weight: 400\"> \u2013 Mestrando em Direito Internacional P\u00fablico \u2013 Leiden University (Holanda)<\/span><\/li>\n<li><span style=\"font-weight: 400\"><a href=\"http:\/\/lattes.cnpq.br\/5945187919089551\">Maria Clara Monteiro de S\u00e1<\/a> &#8211; Graduanda em Direito &#8211; UFPE<\/span><\/li>\n<li><a href=\"http:\/\/lattes.cnpq.br\/5967338003447012\"><span style=\"font-weight: 400\">Mariana da Silva Teixeira<\/span><\/a><span style=\"font-weight: 400\"> \u2013 Graduada em Rela\u00e7\u00f5es Internacionais \u2013 UEPB<\/span><\/li>\n<li><a href=\"http:\/\/lattes.cnpq.br\/0970729314461795\"><span style=\"font-weight: 400\">Mayra Portela Silva Matteucci<\/span><\/a><span style=\"font-weight: 400\"> \u2013 Mestranda em Rela\u00e7\u00f5es Internacionais \u2013 UEPB<\/span><\/li>\n<li><a href=\"http:\/\/lattes.cnpq.br\/7006207404066691\"><span style=\"font-weight: 400\">Muriel Brenna Volz <\/span><\/a><span style=\"font-weight: 400\">\u2013 Doutoranda em Pol\u00edticas P\u00fablicas \u2013 UFPR<\/span><\/li>\n<li><a href=\"http:\/\/lattes.cnpq.br\/9504686993128293\"><span style=\"font-weight: 400\">Nicole Silva Moreno<\/span><\/a><span style=\"font-weight: 400\"> \u2013 P\u00f3s-Graduanda em Psicologia e Migra\u00e7\u00e3o \u2013 PUC\/Minas<\/span><\/li>\n<li><a href=\"http:\/\/lattes.cnpq.br\/6815553910707126\"><span style=\"font-weight: 400\">Paulo Renato Rodrigues de Melo<\/span><\/a><span style=\"font-weight: 400\"> \u2013 Graduando em Rela\u00e7\u00f5es Internacionais \u2013 UEPB<\/span><\/li>\n<li><a href=\"http:\/\/lattes.cnpq.br\/7164068135347380\">Rafael Silveira Guimar\u00e3es<\/a><span style=\"font-weight: 400\"> \u2013 Graduando em Rela\u00e7\u00f5es Internacionais \u2013 UEPB<\/span><\/li>\n<li><a href=\"http:\/\/lattes.cnpq.br\/2633178023060267\"><span style=\"font-weight: 400\">Rafaella Sousa Nunes<\/span><\/a><span style=\"font-weight: 400\"> &#8211; Mestra em Rela\u00e7\u00f5es Internacionais &#8211; UEPB<\/span><\/li>\n<li><span style=\"font-weight: 400\"><a href=\"http:\/\/lattes.cnpq.br\/3243522530771198\">Raquel Bandeira Tim\u00f3teo<\/a> \u2013 Graduanda de Rela\u00e7\u00f5es Internacionais \u2013 UEPB<\/span><\/li>\n<li><a href=\"https:\/\/buscatextual.cnpq.br\/buscatextual\/visualizacv.do?id=K1553319Z6&amp;tokenCaptchar=03AFcWeA4NbnW6KBgOZ3jEfSkZe-n_xGZySm0zJEhZiqRqlqfAMjfaC6ejHVneOhTpOt7291aaBnmXjk1qZgsFi3tuLLM7GiaYkLqnNAzLyHum87FYhN1GZd_VPkVhlZG6WTP03yhbK6VDYi65lVDethS5FR_YWD0btvgcK0T0u6T0Ejoy0MOFO20-PRcRFDfPR04WkBzumJulZBOHeLCkx0luUxG1HIQjfLJ60uop9V4gZIinYXjdrOWjpaG3pIpXvRD3MqQYDgay6eqWyDOUwBFpL7zB_MIl-3QelE3VGS5EhPIXgx0L0Yo1MryqWO9WIuj2PnNLK1P74U0NssZO0cXct9DRgW-F7K2st8QmoxYOHN9caouus2Kyu90xbWtM1umTqtk7QOquC6o_2QY_rT6YIsDQ5BDWLDymK2aOlykz0zlx8Xd43NhdYIA2KT5PKYi5wANSfDG1x3f952zv_abpKNPFpdr9HQ1WSvDZViFYGe4DPJgDMhMvnxySIEL_wmNDnZwa2Ti1Otc40R0u-hVOGv7TTJRcnDihdCssk9suYLnZncHocOLpdzDZkTf_dBsYkqzWYHx3DeZMCc4WwVlkZ912uLzJPugcvL0Usb3Xie9fFILpfOMRM9r6_0B5KJHPvs7KxfLONwHMPLn4dRnCZtrB7ZuCkW3jcO_hKYkkZixej2eWnelRggXRcXL22xbFncS2BRuF4CeextiqmeA1fcILsv7gP_Ki1UCod7XSWZCEAM-xTKsoGZwGKpFpTDoZSlOK-b1k0ER6-BqgTmvH3gK3-wOz_kV9A4iQhguu9G7jdR1SzQ6uMUBXstqVp4cK6rXnvjDLUBrvsyPcxXkGfdZHFFdOxw\">Rebeka Jamilly Roberto da Silva<\/a> <span style=\"font-weight: 400\">\u2013 Graduanda de Rela\u00e7\u00f5es Internacionais \u2013 UEPB<\/span><\/li>\n<li><a href=\"http:\/\/lattes.cnpq.br\/4456647749762856\"><span style=\"font-weight: 400\">Sarah Fernanda Lemos Silva<\/span><\/a><span style=\"font-weight: 400\"> \u2013 Doutoranda em Estudos Comparados sobre as Am\u00e9ricas &#8211; UnB<\/span><\/li>\n<li><a href=\"http:\/\/lattes.cnpq.br\/4692102961314073\">Victor Cabral Ribeiro<\/a> <span style=\"font-weight: 400\">\u2013 Pontif\u00edcia Universidade Cat\u00f3lica do Rio de Janeiro \u2013 PUC-Rio<\/span><\/li>\n<li><a href=\"http:\/\/lattes.cnpq.br\/5782271109236009\">Vin\u00edcius Manfredine Ara\u00fajo de Oliveira<\/a> &#8211; Mestrando em Rela\u00e7\u00f5es Internacionais &#8211; UEPB<\/li>\n<\/ul>\n<p><\/div><\/div><!-- end div.wp-tab-content --> <h3 class=\"wp-tab-title\">Praticantes\/Ativistas\/T\u00e9cnicos<\/h3> <div class=\"wp-tab-content\"><div class=\"wp-tab-content-wrapper\"><\/p>\n<ul>\n<li style=\"font-weight: 400\"><a href=\"http:\/\/lattes.cnpq.br\/9434320042941618\"><span style=\"font-weight: 400\">Cyntia de Albuquerque Sampaio<\/span><\/a><span style=\"font-weight: 400\"> \u2013 Graduada em Servi\u00e7o Social \u2013 UFPE.<\/span><\/li>\n<li style=\"font-weight: 400\"><a href=\"http:\/\/lattes.cnpq.br\/9763827629884874\"><span style=\"font-weight: 400\">Gabriel Gualano de Godoy<\/span><\/a><span style=\"font-weight: 400\"> \u2013 Doutor em Direito \u2013 UERJ.<\/span><\/li>\n<li style=\"font-weight: 400\"><a href=\"http:\/\/lattes.cnpq.br\/0810063608963701\"><span style=\"font-weight: 400\">La\u00eds Azeredo Alves<\/span><\/a> <span style=\"font-weight: 400\">\u2013 Doutora em Rela\u00e7\u00f5es Internacionais &#8211; UNESP<\/span><\/li>\n<li style=\"font-weight: 400\"><a href=\"http:\/\/lattes.cnpq.br\/6721116300853012\"><span style=\"font-weight: 400\">Lu\u00eds Augusto Bittencourt Minchola<\/span><\/a><span style=\"font-weight: 400\"> \u2013 Mestre em Ci\u00eancias Sociais &#8211; UFSM<\/span><\/li>\n<li style=\"font-weight: 400\"><a href=\"http:\/\/lattes.cnpq.br\/2714662963811453\"><span style=\"font-weight: 400\">Pedro Castanheira do Amaral Gon\u00e7alves<\/span><\/a><span style=\"font-weight: 400\"> \u2013 Graduado em Rela\u00e7\u00f5es Internacionais &#8211; UEPB<\/span><\/li>\n<li style=\"font-weight: 400\"><a href=\"http:\/\/lattes.cnpq.br\/0445840532952571\"><span style=\"font-weight: 400\">Rodolfo Ribeiro Coutinho Marques<\/span><\/a><span style=\"font-weight: 400\"> \u2013 Graduado em Direito &#8211; UFPB<\/span><\/li>\n<li style=\"font-weight: 400\"><a href=\"http:\/\/lattes.cnpq.br\/6086050293486076\">Wellington Pereira Carneiro<\/a> \u2013 Doutor em Rela\u00e7\u00f5es Internacionais &#8211; UnB<\/li>\n<\/ul>\n<p><\/div><\/div><!-- end div.wp-tab-content --> <h3 class=\"wp-tab-title\">Colaboradores Estrangeiros<\/h3> <div class=\"wp-tab-content\"><div class=\"wp-tab-content-wrapper\"><\/div><\/div><!-- end div.wp-tab-content --><\/p>\n<ul>\n<li style=\"font-weight: 400\"><a href=\"http:\/\/lattes.cnpq.br\/2345761655481814\"><span style=\"font-weight: 400\">Diego Acosta Arcarazo<\/span><\/a><span style=\"font-weight: 400\"> &#8211; Doutor em Direito Europeu &#8211; KCL (Inglaterra)<\/span><\/li>\n<li><a href=\"http:\/\/buscatextual.cnpq.br\/buscatextual\/visualizacv.do?id=K8955917D2\"><span style=\"font-weight: 400\">Jayesh Rathod<\/span><\/a><span style=\"font-weight: 400\"> \u2013 Direito \u2013 American University (Estados Unidos)<\/span><\/li>\n<li style=\"font-weight: 400\"><a href=\"http:\/\/lattes.cnpq.br\/9390883987569066\"><span style=\"font-weight: 400\">Juma Rasuli<\/span><\/a><span style=\"font-weight: 400\"> \u2013 Doutor em Economia \u2013 VNSGU (India)<\/span><\/li>\n<li style=\"font-weight: 400\"><a href=\"http:\/\/lattes.cnpq.br\/1547321410879844\">Thijmen Jesse van Kleef<\/a> \u2013 Mestrando em Geografia Humana &#8211; RUN (Holanda)<\/li>\n<\/ul>\n","protected":false},"excerpt":{"rendered":"<p>Diego Acosta Arcarazo &#8211; Doutor em Direito Europeu &#8211; KCL (Inglaterra) Jayesh Rathod \u2013 Direito \u2013 American University (Estados Unidos) Juma Rasuli \u2013 Doutor em Economia \u2013 VNSGU (India) Thijmen Jesse van Kleef \u2013 Mestrando em Geografia Humana &#8211; RUN (Holanda)<\/p>\n","protected":false},"author":16,"featured_media":0,"parent":0,"menu_order":0,"comment_status":"closed","ping_status":"closed","template":"","meta":{"footnotes":""},"class_list":["post-22","page","type-page","status-publish","hentry"],"_links":{"self":[{"href":"https:\/\/nucleos.uepb.edu.br\/nepda\/wp-json\/wp\/v2\/pages\/22","targetHints":{"allow":["GET"]}}],"collection":[{"href":"https:\/\/nucleos.uepb.edu.br\/nepda\/wp-json\/wp\/v2\/pages"}],"about":[{"href":"https:\/\/nucleos.uepb.edu.br\/nepda\/wp-json\/wp\/v2\/types\/page"}],"author":[{"embeddable":true,"href":"https:\/\/nucleos.uepb.edu.br\/nepda\/wp-json\/wp\/v2\/users\/16"}],"replies":[{"embeddable":true,"href":"https:\/\/nucleos.uepb.edu.br\/nepda\/wp-json\/wp\/v2\/comments?post=22"}],"version-history":[{"count":96,"href":"https:\/\/nucleos.uepb.edu.br\/nepda\/wp-json\/wp\/v2\/pages\/22\/revisions"}],"predecessor-version":[{"id":3668,"href":"https:\/\/nucleos.uepb.edu.br\/nepda\/wp-json\/wp\/v2\/pages\/22\/revisions\/3668"}],"wp:attachment":[{"href":"https:\/\/nucleos.uepb.edu.br\/nepda\/wp-json\/wp\/v2\/media?parent=22"}],"curies":[{"name":"wp","href":"https:\/\/api.w.org\/{rel}","templated":true}]}}