{"id":3435,"date":"2024-08-15T09:53:21","date_gmt":"2024-08-15T12:53:21","guid":{"rendered":"https:\/\/nucleos.uepb.edu.br\/nepda\/?page_id=3435"},"modified":"2024-08-15T15:22:23","modified_gmt":"2024-08-15T18:22:23","slug":"pagina-inicial","status":"publish","type":"page","link":"https:\/\/nucleos.uepb.edu.br\/nepda\/","title":{"rendered":"P\u00e1gina Inicial"},"content":{"rendered":"<div class=\"wpb-content-wrapper\"><p>[vc_row gap=&#8221;30&#8243;][vc_column width=&#8221;2\/3&#8243;][vc_text_separator title=&#8221;Not\u00edcias&#8221; i_icon_fontawesome=&#8221;fas fa-angle-double-right&#8221; i_color=&#8221;custom&#8221; title_align=&#8221;separator_align_left&#8221; css=&#8221;&#8221; add_icon=&#8221;true&#8221; i_custom_color=&#8221;#cc0000&#8243;]<div class=\"mdl-grid\"><div class=\"mdl-cell--12-col bloco-noticias\"><div class=\"titulo-noticia-widget\"><a href=\"https:\/\/nucleos.uepb.edu.br\/nepda\/2026\/03\/03\/reniao-de-volta-as-aulas-pos-greve\/\"><h3 class=\"titulo-destaque-noticia\">Reuni\u00e3o de volta \u00e0s aulas p\u00f3s-greve<\/h3><\/a><\/div><div class=\"titulo-noticia-widget\"><a href=\"https:\/\/nucleos.uepb.edu.br\/nepda\/2025\/11\/17\/lancamento-de-um-novo-livro-entitulado-deslocamento-ambiental-interno-na-america-latina-e-no-caribe-abordagens-juridicas-e-politicas\/\"><h3 class=\"titulo-destaque-noticia\">Lan\u00e7amento de um novo livro entitulado \u201cDeslocamento ambiental interno na Am\u00e9rica Latina e no Caribe: abordagens jur\u00eddicas e pol\u00edticas\u201d.<\/h3><\/a><\/div><div class=\"titulo-noticia-widget\"><a href=\"https:\/\/nucleos.uepb.edu.br\/nepda\/2025\/09\/09\/workshop-como-fazer-pesquisa-emocionalemnte-demandante\/\"><h3 class=\"titulo-destaque-noticia\">WORKSHOP:  Como fazer pesquisa emocionalemnte demandante?<\/h3><\/a><\/div><div class=\"titulo-noticia-widget\"><a href=\"https:\/\/nucleos.uepb.edu.br\/nepda\/2025\/09\/09\/mocoes-do-xvi-seminario-nacional-das-catedras-sergio-vieira-de-mello\/\"><h3 class=\"titulo-destaque-noticia\">MO\u00c7\u00d5ES DO XVI Semin\u00e1rio Nacional das C\u00e1tedras S\u00e9rgio Vieira de Mello<\/h3><\/a><\/div><div class=\"titulo-noticia-widget\"><a href=\"https:\/\/nucleos.uepb.edu.br\/nepda\/2025\/09\/02\/xvi-seminario-nacional-das-catedras-sergio-viera-de-mello\/\"><h3 class=\"titulo-destaque-noticia\">XVI Semin\u00e1rio Nacional das C\u00e1tedras S\u00e9rgio Viera de Mello<\/h3><\/a><\/div><div class=\"titulo-noticia-widget\"><a href=\"https:\/\/nucleos.uepb.edu.br\/nepda\/2025\/08\/25\/xvi-seminario-nacional-das-catedras-sergio-vieira-de-mello\/\"><h3 class=\"titulo-destaque-noticia\">XVI Semin\u00e1rio Nacional das C\u00e1tedras S\u00e9rgio Vieira de Mello<\/h3><\/a><\/div><div class=\"titulo-noticia-widget\"><a href=\"https:\/\/nucleos.uepb.edu.br\/nepda\/2025\/07\/23\/resultado-da-premiacao\/\"><h3 class=\"titulo-destaque-noticia\">RESULTADO DA PREMIA\u00c7\u00c3O<\/h3><\/a><\/div><div class=\"titulo-noticia-widget\"><a href=\"https:\/\/nucleos.uepb.edu.br\/nepda\/2025\/05\/20\/inscricoes-homologadas-para-analise-de-trabalho-de-conclusao-comissao-da-csvm-monografias\/\"><h3 class=\"titulo-destaque-noticia\">Inscri\u00e7\u00f5es Homologadas Para An\u00e1lise De Trabalho De Conclus\u00e3o Comiss\u00e3o Da CSVM - MONOGRAFIAS<\/h3><\/a><\/div><div class=\"titulo-noticia-widget\"><a href=\"https:\/\/nucleos.uepb.edu.br\/nepda\/2025\/05\/20\/inscricoes-homologadas-para-analise-de-trabalho-de-conclusao-comissao-da-csvm-teses\/\"><h3 class=\"titulo-destaque-noticia\">Inscri\u00e7\u00f5es Homologadas Para An\u00e1lise De Trabalho De Conclus\u00e3o Comiss\u00e3o Da CSVM - TESES<\/h3><\/a><\/div><div class=\"titulo-noticia-widget\"><a href=\"https:\/\/nucleos.uepb.edu.br\/nepda\/2025\/05\/20\/inscricoes-homologadas-para-analise-de-trabalho-de-conclusao-comissao-da-csvm-dissertacoes\/\"><h3 class=\"titulo-destaque-noticia\">Inscri\u00e7\u00f5es Homologadas Para An\u00e1lise De Trabalho De Conclus\u00e3o Comiss\u00e3o Da CSVM - DISSERTA\u00c7\u00d5ES<\/h3><\/a><\/div><div class=\"titulo-noticia-widget\"><a href=\"https:\/\/nucleos.uepb.edu.br\/nepda\/2025\/05\/09\/edital-de-selecao-de-artigos-ou-ensaios-para-o-e-book-deslocamentos-ambientais-refugiados-e-direitos-humanos\/\"><h3 class=\"titulo-destaque-noticia\">EDITAL DE SELE\u00c7\u00c3O DE ARTIGOS OU ENSAIOS PARA O E-BOOK \u201cDESLOCAMENTOS AMBIENTAIS, REFUGIADOS E DIREITOS HUMANOS\u201d<\/h3><\/a><\/div><div class=\"titulo-noticia-widget\"><a href=\"https:\/\/nucleos.uepb.edu.br\/nepda\/2025\/04\/14\/publicacao-do-livro-acesso-a-direitos-e-politicas-publicas-de-deslocados-internos-ambientais-os-deslocados-por-barragens-na-paraiba-2019-2024\/\"><h3 class=\"titulo-destaque-noticia\">Publica\u00e7\u00e3o do livro: Acesso a direitos e pol\u00edticas p\u00fablicas de deslocados internos ambientais os deslocados por barragens na Para\u00edba (2019-2024)<\/h3><\/a><\/div><div class=\"titulo-noticia-widget\"><a href=\"https:\/\/nucleos.uepb.edu.br\/nepda\/2025\/04\/08\/edital-do-premio-de-teses-dissertacoes-e-monografias-2023-2024-das-catedras-sergio-vieira-de-mello-csvm-acnur\/\"><h3 class=\"titulo-destaque-noticia\">EDITAL DO PR\u00caMIO DE TESES, DISSERTA\u00c7\u00d5ES E MONOGRAFIAS \u2013 2023\/2024 DAS C\u00e1tedras Sergio Vieira de Mello (CSVM\/ACNUR)<\/h3><\/a><\/div><div class=\"titulo-noticia-widget\"><a href=\"https:\/\/nucleos.uepb.edu.br\/nepda\/2025\/03\/10\/traducao-oficial-de-documentos\/\"><h3 class=\"titulo-destaque-noticia\">Tradu\u00e7\u00e3o Oficial de Documentos<\/h3><\/a><\/div><div class=\"titulo-noticia-widget\"><a href=\"https:\/\/nucleos.uepb.edu.br\/nepda\/2025\/02\/17\/calendario-de-reunioes-2025-1\/\"><h3 class=\"titulo-destaque-noticia\">Calend\u00e1rio de Reuni\u00f5es 2025.1<\/h3><\/a><\/div><\/div><\/div>[\/vc_column][vc_column width=&#8221;1\/3&#8243;][vc_text_separator title=&#8221;Links relacionados&#8221; i_icon_fontawesome=&#8221;fas fa-angle-double-right&#8221; i_color=&#8221;custom&#8221; title_align=&#8221;separator_align_left&#8221; css=&#8221;&#8221; add_icon=&#8221;true&#8221; i_custom_color=&#8221;#cc0000&#8243;][vc_wp_custommenu nav_menu=&#8221;8&#8243; el_class=&#8221;menu-interno&#8221;][\/vc_column][\/vc_row]<\/p>\n<\/div>","protected":false},"excerpt":{"rendered":"<p>[vc_row gap=&#8221;30&#8243;][vc_column width=&#8221;2\/3&#8243;][vc_text_separator title=&#8221;Not\u00edcias&#8221; i_icon_fontawesome=&#8221;fas fa-angle-double-right&#8221; i_color=&#8221;custom&#8221; title_align=&#8221;separator_align_left&#8221; css=&#8221;&#8221; add_icon=&#8221;true&#8221; i_custom_color=&#8221;#cc0000&#8243;][\/vc_column][vc_column width=&#8221;1\/3&#8243;][vc_text_separator title=&#8221;Links relacionados&#8221; i_icon_fontawesome=&#8221;fas fa-angle-double-right&#8221; i_color=&#8221;custom&#8221; title_align=&#8221;separator_align_left&#8221; css=&#8221;&#8221; add_icon=&#8221;true&#8221; i_custom_color=&#8221;#cc0000&#8243;][vc_wp_custommenu nav_menu=&#8221;8&#8243; el_class=&#8221;menu-interno&#8221;][\/vc_column][\/vc_row]<\/p>\n","protected":false},"author":11,"featured_media":0,"parent":0,"menu_order":0,"comment_status":"closed","ping_status":"closed","template":"","meta":{"footnotes":""},"class_list":["post-3435","page","type-page","status-publish","hentry"],"_links":{"self":[{"href":"https:\/\/nucleos.uepb.edu.br\/nepda\/wp-json\/wp\/v2\/pages\/3435","targetHints":{"allow":["GET"]}}],"collection":[{"href":"https:\/\/nucleos.uepb.edu.br\/nepda\/wp-json\/wp\/v2\/pages"}],"about":[{"href":"https:\/\/nucleos.uepb.edu.br\/nepda\/wp-json\/wp\/v2\/types\/page"}],"author":[{"embeddable":true,"href":"https:\/\/nucleos.uepb.edu.br\/nepda\/wp-json\/wp\/v2\/users\/11"}],"replies":[{"embeddable":true,"href":"https:\/\/nucleos.uepb.edu.br\/nepda\/wp-json\/wp\/v2\/comments?post=3435"}],"version-history":[{"count":5,"href":"https:\/\/nucleos.uepb.edu.br\/nepda\/wp-json\/wp\/v2\/pages\/3435\/revisions"}],"predecessor-version":[{"id":3441,"href":"https:\/\/nucleos.uepb.edu.br\/nepda\/wp-json\/wp\/v2\/pages\/3435\/revisions\/3441"}],"wp:attachment":[{"href":"https:\/\/nucleos.uepb.edu.br\/nepda\/wp-json\/wp\/v2\/media?parent=3435"}],"curies":[{"name":"wp","href":"https:\/\/api.w.org\/{rel}","templated":true}]}}