{"id":39,"date":"2013-02-06T19:11:12","date_gmt":"2013-02-06T19:11:12","guid":{"rendered":"http:\/\/sites.uepb.edu.br\/nepda\/?page_id=39"},"modified":"2026-03-03T14:03:51","modified_gmt":"2026-03-03T17:03:51","slug":"publicacoes","status":"publish","type":"page","link":"https:\/\/nucleos.uepb.edu.br\/nepda\/publicacoes\/","title":{"rendered":"Publica\u00e7\u00f5es"},"content":{"rendered":"<div class=\"wpb-content-wrapper\"><p>[vc_row][vc_column][vc_column_text css=&#8221;&#8221;]<div id=\"wp-accordion-1\" class=\"wp-accordion wpui-light wpui-styles wpui-tabs-horizontal\" data-style=\"wpui-light\"> <h3 class=\"wp-tab-title\">Artigos e livros<\/h3> <div class=\"wp-tab-content\"><div class=\"wp-tab-content-wrapper\"><\/p>\n<ul>\n<li><a href=\"http:\/\/www.scielo.br\/pdf\/rbpi\/v56n1\/02.pdf\">Andrea Pacheco Pac\u00edfico<\/a>&nbsp;&#8211;&nbsp;<em>A network society communicative model for optimizing the Refugee Status Determination (RSD) &nbsp;procedures<\/em><\/li>\n<li><a href=\"https:\/\/www.amagis.com.br\/uploads\/noticias\/plusfiles\/5933_0.pdf\">Ant\u00f4nio Augusto Rodrigues Serpa <\/a>\u2013 Direito Internacional Penal e Humanit\u00e1rio<\/li>\n<li><a href=\"http:\/\/www.eumed.net\/rev\/oidles\/09\/bdbm.pdf\" target=\"_blank\" rel=\"noopener noreferrer\">Carolina Beltr\u00e3o de Medeiros<\/a>&nbsp;&#8211;&nbsp;<em>Avanzo del Conocimiento Para Adaptaci\u00f3n Sustentable al Calentamiento Global<\/em><\/li>\n<li><a href=\"http:\/\/www.remaatlantico.org\/Members\/suassuna\/projetos\/mitigacao-adaptacao-e-energia-o-nordeste-no-enfrentamento-do-aquecimento-global\/\" target=\"_blank\" rel=\"noopener noreferrer\">Carolina Beltr\u00e3o de Medeiros <\/a>&#8211;&nbsp;Mitiga\u00e7\u00e3o, Adapta\u00e7\u00e3o e Energia: O Nordeste no enfrentamento do Aquecimento Global<\/li>\n<li><a href=\"https:\/\/www.academia.edu\/28583773\/A_Prote%C3%A7%C3%A3o_dos_Refugiados_Ambientais_no_Direito_Internacional?auto=download&amp;campaign=upload_email\">Carolina de Abreu Batista Claro <\/a>&#8211;&nbsp;A prote\u00e7\u00e3o dos &#8220;Refugiados Ambientais&#8221; no Direito Internacional<\/li>\n<li><a href=\"http:\/\/www.csem.org.br\/remhu\/index.php\/remhu\/article\/viewFile\/125\/117\" target=\"_blank\" rel=\"noopener noreferrer\">Cyntia de Albuquerque Sampaio<\/a><strong>&nbsp;<\/strong>&#8211;<strong>&nbsp;<\/strong>Servi\u00e7o social e direitos humanos. Uma an\u00e1lise sobre os refugiados no Brasil<\/li>\n<li><a href=\"http:\/\/www.ecoeco.org.br\/conteudo\/publicacoes\/encontros\/VIII\/GT7-188-93-20090605034338.pdf\">Erika Pires Ramos<\/a>&nbsp;&#8211;&nbsp;A crise amaz\u00f4nica e a amea\u00e7a \u00e0 seguran\u00e7a ambiental global: poss\u00edvel cen\u00e1rio de refugiados ambientais para os povos da floresta<\/li>\n<li><a href=\"http:\/\/www.erudit.org\/revue\/eue\/2010\/v4\/n\/045230ar.pdf\" target=\"_blank\" rel=\"noopener noreferrer\">Gabriela da Costa Silva<\/a>&nbsp;&#8211;&nbsp;<em>Environmental Justice: A Case of Socio-environmental Vulnerability in Rio de Janeiro<\/em><\/li>\n<li><a href=\"http:\/\/www.revistadeestudosinternacionais.com\/uepb\/index.php\/rei\/article\/viewFile\/209\/pdf\">Jan Marcel Lacerda,&nbsp;Amanda Arruda Silva e&nbsp;Rayanne Nunes <\/a>&#8211;&nbsp;O Caso dos Refugiados S\u00edrios no Brasil e a Pol\u00edtica Internacional Contempor\u00e2nea<\/li>\n<li><a href=\"http:\/\/www.geocities.ws\/politicausp\/relacoesinternacionais\/soc_global\/Moreira.pdf\">Julia Bertino Moreira<\/a> &#8211; A quest\u00e3o dos refugiados nos contextos latino-americano e brasileiro<\/li>\n<li><a href=\"http:\/\/rua.ua.es\/dspace\/bitstream\/10045\/14479\/1\/RMF_35_30.pdf\">Julia Bertino Moreira e Rosana Baeninger<\/a> &#8211; <em>La integraci\u00f3n local de los refugiados en Brasil<\/em><\/li>\n<li><a href=\"http:\/\/ojs.ufgd.edu.br\/index.php\/moncoes\/article\/view\/4314\">Julia Bertino Moreira<\/a> &#8211; O Papel das C\u00e1tedras S\u00e9rgio Vieira de Mello no Processo de Integra\u00e7\u00e3o Local dos Refugiados no Brasil<\/li>\n<li><a href=\"https:\/\/cartainternacional.abri.org.br\/Carta\/article\/view\/335\">Julia Bertino Moreira<\/a> &#8211; Pol\u00edtica Externa e Refugiados no Brasil: uma an\u00e1lise sobre o governo Lula (2003-2010)<\/li>\n<li><a href=\"http:\/\/www.scielo.br\/pdf\/rbpi\/v53n1\/a06v53n1.pdf\">Julia Bertino Moreira<\/a> &#8211; Redemocratiza\u00e7\u00e3o e direitos humanos: a pol\u00edtica para&nbsp;refugiados no Brasil<\/li>\n<li><a href=\"http:\/\/outraspalavras.net\/outrasmidias\/capa-outras-midias\/por-que-o-haiti-esta-aqui\/?utm_source=feedly&amp;utm_reader=feedly&amp;utm_medium=rss&amp;utm_campaign=por-que-o-haiti-esta-aqui\">La\u00eds Azeredo Alves<\/a> &#8211; Por que o Haiti est\u00e1 aqui?<\/li>\n<li><a href=\"http:\/\/www.encontronacional2013.abri.org.br\/resources\/anais\/20\/1368890144_ARQUIVO_ArtigoABRI2013LAAversao18maio2013.pdf\">La\u00eds Azeredo Alves; Nara Farias; Mariana Lucena<\/a> &#8211;&nbsp;Seguran\u00e7a Humana e Seguran\u00e7a Estatal: o&nbsp;caso dos refugiados da primavera \u00e1rabe na Europa<\/li>\n<li><a href=\"https:\/\/www.jurua.com.br\/shop_item.asp?id=24233\">Lu\u00eds Augusto Bittencourt Minchola<\/a> &#8211; Imigrantes no Brasil: prote\u00e7\u00e3o dos Direitos Humanos e perspectivas pol\u00edtico-jur\u00eddicas<\/li>\n<li><a href=\"http:\/\/ojs.ufgd.edu.br\/index.php\/moncoes\/article\/download\/4296\/2340\">Lu\u00eds Augusto Bittencourt Minchola<\/a> &#8211; Prote\u00e7\u00e3o Internacional de Imigrantes e Refugiados e a Agenda Nacional<\/li>\n<li><a href=\"https:\/\/periodicos.ufsm.br\/revistadireito\/article\/view\/8333\">M\u00f3nica Montana Mart\u00ednez Ribas<\/a> &#8211; Processo Internacional pelos danos socioambientais causados a Equador pelo uso de glifosato no combate de cultivos il\u00edcitos na Amaz\u00f4nia colombiana<\/li>\n<li><a href=\"http:\/\/www.scielo.br\/scielo.php?script=sci_arttext&amp;pid=S1980-85852014000100017\">Patr\u00edcia Nabuco Martuscelli<\/a> &#8211; A Prote\u00e7\u00e3o Brasileira para crian\u00e7as refugiadas e suas consequ\u00eancia<\/li>\n<li><a href=\"http:\/\/www.redalyc.org\/pdf\/4070\/407045589016.pdf\">Patr\u00edcia Nabuco Martuscelli <\/a>&#8211; Crian\u00e7as Soldado na Col\u00f4mbia: a constru\u00e7\u00e3o de um sil\u00eancio na Pol\u00edtica Internacional<\/li>\n<li><a href=\"https:\/\/www.researchgate.net\/publication\/308019987_De_Chernobyl_a_Fukushima_os_impactos_dos_danos_ambientais_nos_direitos_das_criancas\">Patr\u00edcia Nabuco Martuscelli<\/a> &#8211; <em>De Chernobyl a Fukushima: os impactos dos danos ambientais nos direitos das crian\u00e7as<\/em><\/li>\n<li><a href=\"https:\/\/dialnet.unirioja.es\/servlet\/articulo?codigo=5223866\">Patr\u00edcia Nabuco Martuscelli<\/a> &#8211; <em>I Rifugiati in Italia e in Brasile: sfide e buone prassi<\/em><\/li>\n<li><a href=\"https:\/\/periodicos.pucminas.br\/index.php\/fronteira\/article\/view\/8655\">Patr\u00edcia Nabuco Martuscelli<\/a> &#8211; Pol\u00edtica brasileira para refugiados: pol\u00edtica de Estado ou pol\u00edtica de governo?<\/li>\n<li><a href=\"https:\/\/revista.egn.mar.mil.br\/index.php\/revistadaegn\/article\/view\/215\/177\">Patr\u00edcia Nabuco Martuscelli<\/a> &#8211; Rumo \u00e0 Securitiza\u00e7\u00e3o das Migra\u00e7\u00f5es nas Am\u00e9ricas? Perspectivas da Am\u00e9rica Latina e do Sul<\/li>\n<li><a href=\"http:\/\/www.encontro2017.abri.org.br\/resources\/anais\/8\/1498157130_ARQUIVO_ABRI2017cThalitafim.pdf\">Thalita Franciely de Melo Silva<\/a> &#8211; Regime <em>Stretching<\/em> como Solu\u00e7\u00e3o para a Prote\u00e7\u00e3o H\u00edbrida de Refugiados e Deslocados Ambientais no Brasil<\/li>\n<\/ul>\n<p><\/div><\/div><!-- end div.wp-tab-content --> <h3 class=\"wp-tab-title\">Boletins de an\u00e1lise de conjuntura<\/h3> <div class=\"wp-tab-content\"><div class=\"wp-tab-content-wrapper\"><\/p>\n<ul>\n<li><a href=\"https:\/\/drive.google.com\/file\/d\/1Q3MhzoYy6PtBur5ZCO0RpAxizQTb_Ta8\/view?usp=sharing\">Afeg\u00e3o no Brasil \/ Afghans in Brasil, por\/ by&nbsp;Bruna&nbsp;Ramos<\/a><\/li>\n<li><a href=\"https:\/\/nucleos.uepb.edu.br\/nepda\/wp-content\/uploads\/sites\/9\/2013\/02\/Arco-Andino-por-La\u00eds-Azeredo-Alves-1.pdf\">Arco Andino \/ Andean ARC, por\/by La\u00eds Azeredo Alves<\/a><\/li>\n<li><a href=\"https:\/\/drive.google.com\/file\/d\/1MoAS6QT5lpy0wXYFkxp36QOaP9rxR1fT\/view?usp=sharing\"><span style=\"font-weight: 400;\">Crian\u00e7as Em Deslocamento: Uma An\u00e1lise Das Viola\u00e7\u00f5es De Direitos No Contexto Do Conflito Sudan\u00eas \/ Children on the Move: An Analysis of Rights Violations in the Context of the Sudanese Conflict por \/ by Camila Ferreira Lucas<\/span><\/a><\/li>\n<li><a href=\"https:\/\/drive.google.com\/file\/d\/10_tA8xmJRYe2wYAYK2hD0BfeCLYKfPRb\/view?usp=sharing\">Educa\u00e7\u00e3o como Direito Fundamental: Os Direitos no Ensino \u00e0s Crian\u00e7as Refugiadas Rohingya \/ Education as a Fundamental Right: The Rights of Rohingya Refugee Children in Education por \/ by Lara Cec\u00edlia Ara\u00fajo dos Santos<\/a><\/li>\n<li><a href=\"https:\/\/drive.google.com\/file\/d\/1gcBM-NdthtTU7e288U1j4REt0E0jV6aV\/view?usp=sharing\">Ensaio Sobre O Melhor Interesse Da Crian\u00e7a: A Realidade Das Crian\u00e7as Palestinas \/&nbsp;Essay on the Best Interests of the Child: The Reality of Palestinian Children por \/ by Isabelly Lima Oliveira<\/a><\/li>\n<li><a href=\"https:\/\/drive.google.com\/file\/d\/1S2U1Pnu7qRKXULTuyPfxNANVNGwva_CY\/view?usp=drive_link\">Norte-coreanos na Coreia do Sul \/ North Koreans in South Korea por\/by <span style=\"font-weight: 400;\">Rebeka Jamilly Roberto <\/span><\/a><\/li>\n<li><a href=\"https:\/\/drive.google.com\/file\/d\/18Q4dO4wghB6K6lI2_rgl6c7jVoDHwdyu\/view?usp=sharing\"><span style=\"font-weight: 400;\">O N\u00e3o Reconhecimento Como Pol\u00edtica: Crian\u00e7as Venezuelanas Deslocadas e o Construtivismo Da Prote\u00e7\u00e3o Internacional \/ Non-Recognition as Policy: Displaced Venezuelan Children and the Constructivism of International Protection por \/ by Sara Kellen dos Santos<\/span><\/a><\/li>\n<li><a href=\"https:\/\/drive.google.com\/file\/d\/17AXeedL3LIaIjERLCvy6rTLXx5Lj_ZEw\/view?usp=sharing\">Pessoas Refugiadas na \u00cdndia \/&nbsp;Refugees in India por\/by&nbsp; Sofia Alves de Ara\u00fajo e\/and Lara Cec\u00edlia Ara\u00fajo dos Santos<\/a><\/li>\n<li><a href=\"https:\/\/drive.google.com\/file\/d\/1qwnui67_xC5cDJ7R2freIM2UXq-EyC2D\/view?usp=drive_link\">Refugiados na \u00c1ustria \/&nbsp;Refugees in Austria, por\/ by&nbsp;Sophia&nbsp;de Lucena<\/a><\/li>\n<li><a href=\"https:\/\/nucleos.uepb.edu.br\/nepda\/wp-content\/uploads\/sites\/9\/2013\/02\/Sahel-porMariana-e-Xaman-1.pdf\" target=\"_blank\" rel=\"noopener noreferrer\">Regi\u00e3o do Sahel\/Sahel Region, por\/ by Mariana de O. N\u00f3brega e\/and Xaman Korai P. Minillo<\/a><\/li>\n<li><a href=\"https:\/\/drive.google.com\/file\/d\/19duLhe8pdJAUqW7onw4a38DVsDxRUlqx\/view?usp=drive_link\">S\u00edrios e Ucranianos na Pol\u00f4nia \/ Syrians and Ukrainians in Poland por\/by <span style=\"font-weight: 400;\">Raquel Bandeira <\/span><\/a><\/li>\n<li><a href=\"https:\/\/drive.google.com\/file\/d\/1MrfK5zzwWsquPd6A1a5pB4uHhhQJaY_2\/view?usp=drive_link\">S\u00edrios na Hungria \/ Syrians in Hungary por\/by Andressa Carvalho<\/a><\/li>\n<li><a href=\"https:\/\/drive.google.com\/file\/d\/1b8SJHvHz-Zfq2GlgF-2lEG-eLoGK1Q7P\/view?usp=drive_link\">Ucranianos na Alemanha \/ Ukrainians in Germany, por\/by Everton Cunha<\/a><\/li>\n<li><a href=\"https:\/\/drive.google.com\/file\/d\/14lK93MAlCjdBRb5uHT68WqV0T3celJDJ\/view?usp=drive_link\">Venezuelanos no Brasil \/ Venezuelans in Brazil, por\/by Rafael dos Santos Francisco<\/a><\/li>\n<\/ul>\n<p><\/div><\/div><!-- end div.wp-tab-content --><\/p>\n<p><h3 class=\"wp-tab-title\">Perfis dos pa\u00edses<\/h3> <div class=\"wp-tab-content\"><div class=\"wp-tab-content-wrapper\"><\/p>\n<ul>\n<li><a href=\"https:\/\/nucleos.uepb.edu.br\/nepda\/download\/perfil-de-etiopia\/?wpdmdl=2735&amp;masterkey=5b59c124818d8\">Eti\u00f3pia\/Ethiopia, por\/by&nbsp;Valfrido Sales de Lira Neto<\/a><\/li>\n<li><a href=\"https:\/\/nucleos.uepb.edu.br\/nepda\/download\/perfil-da-india\/?wpdmdl=2725&amp;masterkey=5b59be22017ea\">\u00cdndia\/India, por\/by&nbsp;Andrews Severiano da Silva e Valfrido Sales de Lira Neto<\/a><\/li>\n<li><a href=\"https:\/\/nucleos.uepb.edu.br\/nepda\/download\/perfil-do-quenia\/?wpdmdl=2731&amp;masterkey=5b59c05c844af\">Qu\u00eania\/Kenya, por\/by&nbsp;Andrews Severiano da Silva e&nbsp;Valfrido Sales de Lira Neto<\/a><\/li>\n<li>Oriente M\u00e9dio\/Middle East, por\/by Lucas Castanheira<\/li>\n<li><a href=\"https:\/\/nucleos.uepb.edu.br\/nepda\/wp-content\/uploads\/sites\/9\/2013\/02\/Haiti-por-Nara-Farias-1.pdf\" target=\"_blank\" rel=\"noopener noreferrer\">Rep\u00fablica do Haiti\/Republic of Haiti, por\/by Nara Braga C. de Farias<\/a><\/li>\n<li><a href=\"https:\/\/nucleos.uepb.edu.br\/nepda\/download\/perfil-da-filandia\/?wpdmdl=2751&amp;masterkey=5b59c9a7c7b23\">Rep\u00fablica da Finl\u00e2ndia\/Republic of Finland, por\/by&nbsp;Andrews Severiano da Silva,&nbsp;Barbara Gomes da Rosa e&nbsp;Valfrido Sales de Lira Neto<\/a><\/li>\n<li><a href=\"https:\/\/nucleos.uepb.edu.br\/nepda\/download\/perfil-do-bangladesh\/?wpdmdl=2733&amp;masterkey=5b59c0d73231a\">Rep\u00fablica Popular de Bangladesh\/People&#8217;s Republic of Bangladesh, por\/by Andrews Severino da Silva<\/a><\/li>\n<li><a href=\"https:\/\/nucleos.uepb.edu.br\/nepda\/download\/perfil-de-ucrania\/?wpdmdl=2736&amp;masterkey=5b59c15270637\">Ucrania\/Ukraine, por\/by&nbsp;Andrews Severiano da Silva e Valfrido Sales de Lira Neto<\/a><\/li>\n<li><a href=\"https:\/\/nucleos.uepb.edu.br\/nepda\/download\/perfil-de-bosnia-herzegovina\/?wpdmdl=2734&amp;masterkey=5b59c10947f9b\">B\u00f3snia e Herzeg\u00f3vina\/Bosnia and Herzegovina, por\/by Andrews Severiano da Silva e Valfrido Sales de Lira Neto<\/a><\/li>\n<li><a href=\"https:\/\/nucleos.uepb.edu.br\/nepda\/download\/perfil-do-vietna\/?wpdmdl=2732&amp;masterkey=5b59c0a2bc29e\">Vietn\u00e3\/Vietnam, por\/by&nbsp;Andrews Severiano da Silva e Valfrido Sales de Lira Neto<\/a><\/li>\n<\/ul>\n<p><\/div><\/div><!-- end div.wp-tab-content --> <h3 class=\"wp-tab-title\">Documentos e relat\u00f3rios<\/h3> <div class=\"wp-tab-content\"><div class=\"wp-tab-content-wrapper\"><\/p>\n<ul>\n<li><a href=\"https:\/\/nucleos.uepb.edu.br\/nepda\/wp-content\/uploads\/sites\/9\/2024\/06\/RELATORIO-BI-ANUAL-2022-2023.pdf\" target=\"_blank\" rel=\"noopener\">Informe Bianual das Atividades 2022-2023<\/a><\/li>\n<li><a href=\"https:\/\/nucleos.uepb.edu.br\/nepda\/wp-content\/uploads\/sites\/9\/2023\/04\/NEPDA-Report-2020-21.pdf\">Informe Bianual das Atividades 2020-2021<\/a><\/li>\n<li><a href=\"https:\/\/nucleos.uepb.edu.br\/nepda\/wp-content\/uploads\/sites\/9\/2022\/10\/NEPDA-Rel-2018-19-fim.pdf\">Informe Bianual das Atividades 2018-2019<\/a><\/li>\n<li><a href=\"https:\/\/nucleos.uepb.edu.br\/nepda\/download\/relatorio-2016-17\/?wpdmdl=2758&amp;masterkey=5b59cb2a32d5f\">Informe Bianual das Atividades 2016-2017<\/a><\/li>\n<li><a href=\"https:\/\/nucleos.uepb.edu.br\/nepda\/download\/relatorio-2014-15\/?wpdmdl=2756&amp;masterkey=5b59cb0dd6fe1\">Informe bianual das Atividades 2014-2015<\/a><\/li>\n<li><a href=\"https:\/\/nucleos.uepb.edu.br\/nepda\/download\/relatorio-2012-13\/?wpdmdl=2755&amp;masterkey=5b59cae330596\" target=\"_blank\" rel=\"noopener noreferrer\">Informe Bianual das Atividades 2012-2013<\/a><\/li>\n<li><a href=\"https:\/\/mail-attachment.googleusercontent.com\/attachment\/u\/0\/?ui=2&amp;ik=fb5557c236&amp;attid=0.1&amp;permmsgid=msg-a:r-4812415967681722470&amp;th=1750319d61670140&amp;view=att&amp;disp=safe&amp;realattid=f_kfzdzazp0&amp;saddbat=ANGjdJ_9JZz2Xjos02fKy9E5HhCIzMmVPoU4jN_SNEHdMaFZLD_ZEkl_AvvXjohqSYV_dIyz_a6RGDxUinRZLmRBD1tf_xw6dfjID8xxwedOahfyF6H6R_MGTXCvMm5YNbv6zVLoyxuzf5xqXC9le-SyNiiXY26datIxDg0Llmc6hMGpW6ehqVMeLGftkEfqdPTPq_Ky_0749S0G1DBdh9Yn0TWNUc5YUFlKrNgK9NjvtjKzsy7mGUhqctpDIpMI_lUw85BQUoJ-5nUIUwa5Can4aNQcQYtnlvJW7XnK0WoTHzLT5GBnKdqtERTMu3s8Y0FWy68Iur83YxhjReCaExniVgrlqFPLhdmZe9d4fFeoRniqE6VWUL35JSEYfmKKFqgSmfhky-yWx9Z7ROe7CNTbCwZx4dJ0fQ7BZQFlwBgFR5tzRBnshwsUfGdg0wcV7BFdJP3GGxw64bQgOW0ULe4TpnFwh5Y2auks6nCOFGM3vxbj4t2mOob3WYkG2a3Y5FyinS9jIiyUa2SX29hfB1k7JHEQ1OeAp8EnGi6sHWPDSbLY1nELv-dnVHR5Eb_dXbzzJPoRnM7DFkKLF9MJ-Men2mfkX7c6o1h1mcejXea7Sr_dHxuFrIH2_1i9X61MbsuWFjyfck6pgLQJNELsS62gBVYverLAXSV9pG2YsUCXy4l1W4XGJyurOu-cqd8\">Ata de reuni\u00e3o departamental do curso de Rela\u00e7\u00f5es Internacionais que criou o NEPDA em 26 de abril de 2012<\/a><\/li>\n<li><a href=\"https:\/\/nucleos.uepb.edu.br\/nepda\/download\/uepb-consuni\/?wpdmdl=2765&amp;masterkey=5b59ce2b8abe7\">Cria\u00e7\u00e3o do NEPDA &#8211; Coment\u00e1rio enviado para sua publica\u00e7\u00e3o no Boletin Oficial de Para\u00edba em 04 de agosto de 2014<\/a><\/li>\n<li><a href=\"https:\/\/nucleos.uepb.edu.br\/nepda\/download\/nepda-consuni\/?wpdmdl=2754&amp;masterkey=5b59cabfa2541\">Resolu\u00e7\u00e3o de CONSUNI&nbsp;N. 071, de 19 de maio de 2014, se estabelece o NEPDA<\/a><\/li>\n<li><a href=\"https:\/\/nucleos.uepb.edu.br\/nepda\/download\/nepda-regimento\/?wpdmdl=2753&amp;masterkey=5b59ca6f64233\">Estatuto do NEPDA,&nbsp;aprovado por la opini\u00e3o legal do CONSUNI em 05 de novembro de 2014<\/a><\/li>\n<\/ul>\n<p><\/div><\/div><!-- end div.wp-tab-content --><\/p>\n<h3 class=\"wp-tab-title\">V\u00eddeos e \u00c1udios<\/h3>\n<div class=\"wp-tab-content\"><div class=\"wp-tab-content-wrapper\">\n<table id=\"tablepress-1\" class=\"tablepress tablepress-id-1\">\n<tbody>\n<tr class=\"row-1\">\n\t<td class=\"column-1\"><iframe width='220' height='200' src='\/\/www.youtube.com\/embed\/teittxWFf3w?autoplay=0&loop=0&rel=0' frameborder='0' allowfullscreen><\/iframe><\/td><td class=\"column-2\"><iframe width='220' height='200' src='\/\/www.youtube.com\/embed\/Kynawkmkam4?autoplay=0&loop=0&rel=0' frameborder='0' allowfullscreen><\/iframe><\/td><td class=\"column-3\"><iframe width='220' height='200' src='\/\/www.youtube.com\/embed\/YopgKe5ocuA?autoplay=0&loop=0&rel=0' frameborder='0' allowfullscreen><\/iframe><\/td>\n<\/tr>\n<tr class=\"row-2\">\n\t<td class=\"column-1\">Programa F\u00f3rum (TV Justi\u00e7a) sobre Deslocados Ambientais \u2013 09\/2010 \u2013 Carolina Claro e Andr\u00e9s Ramirez <\/td><td class=\"column-2\">Um Modelo Comunicativo de Sociedade em Rede para Otimizar os Procedimentos para Determinar a Condi\u00e7\u00e3o de Refugiados \u2013 RBPI 2013 \u2013 Andrea Pacheco Pac\u00edfico<\/td><td class=\"column-3\">Palestra Carolina Claro - Migra\u00e7\u00f5es e ref\u00fagio <\/td>\n<\/tr>\n<tr class=\"row-3\">\n\t<td class=\"column-1\"><iframe width='220' height='200' src='\/\/www.youtube.com\/embed\/MPVpfkM9wK0?autoplay=0&loop=0&rel=0' frameborder='0' allowfullscreen><\/iframe><\/td><td class=\"column-2\"><iframe width='220' height='200' src='\/\/www.youtube.com\/embed\/Uan1K8f0SrI?autoplay=0&loop=0&rel=0' frameborder='0' allowfullscreen><\/iframe><\/td><td class=\"column-3\"><iframe width='220' height='200' src='\/\/www.youtube.com\/embed\/eYBh1A8vIqI?autoplay=0&loop=0&rel=0' frameborder='0' allowfullscreen><\/iframe><\/td>\n<\/tr>\n<tr class=\"row-4\">\n\t<td class=\"column-1\">Oficina debate situa\u00e7\u00e3o de deslocados ambientalmente durante Confer\u00eancia <\/td><td class=\"column-2\">Migra\u00e7\u00f5es e Meio Ambiente - Profa. Carolina de Abreu B. Claro<\/td><td class=\"column-3\">C\u00e2mara Aberta = REFUGIADOS<br \/>\n<\/td>\n<\/tr>\n<tr class=\"row-5\">\n\t<td class=\"column-1\"><\/td><td class=\"column-2\"><\/td><td class=\"column-3\"><\/td>\n<\/tr>\n<tr class=\"row-6\">\n\t<td class=\"column-1\"><\/td><td class=\"column-2\"><\/td><td class=\"column-3\"><\/td>\n<\/tr>\n<\/tbody>\n<\/table>\n<!-- #tablepress-1 from cache --><\/div><\/div><!-- end div.wp-tab-content -->\n<p><\/div><!-- end div.wp-tabs -->[\/vc_column_text][\/vc_column][\/vc_row]<\/p>\n<\/div>","protected":false},"excerpt":{"rendered":"<p>[vc_row][vc_column][vc_column_text css=&#8221;&#8221;][\/vc_column_text][\/vc_column][\/vc_row]<\/p>\n","protected":false},"author":16,"featured_media":0,"parent":0,"menu_order":0,"comment_status":"open","ping_status":"open","template":"","meta":{"footnotes":""},"class_list":["post-39","page","type-page","status-publish","hentry"],"_links":{"self":[{"href":"https:\/\/nucleos.uepb.edu.br\/nepda\/wp-json\/wp\/v2\/pages\/39","targetHints":{"allow":["GET"]}}],"collection":[{"href":"https:\/\/nucleos.uepb.edu.br\/nepda\/wp-json\/wp\/v2\/pages"}],"about":[{"href":"https:\/\/nucleos.uepb.edu.br\/nepda\/wp-json\/wp\/v2\/types\/page"}],"author":[{"embeddable":true,"href":"https:\/\/nucleos.uepb.edu.br\/nepda\/wp-json\/wp\/v2\/users\/16"}],"replies":[{"embeddable":true,"href":"https:\/\/nucleos.uepb.edu.br\/nepda\/wp-json\/wp\/v2\/comments?post=39"}],"version-history":[{"count":109,"href":"https:\/\/nucleos.uepb.edu.br\/nepda\/wp-json\/wp\/v2\/pages\/39\/revisions"}],"predecessor-version":[{"id":3674,"href":"https:\/\/nucleos.uepb.edu.br\/nepda\/wp-json\/wp\/v2\/pages\/39\/revisions\/3674"}],"wp:attachment":[{"href":"https:\/\/nucleos.uepb.edu.br\/nepda\/wp-json\/wp\/v2\/media?parent=39"}],"curies":[{"name":"wp","href":"https:\/\/api.w.org\/{rel}","templated":true}]}}