{"id":43,"date":"2013-02-06T19:12:11","date_gmt":"2013-02-06T19:12:11","guid":{"rendered":"http:\/\/sites.uepb.edu.br\/nepda\/?page_id=43"},"modified":"2025-03-24T10:36:29","modified_gmt":"2025-03-24T13:36:29","slug":"fotos","status":"publish","type":"page","link":"https:\/\/nucleos.uepb.edu.br\/nepda\/fotos\/","title":{"rendered":"Fotos"},"content":{"rendered":"<p><!--:pt--><\/p>\n<div id=\"attachment_3525\" style=\"width: 310px\" class=\"wp-caption alignnone\"><img loading=\"lazy\" decoding=\"async\" aria-describedby=\"caption-attachment-3525\" class=\"size-medium wp-image-3525 img-responsive\" src=\"https:\/\/nucleos.uepb.edu.br\/nepda\/wp-content\/uploads\/sites\/9\/2025\/03\/WhatsApp-Image-2025-03-19-at-22.24.16-300x269.jpeg\" alt=\"\" width=\"300\" height=\"269\" srcset=\"https:\/\/nucleos.uepb.edu.br\/nepda\/wp-content\/uploads\/sites\/9\/2025\/03\/WhatsApp-Image-2025-03-19-at-22.24.16-300x269.jpeg 300w, https:\/\/nucleos.uepb.edu.br\/nepda\/wp-content\/uploads\/sites\/9\/2025\/03\/WhatsApp-Image-2025-03-19-at-22.24.16-1536x1375.jpeg 1536w, https:\/\/nucleos.uepb.edu.br\/nepda\/wp-content\/uploads\/sites\/9\/2025\/03\/WhatsApp-Image-2025-03-19-at-22.24.16-889x796.jpeg 889w, https:\/\/nucleos.uepb.edu.br\/nepda\/wp-content\/uploads\/sites\/9\/2025\/03\/WhatsApp-Image-2025-03-19-at-22.24.16.jpeg 1600w\" sizes=\"auto, (max-width: 300px) 100vw, 300px\" \/><p id=\"caption-attachment-3525\" class=\"wp-caption-text\">Apresenta\u00e7\u00e3o sobre o caso Braskem para alunos de \u00c9tica e Engenharia da UFPB<\/p><\/div>\n<p><a href=\"https:\/\/nucleos.uepb.edu.br\/nepda\/wp-content\/uploads\/sites\/9\/2013\/02\/20140319_174514.jpg\"><img loading=\"lazy\" decoding=\"async\" class=\"alignnone size-medium wp-image-1241 img-responsive\" src=\"https:\/\/nucleos.uepb.edu.br\/nepda\/wp-content\/uploads\/sites\/9\/2013\/02\/20140319_174514-300x204.jpg\" alt=\"20140319_174514\" width=\"300\" height=\"204\" \/><\/a> <a href=\"https:\/\/nucleos.uepb.edu.br\/nepda\/wp-content\/uploads\/sites\/9\/2013\/02\/20140319_174547.jpg\"><img loading=\"lazy\" decoding=\"async\" class=\"alignnone size-medium wp-image-1242 img-responsive\" src=\"https:\/\/nucleos.uepb.edu.br\/nepda\/wp-content\/uploads\/sites\/9\/2013\/02\/20140319_174547-300x168.jpg\" alt=\"20140319_174547\" width=\"300\" height=\"168\" \/><\/a> <a href=\"https:\/\/nucleos.uepb.edu.br\/nepda\/wp-content\/uploads\/sites\/9\/2013\/02\/20140319_174452.jpg\"><img loading=\"lazy\" decoding=\"async\" class=\"alignnone size-medium wp-image-1235 img-responsive\" src=\"https:\/\/nucleos.uepb.edu.br\/nepda\/wp-content\/uploads\/sites\/9\/2013\/02\/20140319_174452-300x168.jpg\" alt=\"20140319_174452\" width=\"300\" height=\"168\" \/><\/a> <a href=\"https:\/\/nucleos.uepb.edu.br\/nepda\/wp-content\/uploads\/sites\/9\/2013\/02\/20140319_174658.jpg\"><img loading=\"lazy\" decoding=\"async\" class=\"alignnone size-medium wp-image-1237 img-responsive\" src=\"https:\/\/nucleos.uepb.edu.br\/nepda\/wp-content\/uploads\/sites\/9\/2013\/02\/20140319_174658-300x168.jpg\" alt=\"20140319_174658\" width=\"300\" height=\"168\" \/><\/a> <a href=\"https:\/\/nucleos.uepb.edu.br\/nepda\/wp-content\/uploads\/sites\/9\/2013\/02\/20140319_174504.jpg\"><img loading=\"lazy\" decoding=\"async\" class=\"alignnone size-medium wp-image-1236 img-responsive\" src=\"https:\/\/nucleos.uepb.edu.br\/nepda\/wp-content\/uploads\/sites\/9\/2013\/02\/20140319_174504-300x168.jpg\" alt=\"20140319_174504\" width=\"300\" height=\"168\" \/><\/a> <a href=\"https:\/\/nucleos.uepb.edu.br\/nepda\/wp-content\/uploads\/sites\/9\/2013\/02\/20140319_175932.jpg\"><img loading=\"lazy\" decoding=\"async\" class=\"alignnone size-medium wp-image-1239 img-responsive\" src=\"https:\/\/nucleos.uepb.edu.br\/nepda\/wp-content\/uploads\/sites\/9\/2013\/02\/20140319_175932-300x168.jpg\" alt=\"20140319_175932\" width=\"300\" height=\"168\" \/><\/a> <a href=\"https:\/\/nucleos.uepb.edu.br\/nepda\/wp-content\/uploads\/sites\/9\/2013\/02\/20140319_174627.jpg\"><img loading=\"lazy\" decoding=\"async\" class=\"alignnone size-medium wp-image-1243 img-responsive\" src=\"https:\/\/nucleos.uepb.edu.br\/nepda\/wp-content\/uploads\/sites\/9\/2013\/02\/20140319_174627-300x184.jpg\" alt=\"20140319_174627\" width=\"300\" height=\"184\" \/><\/a> <a href=\"https:\/\/nucleos.uepb.edu.br\/nepda\/wp-content\/uploads\/sites\/9\/2013\/02\/20140319_174638.jpg\"><img loading=\"lazy\" decoding=\"async\" class=\"alignnone size-medium wp-image-1244 img-responsive\" src=\"https:\/\/nucleos.uepb.edu.br\/nepda\/wp-content\/uploads\/sites\/9\/2013\/02\/20140319_174638-300x168.jpg\" alt=\"20140319_174638\" width=\"300\" height=\"168\" \/><\/a> <a href=\"https:\/\/nucleos.uepb.edu.br\/nepda\/wp-content\/uploads\/sites\/9\/2013\/02\/20140319_175909.jpg\"><img loading=\"lazy\" decoding=\"async\" class=\"alignnone size-medium wp-image-1238 img-responsive\" src=\"https:\/\/nucleos.uepb.edu.br\/nepda\/wp-content\/uploads\/sites\/9\/2013\/02\/20140319_175909-300x168.jpg\" alt=\"20140319_175909\" width=\"300\" height=\"168\" \/><\/a> <a href=\"https:\/\/nucleos.uepb.edu.br\/nepda\/wp-content\/uploads\/sites\/9\/2013\/02\/20140319_175953.jpg\"><img loading=\"lazy\" decoding=\"async\" class=\"alignnone size-medium wp-image-1245 img-responsive\" src=\"https:\/\/nucleos.uepb.edu.br\/nepda\/wp-content\/uploads\/sites\/9\/2013\/02\/20140319_175953-300x168.jpg\" alt=\"20140319_175953\" width=\"300\" height=\"168\" \/><\/a> <a href=\"https:\/\/nucleos.uepb.edu.br\/nepda\/wp-content\/uploads\/sites\/9\/2013\/02\/20140319_180026.jpg\"><img loading=\"lazy\" decoding=\"async\" class=\"alignnone size-medium wp-image-1247 img-responsive\" src=\"https:\/\/nucleos.uepb.edu.br\/nepda\/wp-content\/uploads\/sites\/9\/2013\/02\/20140319_180026-300x168.jpg\" alt=\"20140319_180026\" width=\"300\" height=\"168\" \/><\/a> <a href=\"https:\/\/nucleos.uepb.edu.br\/nepda\/wp-content\/uploads\/sites\/9\/2013\/02\/20140319_180008.jpg\"><img loading=\"lazy\" decoding=\"async\" class=\"alignnone size-medium wp-image-1246 img-responsive\" src=\"https:\/\/nucleos.uepb.edu.br\/nepda\/wp-content\/uploads\/sites\/9\/2013\/02\/20140319_180008-300x168.jpg\" alt=\"20140319_180008\" width=\"300\" height=\"168\" \/><\/a> <a href=\"https:\/\/nucleos.uepb.edu.br\/nepda\/wp-content\/uploads\/sites\/9\/2013\/02\/20140319_174440.jpg\"><img loading=\"lazy\" decoding=\"async\" class=\"alignnone size-medium wp-image-1234 img-responsive\" src=\"https:\/\/nucleos.uepb.edu.br\/nepda\/wp-content\/uploads\/sites\/9\/2013\/02\/20140319_174440-300x168.jpg\" alt=\"CONFER\u00caNCIA LIVRE DO NEPDA PARA A I COMIGRAR - 19 de Mar\u00e7o de 2014\" width=\"300\" height=\"168\" \/><\/a><!--:--><!--:en--><\/p>\n<table id=\"tblFotos\">\n<tbody>\n<tr>\n<td><a href=\"http:\/\/sites.uepb.edu.br\/nepda\/seca-verde-alagoas-2012\/\">Green Drought &#8211; Alagoas 2012<\/a><\/td>\n<td><a href=\"http:\/\/sites.uepb.edu.br\/nepda\/o-nepda-na-14a-conferencia-da-iasfm-calcuta-india-6-a-9-de2013\/\">NEPDA at 14 IASFM Conference<br \/>\nKolkata, India, 6-9 January 2013<br \/>\n<\/a><\/td>\n<td><a href=\"http:\/\/sites.uepb.edu.br\/nepda\/nepda-na-lasa-2012-23-2605-san-francisco-eua\/\">NEPDA at LASA 2012<br \/>\nSan Francisco, USA, 23-26 May<\/a><\/td>\n<\/tr>\n<tr>\n<td><a href=\"http:\/\/sites.uepb.edu.br\/nepda\/seca-verde-alagoas-2012\"><img loading=\"lazy\" decoding=\"async\" class=\"alignleft size-full wp-image-207 img-responsive\" src=\"https:\/\/nucleos.uepb.edu.br\/nepda\/wp-content\/uploads\/sites\/9\/2013\/02\/capa-seca-verde-alagoas-2012.jpg\" alt=\"capa-seca-verde-alagoas-2012\" width=\"300\" height=\"225\" \/><\/a><\/td>\n<td><a href=\"http:\/\/sites.uepb.edu.br\/nepda\/o-nepda-na-14a-conferencia-da-iasfm-calcuta-india-6-a-9-de2013\/\"><img loading=\"lazy\" decoding=\"async\" class=\"alignleft size-full wp-image-206 img-responsive\" src=\"https:\/\/nucleos.uepb.edu.br\/nepda\/wp-content\/uploads\/sites\/9\/2013\/02\/capa-conferencia-IASFM.jpg\" alt=\"capa-conferencia-IASFM\" width=\"300\" height=\"225\" \/><\/a><\/td>\n<td><a href=\"http:\/\/sites.uepb.edu.br\/nepda\/nepda-na-lasa-2012-23-2605-san-francisco-eua\/\"><img loading=\"lazy\" decoding=\"async\" class=\"alignleft size-full wp-image-273 img-responsive\" src=\"https:\/\/nucleos.uepb.edu.br\/nepda\/wp-content\/uploads\/sites\/9\/2013\/02\/capa-NEPDA-na-LASA1.jpg\" alt=\"capa-NEPDA-na-LASA\" width=\"265\" height=\"225\" \/><\/a><\/td>\n<\/tr>\n<\/tbody>\n<\/table>\n<p><!--:--><\/p>\n","protected":false},"excerpt":{"rendered":"<p>Green Drought &#8211; Alagoas 2012 NEPDA at 14 IASFM Conference Kolkata, India, 6-9 January 2013 NEPDA at LASA 2012 San Francisco, USA, 23-26 May<\/p>\n","protected":false},"author":11,"featured_media":0,"parent":0,"menu_order":0,"comment_status":"open","ping_status":"open","template":"","meta":{"footnotes":""},"class_list":["post-43","page","type-page","status-publish","hentry"],"_links":{"self":[{"href":"https:\/\/nucleos.uepb.edu.br\/nepda\/wp-json\/wp\/v2\/pages\/43","targetHints":{"allow":["GET"]}}],"collection":[{"href":"https:\/\/nucleos.uepb.edu.br\/nepda\/wp-json\/wp\/v2\/pages"}],"about":[{"href":"https:\/\/nucleos.uepb.edu.br\/nepda\/wp-json\/wp\/v2\/types\/page"}],"author":[{"embeddable":true,"href":"https:\/\/nucleos.uepb.edu.br\/nepda\/wp-json\/wp\/v2\/users\/11"}],"replies":[{"embeddable":true,"href":"https:\/\/nucleos.uepb.edu.br\/nepda\/wp-json\/wp\/v2\/comments?post=43"}],"version-history":[{"count":1,"href":"https:\/\/nucleos.uepb.edu.br\/nepda\/wp-json\/wp\/v2\/pages\/43\/revisions"}],"predecessor-version":[{"id":3526,"href":"https:\/\/nucleos.uepb.edu.br\/nepda\/wp-json\/wp\/v2\/pages\/43\/revisions\/3526"}],"wp:attachment":[{"href":"https:\/\/nucleos.uepb.edu.br\/nepda\/wp-json\/wp\/v2\/media?parent=43"}],"curies":[{"name":"wp","href":"https:\/\/api.w.org\/{rel}","templated":true}]}}