{"id":45,"date":"2013-02-06T19:12:28","date_gmt":"2013-02-06T19:12:28","guid":{"rendered":"http:\/\/sites.uepb.edu.br\/nepda\/?page_id=45"},"modified":"2025-11-17T12:17:06","modified_gmt":"2025-11-17T15:17:06","slug":"contato","status":"publish","type":"page","link":"https:\/\/nucleos.uepb.edu.br\/nepda\/contato\/","title":{"rendered":"Contato"},"content":{"rendered":"<p>E-mail: nepda@uepb.edu.br<\/p>\n<p>Perfil do Instagram: <a href=\"https:\/\/www.instagram.com\/csvm.nepda.uepb?utm_source=ig_web_button_share_sheet&amp;igsh=ZDNlZDc0MzIxNw==\">https:\/\/www.instagram.com\/csvm.nepda.uepb?utm_source=ig_web_button_share_sheet&amp;igsh=ZDNlZDc0MzIxNw==\u00a0<\/a><\/p>\n<p>Perfil no Facebook: <a href=\"http:\/\/www.facebook.com\/groups\/378782818850301\/\" target=\"_blank\" rel=\"noopener noreferrer\">http:\/\/www.facebook.com\/groups\/378782818850301\/.<\/a><\/p>\n<p><strong>Endere\u00e7o para contato<\/strong>:<br \/>\nN\u00facleo de Estudo e Pesquisa sobre Deslocados Ambientais (Nepda)<br \/>\nA\/C Profa. Dra. Andrea Pacheco Pac\u00edfico<br \/>\nCurso de Rela\u00e7\u00f5es Internacionais<br \/>\nUniversidade Estadual da Para\u00edba &#8211; Campus V<br \/>\nR. Hor\u00e1rio Trajano de Oliveira, S\/N, Cristo Redentor,<br \/>\nJo\u00e3o Pessoa, Para\u00edba<br \/>\n58020-540, Brasil<\/p>\n","protected":false},"excerpt":{"rendered":"<p>E-mail: nepda@uepb.edu.br Perfil do Instagram: https:\/\/www.instagram.com\/csvm.nepda.uepb?utm_source=ig_web_button_share_sheet&amp;igsh=ZDNlZDc0MzIxNw==\u00a0 Perfil no Facebook: http:\/\/www.facebook.com\/groups\/378782818850301\/. Endere\u00e7o para contato: N\u00facleo de Estudo e Pesquisa sobre Deslocados Ambientais (Nepda) A\/C Profa. Dra. Andrea Pacheco Pac\u00edfico Curso de Rela\u00e7\u00f5es Internacionais Universidade Estadual da Para\u00edba &#8211; Campus V R. Hor\u00e1rio Trajano de Oliveira, S\/N, Cristo Redentor, Jo\u00e3o Pessoa, Para\u00edba 58020-540, Brasil<\/p>\n","protected":false},"author":11,"featured_media":0,"parent":0,"menu_order":0,"comment_status":"open","ping_status":"open","template":"","meta":{"footnotes":""},"class_list":["post-45","page","type-page","status-publish","hentry"],"_links":{"self":[{"href":"https:\/\/nucleos.uepb.edu.br\/nepda\/wp-json\/wp\/v2\/pages\/45","targetHints":{"allow":["GET"]}}],"collection":[{"href":"https:\/\/nucleos.uepb.edu.br\/nepda\/wp-json\/wp\/v2\/pages"}],"about":[{"href":"https:\/\/nucleos.uepb.edu.br\/nepda\/wp-json\/wp\/v2\/types\/page"}],"author":[{"embeddable":true,"href":"https:\/\/nucleos.uepb.edu.br\/nepda\/wp-json\/wp\/v2\/users\/11"}],"replies":[{"embeddable":true,"href":"https:\/\/nucleos.uepb.edu.br\/nepda\/wp-json\/wp\/v2\/comments?post=45"}],"version-history":[{"count":5,"href":"https:\/\/nucleos.uepb.edu.br\/nepda\/wp-json\/wp\/v2\/pages\/45\/revisions"}],"predecessor-version":[{"id":3666,"href":"https:\/\/nucleos.uepb.edu.br\/nepda\/wp-json\/wp\/v2\/pages\/45\/revisions\/3666"}],"wp:attachment":[{"href":"https:\/\/nucleos.uepb.edu.br\/nepda\/wp-json\/wp\/v2\/media?parent=45"}],"curies":[{"name":"wp","href":"https:\/\/api.w.org\/{rel}","templated":true}]}}