{"id":12,"date":"2022-06-14T09:53:16","date_gmt":"2022-06-14T12:53:16","guid":{"rendered":"https:\/\/nucleos.uepb.edu.br\/npj\/?page_id=12"},"modified":"2022-06-14T15:33:49","modified_gmt":"2022-06-14T18:33:49","slug":"estagio-obrigatorio","status":"publish","type":"page","link":"https:\/\/nucleos.uepb.edu.br\/npj\/estagio-obrigatorio\/","title":{"rendered":"Est\u00e1gios"},"content":{"rendered":"<div class=\"wpb-content-wrapper\"><p>[vc_row gap=&#8221;30&#8243; equal_height=&#8221;yes&#8221;][vc_column width=&#8221;1\/2&#8243; el_class=&#8221;conf-azul&#8221;][vc_text_separator title=&#8221;Est\u00e1gio Obrigat\u00f3rio&#8221; title_align=&#8221;separator_align_left&#8221; css=&#8221;.vc_custom_1655231562937{margin-top: 20px !important;}&#8221;][vc_column_text]O est\u00e1gio obrigat\u00f3rio \u00e9 realizado como disciplina obrigat\u00f3ria do curso, oferecida no 7\u00ba, 8\u00ba, 9\u00ba e 10\u00ba per\u00edodos do curso diurno e 8\u00ba, 9\u00ba, 10\u00ba e 11\u00ba per\u00edodos do curso noturno.<\/p>\n<p>O est\u00e1gio obrigat\u00f3rio I contempla a \u00e1rea do Direito Civil.<\/p>\n<p>O est\u00e1gio obrigat\u00f3rio II contempla as \u00e1reas do Direito do Trabalho e Previd\u00eancia.<\/p>\n<p>O est\u00e1gio obrigat\u00f3rio III contempla as \u00e1reas do Direito Administrativo e Tribut\u00e1rio.<\/p>\n<p>O est\u00e1gio obrigat\u00f3rio IV contempla as \u00e1reas do Direito Penal.<\/p>\n<p>Pr\u00e9-requisitos: (a preencher)[\/vc_column_text][\/vc_column][vc_column width=&#8221;1\/2&#8243; el_class=&#8221;conf-azul&#8221;][vc_text_separator title=&#8221;Est\u00e1gio N\u00e3o Obrigat\u00f3rio&#8221; title_align=&#8221;separator_align_left&#8221; css=&#8221;.vc_custom_1655231627602{margin-top: 20px !important;}&#8221;][vc_column_text]O est\u00e1gio N\u00e3o obrigat\u00f3rio \u00e9 atividade acad\u00eamica complementar exigida na forma\u00e7\u00e3o universit\u00e1ria, mas de livre escolha para o aluno em qualquer \u00e1rea do Direito e em qualquer per\u00edodo do Curso.<\/p>\n<p>Ocorre mediante supervis\u00e3o de professor do curso e \u00e9 pass\u00edvel de certifica\u00e7\u00e3o pela PROGRAD.<\/p>\n<p>V\u00e1rias empresas, \u00f3rg\u00e3os p\u00fablicos\u00a0 e escrit\u00f3rios de advocacia acolhem o estagi\u00e1rio do Direito, para atividade em treinamento.[\/vc_column_text][\/vc_column][\/vc_row]<\/p>\n<\/div>","protected":false},"excerpt":{"rendered":"<p>[vc_row gap=&#8221;30&#8243; equal_height=&#8221;yes&#8221;][vc_column width=&#8221;1\/2&#8243; el_class=&#8221;conf-azul&#8221;][vc_text_separator title=&#8221;Est\u00e1gio Obrigat\u00f3rio&#8221; title_align=&#8221;separator_align_left&#8221; css=&#8221;.vc_custom_1655231562937{margin-top: 20px !important;}&#8221;][vc_column_text]O est\u00e1gio obrigat\u00f3rio \u00e9 realizado como disciplina obrigat\u00f3ria do curso, oferecida no 7\u00ba, 8\u00ba, 9\u00ba e 10\u00ba per\u00edodos do curso diurno e 8\u00ba, 9\u00ba, 10\u00ba e 11\u00ba per\u00edodos do curso noturno. O est\u00e1gio obrigat\u00f3rio I contempla a \u00e1rea do Direito Civil. O est\u00e1gio obrigat\u00f3rio II <a class=\"leiamais\" href=\"https:\/\/nucleos.uepb.edu.br\/npj\/estagio-obrigatorio\/\">Leia Mais&#8230;<\/a><\/p>\n","protected":false},"author":11,"featured_media":0,"parent":0,"menu_order":0,"comment_status":"closed","ping_status":"closed","template":"","meta":{"footnotes":""},"class_list":["post-12","page","type-page","status-publish","hentry"],"_links":{"self":[{"href":"https:\/\/nucleos.uepb.edu.br\/npj\/wp-json\/wp\/v2\/pages\/12","targetHints":{"allow":["GET"]}}],"collection":[{"href":"https:\/\/nucleos.uepb.edu.br\/npj\/wp-json\/wp\/v2\/pages"}],"about":[{"href":"https:\/\/nucleos.uepb.edu.br\/npj\/wp-json\/wp\/v2\/types\/page"}],"author":[{"embeddable":true,"href":"https:\/\/nucleos.uepb.edu.br\/npj\/wp-json\/wp\/v2\/users\/11"}],"replies":[{"embeddable":true,"href":"https:\/\/nucleos.uepb.edu.br\/npj\/wp-json\/wp\/v2\/comments?post=12"}],"version-history":[{"count":9,"href":"https:\/\/nucleos.uepb.edu.br\/npj\/wp-json\/wp\/v2\/pages\/12\/revisions"}],"predecessor-version":[{"id":65,"href":"https:\/\/nucleos.uepb.edu.br\/npj\/wp-json\/wp\/v2\/pages\/12\/revisions\/65"}],"wp:attachment":[{"href":"https:\/\/nucleos.uepb.edu.br\/npj\/wp-json\/wp\/v2\/media?parent=12"}],"curies":[{"name":"wp","href":"https:\/\/api.w.org\/{rel}","templated":true}]}}