{"id":25,"date":"2022-06-14T14:11:18","date_gmt":"2022-06-14T17:11:18","guid":{"rendered":"https:\/\/nucleos.uepb.edu.br\/npj\/?page_id=25"},"modified":"2022-06-15T09:46:15","modified_gmt":"2022-06-15T12:46:15","slug":"cejusc-tjpb-1e-mediacao-extrajudicial","status":"publish","type":"page","link":"https:\/\/nucleos.uepb.edu.br\/npj\/cejusc-tjpb-1e-mediacao-extrajudicial\/","title":{"rendered":"CEJUSC\/TJPB &#8211; Concilia\u00e7\u00e3o e media\u00e7\u00e3o extrajudicial"},"content":{"rendered":"<div class=\"wpb-content-wrapper\"><p>[vc_row gap=&#8221;30&#8243;][vc_column width=&#8221;1\/2&#8243; el_class=&#8221;conf-azul&#8221;][vc_column_text]O Tribunal de Justi\u00e7a da Para\u00edba, por meio do seu N\u00facleo de Concilia\u00e7\u00e3o, vem desenvolvendo iniciativas que possam demonstrar aos jurisdicionados outras caminhos para \u00e0 Justi\u00e7a, como o Projeto Curso de Direito Amigo da Concilia\u00e7\u00e3o.<\/p>\n<p>Assim, \u00e9 prop\u00f3sito deste, estimular o estudo e pr\u00e1tica das formas extrajudiciais, despertando uma nova consci\u00eancia nas gera\u00e7\u00f5es futuras dos aplicadores do Direito, de uma filosofia centrada na cultura de paz e de amplia\u00e7\u00e3o das portas de acesso \u00e0 Justi\u00e7a.<\/p>\n<p>Meta do Conselho Nacional de Justi\u00e7a, visa ao fomento e populariza\u00e7\u00e3o da Concilia\u00e7\u00e3o, a Media\u00e7\u00e3o e a Negocia\u00e7\u00e3o, como outros caminhos de acesso \u00e0 Justi\u00e7a, inclusive, na desobstru\u00e7\u00e3o da pauta do Poder Judici\u00e1rio, criando uma nova cultura no sistema de Justi\u00e7a em nosso pa\u00eds.[\/vc_column_text][\/vc_column][vc_column width=&#8221;1\/2&#8243;][vc_column_text]<img loading=\"lazy\" decoding=\"async\" class=\"size-full wp-image-26 alignleft img-responsive\" src=\"https:\/\/nucleos.uepb.edu.br\/npj\/wp-content\/uploads\/sites\/12\/2022\/06\/cejusc.png\" alt=\"\" width=\"167\" height=\"146\" \/>Conv\u00eanio: <a href=\"https:\/\/nucleos.uepb.edu.br\/npj\/download\/convenio-adm-2018259584-tct-013-2019\/?wpdmdl=66&amp;masterkey=9Jwbs7H37CpnMg62urJVtmUm1uaZt7CC0KShsNk0Qk2jV93V6DY6T2eEsaeg1ZwEIG6B7MGesPTS-tsu-uL2ty6XkWDvDtfxCAxpD7o-0H4\">ADM 2018259584 \u2013 TCT 013\/2019<\/a><br \/>\n(Venc. 11\/04\/2021)<\/p>\n<p><strong>Contato <\/strong><br \/>\nMovimentadores:<br \/>\nFone: (83) 3310-9757<br \/>\nE-mail: cejuscviiuepb@gmail.com[\/vc_column_text][\/vc_column][\/vc_row]<\/p>\n<\/div>","protected":false},"excerpt":{"rendered":"<p>[vc_row gap=&#8221;30&#8243;][vc_column width=&#8221;1\/2&#8243; el_class=&#8221;conf-azul&#8221;][vc_column_text]O Tribunal de Justi\u00e7a da Para\u00edba, por meio do seu N\u00facleo de Concilia\u00e7\u00e3o, vem desenvolvendo iniciativas que possam demonstrar aos jurisdicionados outras caminhos para \u00e0 Justi\u00e7a, como o Projeto Curso de Direito Amigo da Concilia\u00e7\u00e3o. Assim, \u00e9 prop\u00f3sito deste, estimular o estudo e pr\u00e1tica das formas extrajudiciais, despertando uma nova consci\u00eancia nas <a class=\"leiamais\" href=\"https:\/\/nucleos.uepb.edu.br\/npj\/cejusc-tjpb-1e-mediacao-extrajudicial\/\">Leia Mais&#8230;<\/a><\/p>\n","protected":false},"author":11,"featured_media":0,"parent":0,"menu_order":0,"comment_status":"closed","ping_status":"closed","template":"","meta":{"footnotes":""},"class_list":["post-25","page","type-page","status-publish","hentry"],"_links":{"self":[{"href":"https:\/\/nucleos.uepb.edu.br\/npj\/wp-json\/wp\/v2\/pages\/25","targetHints":{"allow":["GET"]}}],"collection":[{"href":"https:\/\/nucleos.uepb.edu.br\/npj\/wp-json\/wp\/v2\/pages"}],"about":[{"href":"https:\/\/nucleos.uepb.edu.br\/npj\/wp-json\/wp\/v2\/types\/page"}],"author":[{"embeddable":true,"href":"https:\/\/nucleos.uepb.edu.br\/npj\/wp-json\/wp\/v2\/users\/11"}],"replies":[{"embeddable":true,"href":"https:\/\/nucleos.uepb.edu.br\/npj\/wp-json\/wp\/v2\/comments?post=25"}],"version-history":[{"count":17,"href":"https:\/\/nucleos.uepb.edu.br\/npj\/wp-json\/wp\/v2\/pages\/25\/revisions"}],"predecessor-version":[{"id":73,"href":"https:\/\/nucleos.uepb.edu.br\/npj\/wp-json\/wp\/v2\/pages\/25\/revisions\/73"}],"wp:attachment":[{"href":"https:\/\/nucleos.uepb.edu.br\/npj\/wp-json\/wp\/v2\/media?parent=25"}],"curies":[{"name":"wp","href":"https:\/\/api.w.org\/{rel}","templated":true}]}}