{"id":40,"date":"2022-06-14T14:58:26","date_gmt":"2022-06-14T17:58:26","guid":{"rendered":"https:\/\/nucleos.uepb.edu.br\/npj\/?page_id=40"},"modified":"2022-06-15T08:31:15","modified_gmt":"2022-06-15T11:31:15","slug":"documentos","status":"publish","type":"page","link":"https:\/\/nucleos.uepb.edu.br\/npj\/documentos\/","title":{"rendered":"Documentos"},"content":{"rendered":"<div class=\"wpb-content-wrapper\"><p>[vc_row][vc_column][vc_message message_box_color=&#8221;alert-warning&#8221;]Em constru\u00e7\u00e3o.[\/vc_message][vc_column_text]<strong>Relat\u00f3rios<\/strong><\/p>\n<ul>\n<li>Relat\u00f3rio Supervis\u00e3o de Est\u00e1gio<\/li>\n<li>Relat\u00f3rio EM2021<\/li>\n<li>Relat\u00f3rio EM\/NPJ 2020<\/li>\n<li>Relat\u00f3rio NPJ2020<\/li>\n<li>Relat\u00f3rio Parcial de Atividades<\/li>\n<\/ul>\n<p>[\/vc_column_text][\/vc_column][\/vc_row]<\/p>\n<\/div>","protected":false},"excerpt":{"rendered":"<p>[vc_row][vc_column][vc_message message_box_color=&#8221;alert-warning&#8221;]Em constru\u00e7\u00e3o.[\/vc_message][vc_column_text]Relat\u00f3rios Relat\u00f3rio Supervis\u00e3o de Est\u00e1gio Relat\u00f3rio EM2021 Relat\u00f3rio EM\/NPJ 2020 Relat\u00f3rio NPJ2020 Relat\u00f3rio Parcial de Atividades [\/vc_column_text][\/vc_column][\/vc_row]<\/p>\n","protected":false},"author":11,"featured_media":0,"parent":0,"menu_order":0,"comment_status":"closed","ping_status":"closed","template":"","meta":{"footnotes":""},"class_list":["post-40","page","type-page","status-publish","hentry"],"_links":{"self":[{"href":"https:\/\/nucleos.uepb.edu.br\/npj\/wp-json\/wp\/v2\/pages\/40","targetHints":{"allow":["GET"]}}],"collection":[{"href":"https:\/\/nucleos.uepb.edu.br\/npj\/wp-json\/wp\/v2\/pages"}],"about":[{"href":"https:\/\/nucleos.uepb.edu.br\/npj\/wp-json\/wp\/v2\/types\/page"}],"author":[{"embeddable":true,"href":"https:\/\/nucleos.uepb.edu.br\/npj\/wp-json\/wp\/v2\/users\/11"}],"replies":[{"embeddable":true,"href":"https:\/\/nucleos.uepb.edu.br\/npj\/wp-json\/wp\/v2\/comments?post=40"}],"version-history":[{"count":4,"href":"https:\/\/nucleos.uepb.edu.br\/npj\/wp-json\/wp\/v2\/pages\/40\/revisions"}],"predecessor-version":[{"id":70,"href":"https:\/\/nucleos.uepb.edu.br\/npj\/wp-json\/wp\/v2\/pages\/40\/revisions\/70"}],"wp:attachment":[{"href":"https:\/\/nucleos.uepb.edu.br\/npj\/wp-json\/wp\/v2\/media?parent=40"}],"curies":[{"name":"wp","href":"https:\/\/api.w.org\/{rel}","templated":true}]}}