{"id":6,"date":"2022-06-14T09:22:48","date_gmt":"2022-06-14T12:22:48","guid":{"rendered":"https:\/\/nucleos.uepb.edu.br\/npj\/?page_id=6"},"modified":"2022-06-14T15:32:05","modified_gmt":"2022-06-14T18:32:05","slug":"home","status":"publish","type":"page","link":"https:\/\/nucleos.uepb.edu.br\/npj\/","title":{"rendered":"Home"},"content":{"rendered":"<div class=\"wpb-content-wrapper\"><p>[vc_row gap=&#8221;30&#8243; equal_height=&#8221;yes&#8221;][vc_column width=&#8221;2\/3&#8243; el_class=&#8221;conf-azul&#8221;][vc_text_separator title=&#8221;NPJ&#8221; i_icon_fontawesome=&#8221;fas fa-balance-scale&#8221; i_color=&#8221;custom&#8221; i_size=&#8221;sm&#8221; title_align=&#8221;separator_align_left&#8221; add_icon=&#8221;true&#8221; i_custom_color=&#8221;#2d95bf&#8221;][vc_column_text]O N\u00facleo de Pr\u00e1tica Jur\u00eddica (NPJ) do Centro de Ci\u00eancias Jur\u00eddicas \u2013 Curso de Direito, Campus I, \u00e9 voltado ao treinamento acad\u00eamico nas diversas \u00e1reas do Direito mediante est\u00e1gio curricular obrigat\u00f3rio.<\/p>\n<p>Com potencial extraordin\u00e1rio para o entrosamento com a sociedade, atua na presta\u00e7\u00e3o de assist\u00eancia jur\u00eddica aos necessitados em Escrit\u00f3rio Modelo. Tamb\u00e9m disp\u00f5e de unidade do CEJUSC\/TJPB, estrutura para \u00a0C\u00e2mara de Cidadania, Media\u00e7\u00e3o e Arbitragem, Programa de Resid\u00eancia Jur\u00eddica, Centro de Refer\u00eancia em Direitos Humanos, al\u00e9m da Unidade do Campus Avan\u00e7ado no Pres\u00eddio Serrot\u00e3o.<\/p>\n<p>Mantem conv\u00eanios com diversas esferas judici\u00e1rias e de defesa dos direitos individuais, difusos e coletivos.[\/vc_column_text][\/vc_column][vc_column width=&#8221;1\/3&#8243; el_class=&#8221;conf-azul&#8221;][vc_text_separator title=&#8221;Acesso R\u00e1pido&#8221; i_icon_fontawesome=&#8221;fas fa-external-link-alt&#8221; i_color=&#8221;custom&#8221; i_size=&#8221;sm&#8221; title_align=&#8221;separator_align_left&#8221; add_icon=&#8221;true&#8221; i_custom_color=&#8221;#2d95bf&#8221;][vc_column_text]<\/p>\n<ul>\n<li>Rela\u00e7\u00e3o dos professores supervisores<\/li>\n<li>Declara\u00e7\u00e3o de Aceite<\/li>\n<li>Plano de Atividades Estagiario<\/li>\n<li><a href=\"http:\/\/www.planalto.gov.br\/ccivil_03\/_ato2007-2010\/2008\/lei\/l11788.htm\" target=\"_blank\" rel=\"noopener\">Lei n\u00ba 13.788\/2008<\/a> (Lei dos est\u00e1gios)<\/li>\n<li><a href=\"https:\/\/uepb.edu.br\/prograd\/estagio-e-programas\/estagio-supervisionado\/\" target=\"_blank\" rel=\"noopener\">PROGRAD \u2013 Coordena\u00e7\u00e3o geral de est\u00e1gio<\/a><\/li>\n<li><a href=\"https:\/\/uepb.edu.br\/proad\/contratos-e-convenios\/\" target=\"_blank\" rel=\"noopener\">PROAD \u2013 Contratos e conv\u00eanios<\/a><\/li>\n<li><a href=\"https:\/\/uepb.edu.br\/proest\/\" target=\"_blank\" rel=\"noopener\">PROEST<\/a><\/li>\n<\/ul>\n<p>[\/vc_column_text][\/vc_column][\/vc_row]<\/p>\n<\/div>","protected":false},"excerpt":{"rendered":"<p>[vc_row gap=&#8221;30&#8243; equal_height=&#8221;yes&#8221;][vc_column width=&#8221;2\/3&#8243; el_class=&#8221;conf-azul&#8221;][vc_text_separator title=&#8221;NPJ&#8221; i_icon_fontawesome=&#8221;fas fa-balance-scale&#8221; i_color=&#8221;custom&#8221; i_size=&#8221;sm&#8221; title_align=&#8221;separator_align_left&#8221; add_icon=&#8221;true&#8221; i_custom_color=&#8221;#2d95bf&#8221;][vc_column_text]O N\u00facleo de Pr\u00e1tica Jur\u00eddica (NPJ) do Centro de Ci\u00eancias Jur\u00eddicas \u2013 Curso de Direito, Campus I, \u00e9 voltado ao treinamento acad\u00eamico nas diversas \u00e1reas do Direito mediante est\u00e1gio curricular obrigat\u00f3rio. Com potencial extraordin\u00e1rio para o entrosamento com a sociedade, atua na presta\u00e7\u00e3o <a class=\"leiamais\" href=\"https:\/\/nucleos.uepb.edu.br\/npj\/\">Leia Mais&#8230;<\/a><\/p>\n","protected":false},"author":11,"featured_media":9,"parent":0,"menu_order":0,"comment_status":"closed","ping_status":"closed","template":"","meta":{"footnotes":""},"class_list":["post-6","page","type-page","status-publish","has-post-thumbnail","hentry"],"_links":{"self":[{"href":"https:\/\/nucleos.uepb.edu.br\/npj\/wp-json\/wp\/v2\/pages\/6","targetHints":{"allow":["GET"]}}],"collection":[{"href":"https:\/\/nucleos.uepb.edu.br\/npj\/wp-json\/wp\/v2\/pages"}],"about":[{"href":"https:\/\/nucleos.uepb.edu.br\/npj\/wp-json\/wp\/v2\/types\/page"}],"author":[{"embeddable":true,"href":"https:\/\/nucleos.uepb.edu.br\/npj\/wp-json\/wp\/v2\/users\/11"}],"replies":[{"embeddable":true,"href":"https:\/\/nucleos.uepb.edu.br\/npj\/wp-json\/wp\/v2\/comments?post=6"}],"version-history":[{"count":8,"href":"https:\/\/nucleos.uepb.edu.br\/npj\/wp-json\/wp\/v2\/pages\/6\/revisions"}],"predecessor-version":[{"id":47,"href":"https:\/\/nucleos.uepb.edu.br\/npj\/wp-json\/wp\/v2\/pages\/6\/revisions\/47"}],"wp:featuredmedia":[{"embeddable":true,"href":"https:\/\/nucleos.uepb.edu.br\/npj\/wp-json\/wp\/v2\/media\/9"}],"wp:attachment":[{"href":"https:\/\/nucleos.uepb.edu.br\/npj\/wp-json\/wp\/v2\/media?parent=6"}],"curies":[{"name":"wp","href":"https:\/\/api.w.org\/{rel}","templated":true}]}}