{"id":13,"date":"2026-03-24T08:00:58","date_gmt":"2026-03-24T11:00:58","guid":{"rendered":"https:\/\/nucleos.uepb.edu.br\/nuhlc\/?page_id=13"},"modified":"2026-04-01T07:59:28","modified_gmt":"2026-04-01T10:59:28","slug":"equipe","status":"publish","type":"page","link":"https:\/\/nucleos.uepb.edu.br\/nuhlc\/equipe\/","title":{"rendered":"Equipe"},"content":{"rendered":"<div class=\"wpb-content-wrapper\"><p>[vc_row][vc_column][vc_column_text css=&#8221;&#8221;]<strong>PESQUISADORES<\/strong><\/p>\n<ul>\n<li>Coordenadora Maria do Socorro Cipriano<\/li>\n<li>Vice-Coordenador Jos\u00e9 Adilson Filho<\/li>\n<\/ul>\n<p><strong>PESQUISADORES COLABORADORES<\/strong><\/p>\n<ul>\n<li>Noemia Dayana de Oliveira<\/li>\n<li>Jefferson Evanio da Silva<\/li>\n<li>Auric\u00e9lia Pereira Lopes<\/li>\n<li>Roberto Silva Muniz<\/li>\n<li>Of\u00e9lia Maria Barros<\/li>\n<li>Josenildo Marques da Silva<\/li>\n<li>Jos\u00e9 Pereira de Sousa J\u00fanior (Universidade de Pernambuco)<\/li>\n<li>Alana de Moraes Leite (Secretaria de Educa\u00e7\u00e3o do Pernambuco)<\/li>\n<\/ul>\n<p>[\/vc_column_text][\/vc_column][\/vc_row]<\/p>\n<\/div>","protected":false},"excerpt":{"rendered":"<p>[vc_row][vc_column][vc_column_text css=&#8221;&#8221;]PESQUISADORES Coordenadora Maria do Socorro Cipriano Vice-Coordenador Jos\u00e9 Adilson Filho PESQUISADORES COLABORADORES Noemia Dayana de Oliveira Jefferson Evanio da Silva Auric\u00e9lia Pereira Lopes Roberto Silva Muniz Of\u00e9lia Maria Barros Josenildo Marques da Silva Jos\u00e9 Pereira de Sousa J\u00fanior (Universidade de Pernambuco) Alana de Moraes Leite (Secretaria de Educa\u00e7\u00e3o do Pernambuco) [\/vc_column_text][\/vc_column][\/vc_row]<\/p>\n","protected":false},"author":8,"featured_media":0,"parent":0,"menu_order":0,"comment_status":"closed","ping_status":"closed","template":"","meta":{"footnotes":""},"class_list":["post-13","page","type-page","status-publish","hentry"],"_links":{"self":[{"href":"https:\/\/nucleos.uepb.edu.br\/nuhlc\/wp-json\/wp\/v2\/pages\/13","targetHints":{"allow":["GET"]}}],"collection":[{"href":"https:\/\/nucleos.uepb.edu.br\/nuhlc\/wp-json\/wp\/v2\/pages"}],"about":[{"href":"https:\/\/nucleos.uepb.edu.br\/nuhlc\/wp-json\/wp\/v2\/types\/page"}],"author":[{"embeddable":true,"href":"https:\/\/nucleos.uepb.edu.br\/nuhlc\/wp-json\/wp\/v2\/users\/8"}],"replies":[{"embeddable":true,"href":"https:\/\/nucleos.uepb.edu.br\/nuhlc\/wp-json\/wp\/v2\/comments?post=13"}],"version-history":[{"count":3,"href":"https:\/\/nucleos.uepb.edu.br\/nuhlc\/wp-json\/wp\/v2\/pages\/13\/revisions"}],"predecessor-version":[{"id":46,"href":"https:\/\/nucleos.uepb.edu.br\/nuhlc\/wp-json\/wp\/v2\/pages\/13\/revisions\/46"}],"wp:attachment":[{"href":"https:\/\/nucleos.uepb.edu.br\/nuhlc\/wp-json\/wp\/v2\/media?parent=13"}],"curies":[{"name":"wp","href":"https:\/\/api.w.org\/{rel}","templated":true}]}}