{"id":5,"date":"2026-03-24T07:59:54","date_gmt":"2026-03-24T10:59:54","guid":{"rendered":"https:\/\/nucleos.uepb.edu.br\/nuhlc\/?page_id=5"},"modified":"2026-03-24T09:46:37","modified_gmt":"2026-03-24T12:46:37","slug":"pagina-inicial","status":"publish","type":"page","link":"https:\/\/nucleos.uepb.edu.br\/nuhlc\/","title":{"rendered":"P\u00e1gina Inicial"},"content":{"rendered":"<div class=\"wpb-content-wrapper\"><p>[vc_row][vc_column width=&#8221;2\/3&#8243;][vc_text_separator title=&#8221;Apresenta\u00e7\u00e3o&#8221; i_icon_fontawesome=&#8221;fa fa-solid fa-building-columns&#8221; i_color=&#8221;custom&#8221; title_align=&#8221;separator_align_left&#8221; css=&#8221;&#8221; add_icon=&#8221;true&#8221; i_custom_color=&#8221;#CC0000&#8243;][vc_column_text css=&#8221;&#8221;]O N\u00facleo de Hist\u00f3ria e Linguagens Contempor\u00e2neas (NUHLC) est\u00e1 vinculado ao Departamento de Hist\u00f3ria, Campus I, da Universidade Estadual da Para\u00edba (UEPB), onde desenvolve atividades de pesquisa, ensino e extens\u00e3o. Atualmente, a miss\u00e3o do n\u00facleo \u00e9 a de ampliar os di\u00e1logos e parcerias com outros grupos de pesquisa, da nossa institui\u00e7\u00e3o e de outras institui\u00e7\u00f5es de ensino superior, com a inten\u00e7\u00e3o de aprofundar a pesquisa cient\u00edfica na \u00e1rea de Hist\u00f3ria, com car\u00e1ter eminentemente interdisciplinar e com foco nas experi\u00eancias e temporalidades contempor\u00e2neas. Para tanto, as rela\u00e7\u00f5es que estamos construindo se d\u00e1 atrav\u00e9s de nossos grupos de estudos, semin\u00e1rios, palestras, publica\u00e7\u00f5es em anais e livros, importantes produtos desenvolvidos nos \u00faltimos cinco anos por todos os pesquisadores e pesquisadoras ligadas ao NUHLC.[\/vc_column_text][vc_text_separator title=&#8221;\u00daltimas Not\u00edcias&#8221; i_icon_fontawesome=&#8221;fa fa-solid fa-newspaper&#8221; i_color=&#8221;custom&#8221; title_align=&#8221;separator_align_left&#8221; css=&#8221;&#8221; add_icon=&#8221;true&#8221; i_custom_color=&#8221;#CC0000&#8243;]<div class=\"mdl-grid\"><div class=\"mdl-cell--12-col bloco-noticias\"><div class=\"titulo-noticia-widget\"><a href=\"https:\/\/nucleos.uepb.edu.br\/nuhlc\/2026\/03\/24\/os-anais-da-ii-semana-nacional-de-historia-contemporaneidades-e-multiplicidades-ja-estao-no-ar\/\"><h3 class=\"titulo-destaque-noticia\">Os anais da II Semana Nacional de Hist\u00f3ria, Contemporaneidades e Multiplicidades j\u00e1 est\u00e3o no ar!<\/h3><\/a><\/div><\/div><\/div>[\/vc_column][vc_column width=&#8221;1\/3&#8243;][vc_text_separator title=&#8221;Links \u00dateis&#8221; i_icon_fontawesome=&#8221;fa fa-solid fa-angles-right&#8221; i_color=&#8221;custom&#8221; title_align=&#8221;separator_align_left&#8221; css=&#8221;&#8221; add_icon=&#8221;true&#8221; i_custom_color=&#8221;#CC0000&#8243;][vc_btn title=&#8221;Biblioteca&#8221; style=&#8221;classic&#8221; shape=&#8221;square&#8221; color=&#8221;danger&#8221; size=&#8221;lg&#8221; align=&#8221;left&#8221; css=&#8221;.vc_custom_1774356211974{margin-bottom: 10px !important;}&#8221; button_block=&#8221;true&#8221; link=&#8221;url:https%3A%2F%2Fbiblioteca.uepb.edu.br|title:Biblioteca%20da%20UEPB|target:_blank&#8221;][vc_btn title=&#8221;Portal da UEPB&#8221; style=&#8221;classic&#8221; shape=&#8221;square&#8221; color=&#8221;turquoise&#8221; size=&#8221;lg&#8221; align=&#8221;left&#8221; css=&#8221;.vc_custom_1774356240966{margin-bottom: 10px !important;}&#8221; button_block=&#8221;true&#8221; link=&#8221;url:https%3A%2F%2Fuepb.edu.br|title:Portal%20da%20UEPB|target:_blank&#8221;][\/vc_column][\/vc_row]<\/p>\n<\/div>","protected":false},"excerpt":{"rendered":"<p>[vc_row][vc_column width=&#8221;2\/3&#8243;][vc_text_separator title=&#8221;Apresenta\u00e7\u00e3o&#8221; i_icon_fontawesome=&#8221;fa fa-solid fa-building-columns&#8221; i_color=&#8221;custom&#8221; title_align=&#8221;separator_align_left&#8221; css=&#8221;&#8221; add_icon=&#8221;true&#8221; i_custom_color=&#8221;#CC0000&#8243;][vc_column_text css=&#8221;&#8221;]O N\u00facleo de Hist\u00f3ria e Linguagens Contempor\u00e2neas (NUHLC) est\u00e1 vinculado ao Departamento de Hist\u00f3ria, Campus I, da Universidade Estadual da Para\u00edba (UEPB), onde desenvolve atividades de pesquisa, ensino e extens\u00e3o. Atualmente, a miss\u00e3o do n\u00facleo \u00e9 a de ampliar os di\u00e1logos e parcerias com <a class=\"leiamais\" href=\"https:\/\/nucleos.uepb.edu.br\/nuhlc\/\">Leia Mais&#8230;<\/a><\/p>\n","protected":false},"author":8,"featured_media":0,"parent":0,"menu_order":0,"comment_status":"closed","ping_status":"closed","template":"","meta":{"footnotes":""},"class_list":["post-5","page","type-page","status-publish","hentry"],"_links":{"self":[{"href":"https:\/\/nucleos.uepb.edu.br\/nuhlc\/wp-json\/wp\/v2\/pages\/5","targetHints":{"allow":["GET"]}}],"collection":[{"href":"https:\/\/nucleos.uepb.edu.br\/nuhlc\/wp-json\/wp\/v2\/pages"}],"about":[{"href":"https:\/\/nucleos.uepb.edu.br\/nuhlc\/wp-json\/wp\/v2\/types\/page"}],"author":[{"embeddable":true,"href":"https:\/\/nucleos.uepb.edu.br\/nuhlc\/wp-json\/wp\/v2\/users\/8"}],"replies":[{"embeddable":true,"href":"https:\/\/nucleos.uepb.edu.br\/nuhlc\/wp-json\/wp\/v2\/comments?post=5"}],"version-history":[{"count":6,"href":"https:\/\/nucleos.uepb.edu.br\/nuhlc\/wp-json\/wp\/v2\/pages\/5\/revisions"}],"predecessor-version":[{"id":32,"href":"https:\/\/nucleos.uepb.edu.br\/nuhlc\/wp-json\/wp\/v2\/pages\/5\/revisions\/32"}],"wp:attachment":[{"href":"https:\/\/nucleos.uepb.edu.br\/nuhlc\/wp-json\/wp\/v2\/media?parent=5"}],"curies":[{"name":"wp","href":"https:\/\/api.w.org\/{rel}","templated":true}]}}