{"id":12,"date":"2019-12-03T14:48:50","date_gmt":"2019-12-03T16:48:50","guid":{"rendered":"https:\/\/nucleos.uepb.edu.br\/nupea\/?page_id=12"},"modified":"2025-01-22T10:44:23","modified_gmt":"2025-01-22T13:44:23","slug":"servicos","status":"publish","type":"page","link":"https:\/\/nucleos.uepb.edu.br\/nupea\/servicos\/","title":{"rendered":"Servi\u00e7os"},"content":{"rendered":"<ol>\n<li>Atendimento \u00e0 pessoa f\u00edsica e jur\u00eddica;<\/li>\n<li><a href=\"https:\/\/nucleos.uepb.edu.br\/nupea\/download\/tabela-de-precos-de-analises\/?wpdmdl=132&amp;masterkey=dJCQEfO5AOmm3e8ojyw_26JOk-rFyXfmxswtm4FwKSDga62kq7h6_HbWf_uImiFoOgD7z7lEOjtkzz9ZhR3M-BYlVkTuXbVsIloBOV4xe6Q\" target=\"_blank\" rel=\"noopener\">An\u00e1lises f\u00edsico-qu\u00edmicas e microbiol\u00f3gicas de alimentos e \u00e1gua<\/a>;<\/li>\n<li>Controle de qualidade e desenvolvimento de novos produtos;<\/li>\n<li>Pesquisa, consultoria e treinamento especializado para o setor aliment\u00edcia;<\/li>\n<\/ol>\n<p>&nbsp;<\/p>\n<p><strong>Observa\u00e7\u00e3o:<\/strong> Os pedidos de cota\u00e7\u00f5es e os agendamentos de servi\u00e7os dever\u00e3o ser solicitados pelo e-mail <a href=\"mailto:nupea@setor.uepb.edu.br\">nupea@setor.uepb.edu.br<\/a><\/p>\n","protected":false},"excerpt":{"rendered":"<p>Atendimento \u00e0 pessoa f\u00edsica e jur\u00eddica; An\u00e1lises f\u00edsico-qu\u00edmicas e microbiol\u00f3gicas de alimentos e \u00e1gua; Controle de qualidade e desenvolvimento de novos produtos; Pesquisa, consultoria e treinamento especializado para o setor aliment\u00edcia; &nbsp; Observa\u00e7\u00e3o: Os pedidos de cota\u00e7\u00f5es e os agendamentos de servi\u00e7os dever\u00e3o ser solicitados pelo e-mail nupea@setor.uepb.edu.br<\/p>\n","protected":false},"author":2,"featured_media":0,"parent":0,"menu_order":0,"comment_status":"closed","ping_status":"closed","template":"","meta":{"footnotes":""},"class_list":["post-12","page","type-page","status-publish","hentry"],"_links":{"self":[{"href":"https:\/\/nucleos.uepb.edu.br\/nupea\/wp-json\/wp\/v2\/pages\/12","targetHints":{"allow":["GET"]}}],"collection":[{"href":"https:\/\/nucleos.uepb.edu.br\/nupea\/wp-json\/wp\/v2\/pages"}],"about":[{"href":"https:\/\/nucleos.uepb.edu.br\/nupea\/wp-json\/wp\/v2\/types\/page"}],"author":[{"embeddable":true,"href":"https:\/\/nucleos.uepb.edu.br\/nupea\/wp-json\/wp\/v2\/users\/2"}],"replies":[{"embeddable":true,"href":"https:\/\/nucleos.uepb.edu.br\/nupea\/wp-json\/wp\/v2\/comments?post=12"}],"version-history":[{"count":4,"href":"https:\/\/nucleos.uepb.edu.br\/nupea\/wp-json\/wp\/v2\/pages\/12\/revisions"}],"predecessor-version":[{"id":133,"href":"https:\/\/nucleos.uepb.edu.br\/nupea\/wp-json\/wp\/v2\/pages\/12\/revisions\/133"}],"wp:attachment":[{"href":"https:\/\/nucleos.uepb.edu.br\/nupea\/wp-json\/wp\/v2\/media?parent=12"}],"curies":[{"name":"wp","href":"https:\/\/api.w.org\/{rel}","templated":true}]}}