{"id":124,"date":"2024-12-19T07:49:00","date_gmt":"2024-12-19T10:49:00","guid":{"rendered":"https:\/\/nucleos.uepb.edu.br\/nupea\/?page_id=124"},"modified":"2025-01-22T11:00:30","modified_gmt":"2025-01-22T14:00:30","slug":"conselho-gestor","status":"publish","type":"page","link":"https:\/\/nucleos.uepb.edu.br\/nupea\/conselho-gestor\/","title":{"rendered":"Conselho Gestor"},"content":{"rendered":"<p><strong>DOCENTES:<\/strong><\/p>\n<ul>\n<li><a href=\"http:\/\/lattes.cnpq.br\/8720274041995523\" target=\"_blank\" rel=\"noopener\">Fl\u00e1via Carolina Alonso Buriti<\/a> (Coordenadora bi\u00eanio 2023-2025)<\/li>\n<li><a href=\"http:\/\/lattes.cnpq.br\/2008550921202824\" target=\"_blank\" rel=\"noopener\">M\u00e1rcia Ramos Luiz<\/a> (Coordenadora adjunta bi\u00eanio 2023-2025)<\/li>\n<li><a href=\"http:\/\/lattes.cnpq.br\/2296117175334898\" target=\"_blank\" rel=\"noopener\">Helvia Walewska Casullo de Ara\u00fajo<\/a> (Respons\u00e1vel pelos laudos)<\/li>\n<li><a href=\"http:\/\/lattes.cnpq.br\/7374715406746162\" target=\"_blank\" rel=\"noopener\">Pabl\u00edcia Oliveira Galdino<\/a> (Pesquisadora)<\/li>\n<\/ul>\n<p><strong>T\u00c9CNICAS:<\/strong><\/p>\n<ul>\n<li><a href=\"http:\/\/lattes.cnpq.br\/1697887869808582\" target=\"_blank\" rel=\"noopener\">Isanna Menezes Flor\u00eancio<\/a> (Servidora efetiva, respons\u00e1vel pelos laudos)<\/li>\n<li><a href=\"http:\/\/lattes.cnpq.br\/9243650424917765\" target=\"_blank\" rel=\"noopener\">Elainy Virg\u00ednia dos Santos Pereira<\/a> (Servidora efetiva)<\/li>\n<\/ul>\n","protected":false},"excerpt":{"rendered":"<p>DOCENTES: Fl\u00e1via Carolina Alonso Buriti (Coordenadora bi\u00eanio 2023-2025) M\u00e1rcia Ramos Luiz (Coordenadora adjunta bi\u00eanio 2023-2025) Helvia Walewska Casullo de Ara\u00fajo (Respons\u00e1vel pelos laudos) Pabl\u00edcia Oliveira Galdino (Pesquisadora) T\u00c9CNICAS: Isanna Menezes Flor\u00eancio (Servidora efetiva, respons\u00e1vel pelos laudos) Elainy Virg\u00ednia dos Santos Pereira (Servidora efetiva)<\/p>\n","protected":false},"author":8,"featured_media":0,"parent":0,"menu_order":0,"comment_status":"closed","ping_status":"closed","template":"","meta":{"footnotes":""},"class_list":["post-124","page","type-page","status-publish","hentry"],"_links":{"self":[{"href":"https:\/\/nucleos.uepb.edu.br\/nupea\/wp-json\/wp\/v2\/pages\/124","targetHints":{"allow":["GET"]}}],"collection":[{"href":"https:\/\/nucleos.uepb.edu.br\/nupea\/wp-json\/wp\/v2\/pages"}],"about":[{"href":"https:\/\/nucleos.uepb.edu.br\/nupea\/wp-json\/wp\/v2\/types\/page"}],"author":[{"embeddable":true,"href":"https:\/\/nucleos.uepb.edu.br\/nupea\/wp-json\/wp\/v2\/users\/8"}],"replies":[{"embeddable":true,"href":"https:\/\/nucleos.uepb.edu.br\/nupea\/wp-json\/wp\/v2\/comments?post=124"}],"version-history":[{"count":5,"href":"https:\/\/nucleos.uepb.edu.br\/nupea\/wp-json\/wp\/v2\/pages\/124\/revisions"}],"predecessor-version":[{"id":142,"href":"https:\/\/nucleos.uepb.edu.br\/nupea\/wp-json\/wp\/v2\/pages\/124\/revisions\/142"}],"wp:attachment":[{"href":"https:\/\/nucleos.uepb.edu.br\/nupea\/wp-json\/wp\/v2\/media?parent=124"}],"curies":[{"name":"wp","href":"https:\/\/api.w.org\/{rel}","templated":true}]}}