{"id":134,"date":"2025-01-22T10:50:25","date_gmt":"2025-01-22T13:50:25","guid":{"rendered":"https:\/\/nucleos.uepb.edu.br\/nupea\/?page_id=134"},"modified":"2025-01-22T10:50:25","modified_gmt":"2025-01-22T13:50:25","slug":"documentos","status":"publish","type":"page","link":"https:\/\/nucleos.uepb.edu.br\/nupea\/documentos\/","title":{"rendered":"Documentos"},"content":{"rendered":"\n    <script>\n        jQuery(function($){\n\n            var __dt = $('#wpdmmydls-feab6ddc59b4c960aded72edd8cf81fd').dataTable({\n                \"dom\": '<\"wpdmdt-toolbar\"lfrB>t<\"wpdmdt-toolbarb\"ip>',\n                responsive: true,\n                \"order\": [[ 1, \"desc\" ]],\n                \"language\": {\n                    \"lengthMenu\": \"Exibir _MENU_ arquivos por p\u00e1gina\",\n                    \"zeroRecords\": \"Nenhum arquivo encontrado\",\n                    \"info\": \"Exibindo _START_ at\u00e9 _END_ de _TOTAL_ arquivos\",\n                    \"infoEmpty\": \"Nenhum arquivo dispon\u00edvel\",\n                    \"infoFiltered\": \"(filtrar de  _MAX_ arquivos)\",\n                    \"emptyTable\":     \"Nenhum dado dispon\u00edvel na tabela\",\n                    \"infoPostFix\":    \"\",\n                    \"thousands\":      \",\",\n                    \"loadingRecords\": \"Carregando...\",\n                    \"processing\":     \"Processando...\",\n                    \"search\":         \"Procurar:\",\n                    \"paginate\": {\n                        \"first\":      \"Primeiro\",\n                        \"last\":       \"\u00daltimo\",\n                        \"next\":       \"Pr\u00f3ximo\",\n                        \"previous\":   \"Anterior\"\n                    },\n                    \"aria\": {\n                        \"sortAscending\":  \" : ordenar coluna na ascendente\",\n                        \"sortDescending\": \": ordenar coluna na descendente\"\n                    }\n                },\n                \"iDisplayLength\": 20,\n                \"aLengthMenu\": [[20, 10, 25, 50, -1], [20, 10, 25, 50, \"Todos\"]]\n            });\n\n                    });\n    <\/script>\n<style>\n    .wpdmdt-toolbar {\n        padding: 10px;\n    }\n    .wpdmdt-toolbarb {\n        padding: 5px 10px 10px;\n    }\n    .wpdmdt-toolbar > div {\n        display: inline-block;\n    }\n    table,td,th{\n        border: 0;\n    }\n    #wpdm-all-packages .card{\n        overflow: hidden;\n    }\n    .dataTables_wrapper .table{\n        margin: 0;\n    }\n    #wpdmmydls-feab6ddc59b4c960aded72edd8cf81fd{\n        border-bottom: 1px solid #dddddd;\n        border-top: 1px solid #dddddd;\n        font-size: 10pt;\n        min-width: 100%;\n    }\n    #wpdmmydls-feab6ddc59b4c960aded72edd8cf81fd .wpdm-download-link img{\n        box-shadow: none !important;\n        max-width: 100%;\n    }\n    .w3eden .pagination{\n        margin: 0 !important;\n    }\n    #wpdmmydls-feab6ddc59b4c960aded72edd8cf81fd td:not(:first-child){\n        vertical-align: middle !important;\n    }\n    #wpdmmydls-feab6ddc59b4c960aded72edd8cf81fd td.__dt_col_download_link .btn{\n        display: flex;\n        width: 100%;\n    }\n    #wpdmmydls-feab6ddc59b4c960aded72edd8cf81fd td.__dt_col_download_link,\n    #wpdmmydls-feab6ddc59b4c960aded72edd8cf81fd th#download_link{\n        max-width: 155px !important;\n        width: 155px;\n\n    }\n    #wpdmmydls-feab6ddc59b4c960aded72edd8cf81fd th{\n        background-color: rgba(0,0,0,0.04);\n        border-bottom: 1px solid rgba(0,0,0,0.025);\n    }\n    #wpdmmydls-feab6ddc59b4c960aded72edd8cf81fd_length label,\n    #wpdmmydls-feab6ddc59b4c960aded72edd8cf81fd_filter label{\n        font-weight: 400;\n    }\n    #wpdmmydls-feab6ddc59b4c960aded72edd8cf81fd_filter input[type=search]{\n        display: inline-block;\n        width: 200px;\n    }\n    #wpdmmydls-feab6ddc59b4c960aded72edd8cf81fd_length select{\n        display: inline-block;\n        width: 60px;\n    }\n\n    #wpdmmydls-feab6ddc59b4c960aded72edd8cf81fd .package-title{\n        color:#36597C;\n        font-size: 11pt;\n        font-weight: 700;\n    }\n    #wpdmmydls-feab6ddc59b4c960aded72edd8cf81fd .small-txt{\n        margin-right: 7px;\n    }\n    #wpdmmydls-feab6ddc59b4c960aded72edd8cf81fd td{\n        min-width: 150px;\n    }\n\n    #wpdmmydls-feab6ddc59b4c960aded72edd8cf81fd td.__dt_col_categories{\n        max-width: 300px;\n    }\n\n    #wpdmmydls-feab6ddc59b4c960aded72edd8cf81fd .small-txt,\n    #wpdmmydls-feab6ddc59b4c960aded72edd8cf81fd small{\n        font-size: 9pt;\n    }\n    .w3eden .table-striped tbody tr:nth-of-type(2n+1) {\n        background-color: rgba(0,0,0,0.015);\n    }\n    .dataTables_wrapper .dataTables_paginate .paginate_button:active,\n    .dataTables_wrapper .dataTables_paginate .paginate_button:focus,\n    .dataTables_wrapper .dataTables_paginate .paginate_button:hover,\n    .dataTables_wrapper .dataTables_paginate .paginate_button{\n        margin: 0 !important;\n        padding: 0 !important;\n        border: 0 !important;\n        background: transparent !important;\n    }\n\n\n    @media (max-width: 799px) {\n        #wpdmmydls-feab6ddc59b4c960aded72edd8cf81fd tr {\n            display: block;\n            border: 3px solid rgba(0,0,0,0.3) !important;\n            margin-bottom: 10px !important;\n            position: relative;\n        }\n        #wpdmmydls-feab6ddc59b4c960aded72edd8cf81fd thead{\n            display: none;\n        }\n        #wpdmmydls-feab6ddc59b4c960aded72edd8cf81fd,\n        #wpdmmydls-feab6ddc59b4c960aded72edd8cf81fd td:first-child {\n            border: 0 !important;\n        }\n        #wpdmmydls-feab6ddc59b4c960aded72edd8cf81fd td {\n            display: block;\n        }\n        #wpdmmydls-feab6ddc59b4c960aded72edd8cf81fd td.__dt_col_download_link {\n            display: block;\n            max-width: 100% !important;\n            width: auto !important;\n\n        }\n    }\n\n\n<\/style>\n<div class=\"w3eden\">\n    <div id=\"wpdm-all-packages\">\n        <table id=\"wpdmmydls-feab6ddc59b4c960aded72edd8cf81fd\" class=\"table table-striped wpdm-all-packages-table\">\n            <thead>\n            <tr>\n                                <th style=\"\"  id=\"title\" class=\"\">T\u00edtulo<\/th>\n                                <th style=\"\"  id=\"createdate\" class=\"hidden-sm hidden-xs\">Data<\/th>\n                                <th style=\"\"  id=\"categories\" class=\"hidden-sm hidden-xs\">Categorias<\/th>\n                                <th style=\"\"  id=\"tags\" class=\"hidden-sm hidden-xs\">Tags<\/th>\n                                <th style=\"\"  id=\"downloadlink\" class=\"hidden-sm hidden-xs\">Download<\/th>\n                \n            <\/tr>\n            <\/thead>\n            <tbody>\n            \n                    <tr class=\"__dt_row\">\n                                                <td  class=\"__dt_col_0 __dt_col __dt_col_title\" style=\"background-image: url('https:\/\/nucleos.uepb.edu.br\/nupea\/wp-content\/plugins\/download-manager\/assets\/file-type-icons\/pdf.svg');background-size: 36px;background-position: 5px 8px;background-repeat:  no-repeat;padding-left: 52px;line-height: normal;\">\n                            <strong>Portaria de prorroga\u00e7\u00e3o da coordena\u00e7\u00e3o e coordena\u00e7\u00e3o adjunta<\/strong><br\/><div class=\"hidden-md hidden-lg td-mobile\"><\/div>\n\n                        <\/td>\n                                                <td  data-order=\"1758240000\"  class=\"__dt_col_1 __dt_col __dt_col_create_date\" >\n                            19 de setembro de 2025\n\n                        <\/td>\n                                                <td  class=\"__dt_col_2 __dt_col __dt_col_categories\" >\n                            <span class='__dt_categories '><a class='sbyc' href='https:\/\/nucleos.uepb.edu.br\/nupea\/documentos\/?tax%5Bwpdmcategory%5D=documentos'>Documentos<\/a><\/span>\n\n                        <\/td>\n                                                <td  class=\"__dt_col_3 __dt_col __dt_col_tags\" >\n                            <span class='__dt_categories '><\/span>\n\n                        <\/td>\n                                                <td  class=\"__dt_col_4 __dt_col __dt_col_download_link\" >\n                            <a class='wpdm-download-link download-on-click btn btn-primary ' rel='nofollow' href='#' data-downloadurl=\"https:\/\/nucleos.uepb.edu.br\/nupea\/download\/portaria-de-prorrogacao-da-coordenacao-e-coordenacao-adjunta\/?wpdmdl=185&refresh=69d1626b68d801775329899\">Download<\/a>\n\n                        <\/td>\n                        \n                    <\/tr>\n                \n                    <tr class=\"__dt_row\">\n                                                <td  class=\"__dt_col_0 __dt_col __dt_col_title\" style=\"background-image: url('https:\/\/nucleos.uepb.edu.br\/nupea\/wp-content\/plugins\/download-manager\/assets\/file-type-icons\/pdf.svg');background-size: 36px;background-position: 5px 8px;background-repeat:  no-repeat;padding-left: 52px;line-height: normal;\">\n                            <strong>Portarias de Nomea\u00e7\u00e3o da Coordena\u00e7\u00e3o e Coordena\u00e7\u00e3o Adjunta<\/strong><br\/><div class=\"hidden-md hidden-lg td-mobile\"><\/div>\n\n                        <\/td>\n                                                <td  data-order=\"1737504000\"  class=\"__dt_col_1 __dt_col __dt_col_create_date\" >\n                            22 de janeiro de 2025\n\n                        <\/td>\n                                                <td  class=\"__dt_col_2 __dt_col __dt_col_categories\" >\n                            <span class='__dt_categories '><a class='sbyc' href='https:\/\/nucleos.uepb.edu.br\/nupea\/documentos\/?tax%5Bwpdmcategory%5D=documentos'>Documentos<\/a><\/span>\n\n                        <\/td>\n                                                <td  class=\"__dt_col_3 __dt_col __dt_col_tags\" >\n                            <span class='__dt_categories '><\/span>\n\n                        <\/td>\n                                                <td  class=\"__dt_col_4 __dt_col __dt_col_download_link\" >\n                            <a class='wpdm-download-link download-on-click btn btn-primary ' rel='nofollow' href='#' data-downloadurl=\"https:\/\/nucleos.uepb.edu.br\/nupea\/download\/portarias-de-nomeacao-da-coordenacao-e-coordenacao-adjunta\/?wpdmdl=136&refresh=69d1626b6a0ae1775329899\">Download<\/a>\n\n                        <\/td>\n                        \n                    <\/tr>\n                \n                    <tr class=\"__dt_row\">\n                                                <td  class=\"__dt_col_0 __dt_col __dt_col_title\" style=\"background-image: url('https:\/\/nucleos.uepb.edu.br\/nupea\/wp-content\/plugins\/download-manager\/assets\/file-type-icons\/pdf.svg');background-size: 36px;background-position: 5px 8px;background-repeat:  no-repeat;padding-left: 52px;line-height: normal;\">\n                            <strong>Regimento Interno do NUPEA<\/strong><br\/><div class=\"hidden-md hidden-lg td-mobile\"><\/div>\n\n                        <\/td>\n                                                <td  data-order=\"1737504000\"  class=\"__dt_col_1 __dt_col __dt_col_create_date\" >\n                            22 de janeiro de 2025\n\n                        <\/td>\n                                                <td  class=\"__dt_col_2 __dt_col __dt_col_categories\" >\n                            <span class='__dt_categories '><a class='sbyc' href='https:\/\/nucleos.uepb.edu.br\/nupea\/documentos\/?tax%5Bwpdmcategory%5D=documentos'>Documentos<\/a><\/span>\n\n                        <\/td>\n                                                <td  class=\"__dt_col_3 __dt_col __dt_col_tags\" >\n                            <span class='__dt_categories '><\/span>\n\n                        <\/td>\n                                                <td  class=\"__dt_col_4 __dt_col __dt_col_download_link\" >\n                            <a class='wpdm-download-link download-on-click btn btn-primary ' rel='nofollow' href='#' data-downloadurl=\"https:\/\/nucleos.uepb.edu.br\/nupea\/download\/regimento-interno-do-nupea\/?wpdmdl=135&refresh=69d1626b6b3901775329899\">Download<\/a>\n\n                        <\/td>\n                        \n                    <\/tr>\n                                        <\/tbody>\n        <\/table>\n\n        <div class='text-center'><ul class='pagination wpdm-pagination pagination-centered text-center'><\/ul><\/div>\n    <\/div>\n<\/div>\n\n","protected":false},"excerpt":{"rendered":"","protected":false},"author":2,"featured_media":0,"parent":0,"menu_order":0,"comment_status":"closed","ping_status":"closed","template":"","meta":{"footnotes":""},"class_list":["post-134","page","type-page","status-publish","hentry"],"_links":{"self":[{"href":"https:\/\/nucleos.uepb.edu.br\/nupea\/wp-json\/wp\/v2\/pages\/134","targetHints":{"allow":["GET"]}}],"collection":[{"href":"https:\/\/nucleos.uepb.edu.br\/nupea\/wp-json\/wp\/v2\/pages"}],"about":[{"href":"https:\/\/nucleos.uepb.edu.br\/nupea\/wp-json\/wp\/v2\/types\/page"}],"author":[{"embeddable":true,"href":"https:\/\/nucleos.uepb.edu.br\/nupea\/wp-json\/wp\/v2\/users\/2"}],"replies":[{"embeddable":true,"href":"https:\/\/nucleos.uepb.edu.br\/nupea\/wp-json\/wp\/v2\/comments?post=134"}],"version-history":[{"count":1,"href":"https:\/\/nucleos.uepb.edu.br\/nupea\/wp-json\/wp\/v2\/pages\/134\/revisions"}],"predecessor-version":[{"id":137,"href":"https:\/\/nucleos.uepb.edu.br\/nupea\/wp-json\/wp\/v2\/pages\/134\/revisions\/137"}],"wp:attachment":[{"href":"https:\/\/nucleos.uepb.edu.br\/nupea\/wp-json\/wp\/v2\/media?parent=134"}],"curies":[{"name":"wp","href":"https:\/\/api.w.org\/{rel}","templated":true}]}}