{"id":16,"date":"2019-12-03T14:54:31","date_gmt":"2019-12-03T16:54:31","guid":{"rendered":"https:\/\/nucleos.uepb.edu.br\/nupea\/?page_id=16"},"modified":"2023-04-12T11:26:09","modified_gmt":"2023-04-12T14:26:09","slug":"parceiros","status":"publish","type":"page","link":"https:\/\/nucleos.uepb.edu.br\/nupea\/parceiros\/","title":{"rendered":"Parceiros"},"content":{"rendered":"<p>O NUPEA, integrante do Centro Integrado Multiusu\u00e1rio de Pesquisa e An\u00e1lise de \u00c1gua, Alimentos, Res\u00edduos e Biodiversidade (CIMP), possui os seguintes parceiros:<\/p>\n<p><strong>Na UEPB<\/strong>:<\/p>\n<ul>\n<li>EXTRABES \u2013 Esta\u00e7\u00e3o Experimental de Tratamentos Biol\u00f3gicos de Esgotos Sanit\u00e1rios<\/li>\n<li>LABDEM \u2013 Laborat\u00f3rio de Desenvolvimento e An\u00e1lise de Medicamentos<\/li>\n<li>LAPECA \u2013 Laborat\u00f3rio de Pesquisa em Ci\u00eancias Ambientais<\/li>\n<li>LARTECA \u2013 Laborat\u00f3rio de Refer\u00eancia em Tecnologia de \u00c1guas<\/li>\n<li>LEAQ \u2013 Laborat\u00f3rio de Ecologia Aqu\u00e1tica<\/li>\n<li>NEGE \u2013 N\u00facleo de Estudos em Gen\u00e9tica e Educa\u00e7\u00e3o<\/li>\n<li>PPGCF \u2013 Programa de P\u00f3s-Gradua\u00e7\u00e3o em Ci\u00eancias Farmac\u00eauticas<\/li>\n<li>PPGCTA \u2013 Programa de P\u00f3s-Gradua\u00e7\u00e3o em Ci\u00eancia e Tecnologia Ambiental<\/li>\n<li>PPGQ \u2013 Programa de P\u00f3s-Gradua\u00e7\u00e3o em Qu\u00edmica<\/li>\n<li>PRPGP \u2013 Pr\u00f3-Reitoria de P\u00f3s-Gradua\u00e7\u00e3o e Pesquisa<\/li>\n<\/ul>\n<p><strong>Externos \u00e0 UEPB<\/strong>:<\/p>\n<ul>\n<li>Empresa Brasileira de Pesquisa Agropecu\u00e1ria<\/li>\n<li>Instituto Nacional do Semi\u00e1rido<\/li>\n<li>Universidade Cat\u00f3lica de Pernambuco<\/li>\n<li>Universidade Federal de Campina Grande<\/li>\n<li>Universidade Federal de Para\u00edba<\/li>\n<li>Universidade Federal de Pernambuco<\/li>\n<\/ul>\n<p><strong>Institui\u00e7\u00f5es de Fomento<\/strong>:<\/p>\n<ul>\n<li>Funda\u00e7\u00e3o de Apoio \u00e0 Pesquisa do Estado da Para\u00edba<\/li>\n<li>Funda\u00e7\u00e3o Parque Tecnol\u00f3gico da Para\u00edba<\/li>\n<li>Conselho Nacional de Desenvolvimento Cient\u00edfico e Tecnol\u00f3gico<\/li>\n<li>Coordena\u00e7\u00e3o de Aperfei\u00e7oamento de Pessoal de N\u00edvel Superior<\/li>\n<li>Minist\u00e9rio da Educa\u00e7\u00e3o<\/li>\n<\/ul>\n","protected":false},"excerpt":{"rendered":"<p>O NUPEA, integrante do Centro Integrado Multiusu\u00e1rio de Pesquisa e An\u00e1lise de \u00c1gua, Alimentos, Res\u00edduos e Biodiversidade (CIMP), possui os seguintes parceiros: Na UEPB: EXTRABES \u2013 Esta\u00e7\u00e3o Experimental de Tratamentos Biol\u00f3gicos de Esgotos Sanit\u00e1rios LABDEM \u2013 Laborat\u00f3rio de Desenvolvimento e An\u00e1lise de Medicamentos LAPECA \u2013 Laborat\u00f3rio de Pesquisa em Ci\u00eancias Ambientais LARTECA \u2013 Laborat\u00f3rio de <a class=\"leiamais\" href=\"https:\/\/nucleos.uepb.edu.br\/nupea\/parceiros\/\">Leia Mais&#8230;<\/a><\/p>\n","protected":false},"author":2,"featured_media":0,"parent":0,"menu_order":0,"comment_status":"closed","ping_status":"closed","template":"","meta":{"footnotes":""},"class_list":["post-16","page","type-page","status-publish","hentry"],"_links":{"self":[{"href":"https:\/\/nucleos.uepb.edu.br\/nupea\/wp-json\/wp\/v2\/pages\/16","targetHints":{"allow":["GET"]}}],"collection":[{"href":"https:\/\/nucleos.uepb.edu.br\/nupea\/wp-json\/wp\/v2\/pages"}],"about":[{"href":"https:\/\/nucleos.uepb.edu.br\/nupea\/wp-json\/wp\/v2\/types\/page"}],"author":[{"embeddable":true,"href":"https:\/\/nucleos.uepb.edu.br\/nupea\/wp-json\/wp\/v2\/users\/2"}],"replies":[{"embeddable":true,"href":"https:\/\/nucleos.uepb.edu.br\/nupea\/wp-json\/wp\/v2\/comments?post=16"}],"version-history":[{"count":4,"href":"https:\/\/nucleos.uepb.edu.br\/nupea\/wp-json\/wp\/v2\/pages\/16\/revisions"}],"predecessor-version":[{"id":82,"href":"https:\/\/nucleos.uepb.edu.br\/nupea\/wp-json\/wp\/v2\/pages\/16\/revisions\/82"}],"wp:attachment":[{"href":"https:\/\/nucleos.uepb.edu.br\/nupea\/wp-json\/wp\/v2\/media?parent=16"}],"curies":[{"name":"wp","href":"https:\/\/api.w.org\/{rel}","templated":true}]}}