{"id":19,"date":"2019-12-03T15:01:23","date_gmt":"2019-12-03T17:01:23","guid":{"rendered":"https:\/\/nucleos.uepb.edu.br\/nupea\/?page_id=19"},"modified":"2025-09-19T10:53:21","modified_gmt":"2025-09-19T13:53:21","slug":"equipe","status":"publish","type":"page","link":"https:\/\/nucleos.uepb.edu.br\/nupea\/equipe\/","title":{"rendered":"Equipe"},"content":{"rendered":"<p><strong>PROFESSORES PESQUISADORES<\/strong><\/p>\n<ul>\n<li><a href=\"http:\/\/lattes.cnpq.br\/8720274041995523\" target=\"_blank\" rel=\"noopener\">Fl\u00e1via Carolina Alonso Buriti<\/a> (DF\/CCBS\/UEPB)<\/li>\n<li><a href=\"http:\/\/lattes.cnpq.br\/2008550921202824\" target=\"_blank\" rel=\"noopener\">M\u00e1rcia Ramos Luiz<\/a>\u00a0 (DESA\/CCT\/\/UEPB)<\/li>\n<li><a href=\"http:\/\/lattes.cnpq.br\/2296117175334898\" target=\"_blank\" rel=\"noopener\">Helvia Walewska Casullo de Ara\u00fajo<\/a> (DQ\/CCT\/UEPB)<\/li>\n<li><a href=\"http:\/\/lattes.cnpq.br\/7374715406746162\" target=\"_blank\" rel=\"noopener\">Pabl\u00edcia Oliveira Galdino<\/a>(DQ\/CCT\/UEPB)<\/li>\n<li><a href=\"http:\/\/lattes.cnpq.br\/6615089215336621\" target=\"_blank\" rel=\"noopener\">Marcello Maia de Almeida<\/a>(DESA\/CCT\/UEPB)<\/li>\n<li><a href=\"http:\/\/lattes.cnpq.br\/7204618689024854\" target=\"_blank\" rel=\"noopener\">Eliane Rolim Florentino<\/a> (Programa Professor e Pesquisador Volunt\u00e1rio\/UEPB)<\/li>\n<\/ul>\n<p><strong>SERVIDORAS EFETIVAS DO NUPEA<\/strong><\/p>\n<ul>\n<li><a href=\"http:\/\/lattes.cnpq.br\/1697887869808582\" target=\"_blank\" rel=\"noopener\">Isanna Menezes Flor\u00eancio<\/a> (T\u00e9cnica NUPEA\/CCT\/UEPB, respons\u00e1vel pelos laudos)<\/li>\n<li><a href=\"http:\/\/lattes.cnpq.br\/9243650424917765\" target=\"_blank\" rel=\"noopener\">Elainy Virg\u00ednia dos Santos Pereira<\/a> (T\u00e9cnica NUPEA\/CCT\/UEPB)<\/li>\n<\/ul>\n<p><strong>FUNCION\u00c1RIAS CONTRATADAS<\/strong><\/p>\n<ul>\n<li><a href=\"http:\/\/lattes.cnpq.br\/0198130130993614\" target=\"_blank\" rel=\"noopener\">Ivania Alves Guedes<\/a> (T\u00e9cnica NUPEA\/CCT\/UEPB)<\/li>\n<li><a href=\"http:\/\/lattes.cnpq.br\/3386188547783728\" target=\"_blank\" rel=\"noopener\">Ana Maria Maciel Sarinho<\/a> (T\u00e9cnica NUPEA\/CCT\/UEPB)<\/li>\n<\/ul>\n<p><strong>PESQUISADORES COLABORADORES<\/strong><\/p>\n<ul>\n<li><a href=\"http:\/\/lattes.cnpq.br\/1958973659288226\" target=\"_blank\" rel=\"noopener\">Giordanni Cabral Dantas<\/a> (P\u00f3s-Doutorando bolsista FAPESQ PPGCF\/UEPB)<\/li>\n<li><a href=\"http:\/\/lattes.cnpq.br\/0933605619789248\" target=\"_blank\" rel=\"noopener\">Isadora Kaline Camelo Pires de Oliveira Galdino<\/a> (T\u00e9cnica Departamento de Farm\u00e1cia CCBS\/UEPB)<\/li>\n<li><a href=\"http:\/\/lattes.cnpq.br\/6294815719011143\" target=\"_blank\" rel=\"noopener\">Antonio Silvio do Egito<\/a> (Pesquisador N\u00facleo Regional Nordeste CNPC\/EMBRAPA)<\/li>\n<\/ul>\n<p>&nbsp;<\/p>\n","protected":false},"excerpt":{"rendered":"<p>PROFESSORES PESQUISADORES Fl\u00e1via Carolina Alonso Buriti (DF\/CCBS\/UEPB) M\u00e1rcia Ramos Luiz\u00a0 (DESA\/CCT\/\/UEPB) Helvia Walewska Casullo de Ara\u00fajo (DQ\/CCT\/UEPB) Pabl\u00edcia Oliveira Galdino(DQ\/CCT\/UEPB) Marcello Maia de Almeida(DESA\/CCT\/UEPB) Eliane Rolim Florentino (Programa Professor e Pesquisador Volunt\u00e1rio\/UEPB) SERVIDORAS EFETIVAS DO NUPEA Isanna Menezes Flor\u00eancio (T\u00e9cnica NUPEA\/CCT\/UEPB, respons\u00e1vel pelos laudos) Elainy Virg\u00ednia dos Santos Pereira (T\u00e9cnica NUPEA\/CCT\/UEPB) FUNCION\u00c1RIAS CONTRATADAS Ivania Alves <a class=\"leiamais\" href=\"https:\/\/nucleos.uepb.edu.br\/nupea\/equipe\/\">Leia Mais&#8230;<\/a><\/p>\n","protected":false},"author":2,"featured_media":0,"parent":0,"menu_order":0,"comment_status":"closed","ping_status":"closed","template":"","meta":{"footnotes":""},"class_list":["post-19","page","type-page","status-publish","hentry"],"_links":{"self":[{"href":"https:\/\/nucleos.uepb.edu.br\/nupea\/wp-json\/wp\/v2\/pages\/19","targetHints":{"allow":["GET"]}}],"collection":[{"href":"https:\/\/nucleos.uepb.edu.br\/nupea\/wp-json\/wp\/v2\/pages"}],"about":[{"href":"https:\/\/nucleos.uepb.edu.br\/nupea\/wp-json\/wp\/v2\/types\/page"}],"author":[{"embeddable":true,"href":"https:\/\/nucleos.uepb.edu.br\/nupea\/wp-json\/wp\/v2\/users\/2"}],"replies":[{"embeddable":true,"href":"https:\/\/nucleos.uepb.edu.br\/nupea\/wp-json\/wp\/v2\/comments?post=19"}],"version-history":[{"count":11,"href":"https:\/\/nucleos.uepb.edu.br\/nupea\/wp-json\/wp\/v2\/pages\/19\/revisions"}],"predecessor-version":[{"id":184,"href":"https:\/\/nucleos.uepb.edu.br\/nupea\/wp-json\/wp\/v2\/pages\/19\/revisions\/184"}],"wp:attachment":[{"href":"https:\/\/nucleos.uepb.edu.br\/nupea\/wp-json\/wp\/v2\/media?parent=19"}],"curies":[{"name":"wp","href":"https:\/\/api.w.org\/{rel}","templated":true}]}}