{"id":64,"date":"2023-04-11T11:33:29","date_gmt":"2023-04-11T14:33:29","guid":{"rendered":"https:\/\/nucleos.uepb.edu.br\/nupea\/?page_id=64"},"modified":"2025-01-22T10:38:57","modified_gmt":"2025-01-22T13:38:57","slug":"pagina-inicial","status":"publish","type":"page","link":"https:\/\/nucleos.uepb.edu.br\/nupea\/","title":{"rendered":"P\u00e1gina Inicial"},"content":{"rendered":"<div class=\"wpb-content-wrapper\"><p>[vc_row gap=&#8221;30&#8243;][vc_column width=&#8221;2\/3&#8243; el_class=&#8221;conf-azul&#8221;][vc_text_separator title=&#8221;NOT\u00cdCIAS&#8221; i_icon_fontawesome=&#8221;fas fa-newspaper&#8221; i_color=&#8221;custom&#8221; title_align=&#8221;separator_align_left&#8221; add_icon=&#8221;true&#8221; i_custom_color=&#8221;#cc0000&#8243;]<div class=\"mdl-grid\"><div class=\"mdl-cell--12-col bloco-noticias\"><div class=\"titulo-noticia-widget\"><a href=\"https:\/\/nucleos.uepb.edu.br\/nupea\/2025\/08\/06\/equipe-do-nupea-e-proext-pg-uepb-realiza-capacitacao-sobre-boas-praticas-de-manipulacao-de-alimentos-para-produtoras-rurais-de-queimadas\/\"><h3 class=\"titulo-destaque-noticia\">Equipe do NUPEA e PROEXT-PG\/UEPB realiza capacita\u00e7\u00e3o sobre boas pr\u00e1ticas de manipula\u00e7\u00e3o de alimentos para produtoras rurais de Queimadas<\/h3><\/a><\/div><div class=\"titulo-noticia-widget\"><a href=\"https:\/\/nucleos.uepb.edu.br\/nupea\/2025\/07\/09\/tecnologia-desenvolvida-por-professora-e-alunos-da-uepb-para-produzir-passa-de-abacate-e-patenteada\/\"><h3 class=\"titulo-destaque-noticia\">Tecnologia desenvolvida por professora e alunos da UEPB para produzir passa de abacate \u00e9 patenteada<\/h3><\/a><\/div><div class=\"titulo-noticia-widget\"><a href=\"https:\/\/nucleos.uepb.edu.br\/nupea\/2025\/07\/07\/uepb-e-contemplada-com-r-146-milhoes-em-chamada-do-ministerio-da-ciencia-tecnologia-e-inovacao\/\"><h3 class=\"titulo-destaque-noticia\">UEPB \u00e9 contemplada com R$ 14,6 milh\u00f5es em chamada do Minist\u00e9rio da Ci\u00eancia, Tecnologia e Inova\u00e7\u00e3o<\/h3><\/a><\/div><div class=\"titulo-noticia-widget\"><a href=\"https:\/\/nucleos.uepb.edu.br\/nupea\/2025\/06\/30\/coordenadoria-de-inovacao-tecnologica-deposita-patentes-de-software-e-tecnologia-alimenticia\/\"><h3 class=\"titulo-destaque-noticia\">Coordenadoria de Inova\u00e7\u00e3o Tecnol\u00f3gica deposita patentes de software e tecnologia aliment\u00edcia<\/h3><\/a><\/div><div class=\"titulo-noticia-widget\"><a href=\"https:\/\/nucleos.uepb.edu.br\/nupea\/2025\/06\/02\/inovatec-recebe-carta-patente-sobre-produto-alimenticio-e-deposita-mais-duas-invencoes-junto-ao-inpi\/\"><h3 class=\"titulo-destaque-noticia\">Inovatec recebe carta patente sobre produto aliment\u00edcio e deposita mais duas inven\u00e7\u00f5es junto ao INPI<\/h3><\/a><\/div><div class=\"titulo-noticia-widget\"><a href=\"https:\/\/nucleos.uepb.edu.br\/nupea\/2024\/09\/30\/inovatec-recebe-patente-nas-areas-de-alimentacao-e-saude-e-registra-software-desenvolvido-pelo-nutes\/\"><h3 class=\"titulo-destaque-noticia\">Inovatec recebe patente nas \u00e1reas de alimenta\u00e7\u00e3o e sa\u00fade, e registra software desenvolvido pelo Nutes<\/h3><\/a><\/div><div class=\"titulo-noticia-widget\"><a href=\"https:\/\/nucleos.uepb.edu.br\/nupea\/2024\/06\/04\/estado-investe-r-10-mi-em-pesquisas-parceria-com-nupea-extrabes-e-leaq\/\"><h3 class=\"titulo-destaque-noticia\">Estado Investe R$ 10 Mi em Pesquisas: Parceria com NUPEA, Extrabes e LEAQ<\/h3><\/a><\/div><div class=\"titulo-noticia-widget\"><a href=\"https:\/\/nucleos.uepb.edu.br\/nupea\/2023\/03\/24\/uepb-conquista-patente-por-biocoagulante-organico-nas-areas-de-quimica-ciencia-e-tecnologia-ambiental\/\"><h3 class=\"titulo-destaque-noticia\">UEPB conquista patente por biocoagulante org\u00e2nico nas \u00e1reas de Qu\u00edmica, Ci\u00eancia e Tecnologia Ambiental<\/h3><\/a><\/div><div class=\"titulo-noticia-widget\"><a href=\"https:\/\/nucleos.uepb.edu.br\/nupea\/2022\/05\/27\/pesquisas-da-uepb-sobre-alimentos-funcionais-e-cordel-sao-destaques-das-proximas-edicoes-do-univerciencia\/\"><h3 class=\"titulo-destaque-noticia\">Pesquisas da UEPB sobre alimentos funcionais e cordel s\u00e3o destaques das pr\u00f3ximas edi\u00e7\u00f5es do Univerci\u00eancia<\/h3><\/a><\/div><div class=\"titulo-noticia-widget\"><a href=\"https:\/\/nucleos.uepb.edu.br\/nupea\/2022\/04\/01\/uepb-e-embrapa-desenvolvem-pesquisa-na-regiao-do-semiarido-para-o-desenvolvimento-de-alimentos-funcionais\/\"><h3 class=\"titulo-destaque-noticia\">UEPB e Embrapa desenvolvem pesquisa na regi\u00e3o do Semi\u00e1rido para o desenvolvimento de alimentos funcionais<\/h3><\/a><\/div><\/div><\/div>[\/vc_column][vc_column width=&#8221;1\/3&#8243;][vc_text_separator title=&#8221;Links \u00dateis&#8221; i_icon_fontawesome=&#8221;fas fa-newspaper&#8221; i_color=&#8221;custom&#8221; title_align=&#8221;separator_align_left&#8221; add_icon=&#8221;true&#8221; i_custom_color=&#8221;#cc0000&#8243;][vc_btn title=&#8221;Diret\u00f3rio do CNPQ (NUPEA)&#8221; style=&#8221;flat&#8221; shape=&#8221;square&#8221; color=&#8221;primary&#8221; size=&#8221;lg&#8221; align=&#8221;left&#8221; css=&#8221;.vc_custom_1727696691576{margin-bottom: 10px !important;}&#8221; button_block=&#8221;true&#8221; link=&#8221;url:http%3A%2F%2Fdgp.cnpq.br%2Fdgp%2Fespelhogrupo%2F2416450125396037|target:_blank&#8221;][vc_btn title=&#8221;Plataforma Nacional de Infraestrutura de Pesquisa (MCTI)&#8221; style=&#8221;flat&#8221; shape=&#8221;square&#8221; color=&#8221;turquoise&#8221; size=&#8221;lg&#8221; align=&#8221;left&#8221; css=&#8221;.vc_custom_1737553133848{margin-bottom: 10px !important;}&#8221; button_block=&#8221;true&#8221; link=&#8221;url:https%3A%2F%2Fpnipe.mcti.gov.br%2Flaboratory%2F16327|target:_blank&#8221;][vc_btn title=&#8221;Instagram&#8221; style=&#8221;flat&#8221; shape=&#8221;square&#8221; color=&#8221;warning&#8221; size=&#8221;lg&#8221; align=&#8221;left&#8221; css=&#8221;.vc_custom_1727696731717{margin-bottom: 10px !important;}&#8221; button_block=&#8221;true&#8221; link=&#8221;url:https%3A%2F%2Fwww.instagram.com%2Fnupea.uepb|target:_blank&#8221;][\/vc_column][\/vc_row]<\/p>\n<\/div>","protected":false},"excerpt":{"rendered":"<p>[vc_row gap=&#8221;30&#8243;][vc_column width=&#8221;2\/3&#8243; el_class=&#8221;conf-azul&#8221;][vc_text_separator title=&#8221;NOT\u00cdCIAS&#8221; i_icon_fontawesome=&#8221;fas fa-newspaper&#8221; i_color=&#8221;custom&#8221; title_align=&#8221;separator_align_left&#8221; add_icon=&#8221;true&#8221; i_custom_color=&#8221;#cc0000&#8243;][\/vc_column][vc_column width=&#8221;1\/3&#8243;][vc_text_separator title=&#8221;Links \u00dateis&#8221; i_icon_fontawesome=&#8221;fas fa-newspaper&#8221; i_color=&#8221;custom&#8221; title_align=&#8221;separator_align_left&#8221; add_icon=&#8221;true&#8221; i_custom_color=&#8221;#cc0000&#8243;][vc_btn title=&#8221;Diret\u00f3rio do CNPQ (NUPEA)&#8221; style=&#8221;flat&#8221; shape=&#8221;square&#8221; color=&#8221;primary&#8221; size=&#8221;lg&#8221; align=&#8221;left&#8221; css=&#8221;.vc_custom_1727696691576{margin-bottom: 10px !important;}&#8221; button_block=&#8221;true&#8221; link=&#8221;url:http%3A%2F%2Fdgp.cnpq.br%2Fdgp%2Fespelhogrupo%2F2416450125396037|target:_blank&#8221;][vc_btn title=&#8221;Plataforma Nacional de Infraestrutura de Pesquisa (MCTI)&#8221; style=&#8221;flat&#8221; shape=&#8221;square&#8221; color=&#8221;turquoise&#8221; size=&#8221;lg&#8221; align=&#8221;left&#8221; css=&#8221;.vc_custom_1737553133848{margin-bottom: 10px !important;}&#8221; button_block=&#8221;true&#8221; link=&#8221;url:https%3A%2F%2Fpnipe.mcti.gov.br%2Flaboratory%2F16327|target:_blank&#8221;][vc_btn title=&#8221;Instagram&#8221; style=&#8221;flat&#8221; shape=&#8221;square&#8221; color=&#8221;warning&#8221; <a class=\"leiamais\" href=\"https:\/\/nucleos.uepb.edu.br\/nupea\/\">Leia Mais&#8230;<\/a><\/p>\n","protected":false},"author":11,"featured_media":0,"parent":0,"menu_order":0,"comment_status":"closed","ping_status":"closed","template":"","meta":{"footnotes":""},"class_list":["post-64","page","type-page","status-publish","hentry"],"_links":{"self":[{"href":"https:\/\/nucleos.uepb.edu.br\/nupea\/wp-json\/wp\/v2\/pages\/64","targetHints":{"allow":["GET"]}}],"collection":[{"href":"https:\/\/nucleos.uepb.edu.br\/nupea\/wp-json\/wp\/v2\/pages"}],"about":[{"href":"https:\/\/nucleos.uepb.edu.br\/nupea\/wp-json\/wp\/v2\/types\/page"}],"author":[{"embeddable":true,"href":"https:\/\/nucleos.uepb.edu.br\/nupea\/wp-json\/wp\/v2\/users\/11"}],"replies":[{"embeddable":true,"href":"https:\/\/nucleos.uepb.edu.br\/nupea\/wp-json\/wp\/v2\/comments?post=64"}],"version-history":[{"count":16,"href":"https:\/\/nucleos.uepb.edu.br\/nupea\/wp-json\/wp\/v2\/pages\/64\/revisions"}],"predecessor-version":[{"id":131,"href":"https:\/\/nucleos.uepb.edu.br\/nupea\/wp-json\/wp\/v2\/pages\/64\/revisions\/131"}],"wp:attachment":[{"href":"https:\/\/nucleos.uepb.edu.br\/nupea\/wp-json\/wp\/v2\/media?parent=64"}],"curies":[{"name":"wp","href":"https:\/\/api.w.org\/{rel}","templated":true}]}}