{"id":8,"date":"2019-12-03T14:46:05","date_gmt":"2019-12-03T16:46:05","guid":{"rendered":"https:\/\/nucleos.uepb.edu.br\/nupea\/?page_id=8"},"modified":"2023-04-11T14:14:04","modified_gmt":"2023-04-11T17:14:04","slug":"o-que-fazemos","status":"publish","type":"page","link":"https:\/\/nucleos.uepb.edu.br\/nupea\/o-que-fazemos\/","title":{"rendered":"O que fazemos"},"content":{"rendered":"<div class=\"wpb-content-wrapper\"><p>[vc_row el_class=&#8221;conf-azul&#8221;][vc_column][vc_column_text css=&#8221;.vc_custom_1681233241297{margin-bottom: 60px !important;padding-bottom: 30px !important;}&#8221;]O NUPEA funciona como espa\u00e7o de pesquisas cient\u00edficas para orienta\u00e7\u00e3o de alunos de gradua\u00e7\u00e3o, p\u00f3s-gradua\u00e7\u00e3o e est\u00e1gios supervisionados em \u00e1reas afins, al\u00e9m de presta\u00e7\u00e3o de servi\u00e7os \u00e0\u00a0 comunidade. Tamb\u00e9m desenvolve atividades integradas de extens\u00e3o; promove, executa e divulga projetos de pesquisa e extens\u00e3o na \u00e1rea de alimentos e \u00e1gua\u037e capta recursos para a realiza\u00e7\u00e3o das atividades de pesquisa e extens\u00e3o\u037e utiliza seus resultados em aplica\u00e7\u00f5es de utilidade e interesse da comunidade\u037e fomenta a produ\u00e7\u00e3o do conhecimento e de tecnologias nas \u00e1reas de alimentos, \u00e1gua e de tratamento de res\u00edduos agroindustriais; estabelece parcerias com outras institui\u00e7\u00f5es, n\u00facleos e grupos de pesquisas\u037e desenvolve compet\u00eancias na \u00e1rea de alimentos e disponibiliza servi\u00e7os de apoio cient\u00edfico e tecnol\u00f3gico \u00e0s empresas, ao governo e \u00e0 comunidade em geral\u037e contribui, atrav\u00e9s de suas compet\u00eancias, no desenvolvimento, melhoria, inova\u00e7\u00e3o e qualifica\u00e7\u00e3o de processos e produtos aliment\u00edcios e emite pareceres t\u00e9cnicos em conformidade com a legisla\u00e7\u00e3o vigente\u037e presta servi\u00e7os \u00e0 comunidade, \u00e0s empresas e outros estabelecimentos, an\u00e1lises f\u00edsico-qu\u00edmicas e microbiol\u00f3gicas em alimentos e \u00e1gua e outros servi\u00e7os especializados, por meio de contrapartida financeira\u037e tamb\u00e9m promove a forma\u00e7\u00e3o, capacita\u00e7\u00e3o de recursos humanos e a difus\u00e3o de conhecimentos nas \u00e1reas de alimentos, \u00e1gua e tratamento de res\u00edduos agroindustriais.[\/vc_column_text][\/vc_column][\/vc_row]<\/p>\n<\/div>","protected":false},"excerpt":{"rendered":"<p>[vc_row el_class=&#8221;conf-azul&#8221;][vc_column][vc_column_text css=&#8221;.vc_custom_1681233241297{margin-bottom: 60px !important;padding-bottom: 30px !important;}&#8221;]O NUPEA funciona como espa\u00e7o de pesquisas cient\u00edficas para orienta\u00e7\u00e3o de alunos de gradua\u00e7\u00e3o, p\u00f3s-gradua\u00e7\u00e3o e est\u00e1gios supervisionados em \u00e1reas afins, al\u00e9m de presta\u00e7\u00e3o de servi\u00e7os \u00e0\u00a0 comunidade. Tamb\u00e9m desenvolve atividades integradas de extens\u00e3o; promove, executa e divulga projetos de pesquisa e extens\u00e3o na \u00e1rea de alimentos e \u00e1gua\u037e <a class=\"leiamais\" href=\"https:\/\/nucleos.uepb.edu.br\/nupea\/o-que-fazemos\/\">Leia Mais&#8230;<\/a><\/p>\n","protected":false},"author":2,"featured_media":0,"parent":0,"menu_order":0,"comment_status":"closed","ping_status":"closed","template":"","meta":{"footnotes":""},"class_list":["post-8","page","type-page","status-publish","hentry"],"_links":{"self":[{"href":"https:\/\/nucleos.uepb.edu.br\/nupea\/wp-json\/wp\/v2\/pages\/8","targetHints":{"allow":["GET"]}}],"collection":[{"href":"https:\/\/nucleos.uepb.edu.br\/nupea\/wp-json\/wp\/v2\/pages"}],"about":[{"href":"https:\/\/nucleos.uepb.edu.br\/nupea\/wp-json\/wp\/v2\/types\/page"}],"author":[{"embeddable":true,"href":"https:\/\/nucleos.uepb.edu.br\/nupea\/wp-json\/wp\/v2\/users\/2"}],"replies":[{"embeddable":true,"href":"https:\/\/nucleos.uepb.edu.br\/nupea\/wp-json\/wp\/v2\/comments?post=8"}],"version-history":[{"count":5,"href":"https:\/\/nucleos.uepb.edu.br\/nupea\/wp-json\/wp\/v2\/pages\/8\/revisions"}],"predecessor-version":[{"id":77,"href":"https:\/\/nucleos.uepb.edu.br\/nupea\/wp-json\/wp\/v2\/pages\/8\/revisions\/77"}],"wp:attachment":[{"href":"https:\/\/nucleos.uepb.edu.br\/nupea\/wp-json\/wp\/v2\/media?parent=8"}],"curies":[{"name":"wp","href":"https:\/\/api.w.org\/{rel}","templated":true}]}}