{"id":32,"date":"2023-09-13T16:05:09","date_gmt":"2023-09-13T19:05:09","guid":{"rendered":"https:\/\/nucleos.uepb.edu.br\/nupecij\/?page_id=32"},"modified":"2023-09-13T16:24:58","modified_gmt":"2023-09-13T19:24:58","slug":"contato","status":"publish","type":"page","link":"https:\/\/nucleos.uepb.edu.br\/nupecij\/contato\/","title":{"rendered":"Contatos"},"content":{"rendered":"<div class=\"wpb-content-wrapper\"><p>[vc_row][vc_column width=&#8221;1\/2&#8243;][vc_column_text]Universidade Estadual da Para\u00edba<br \/>\nCampus I &#8211; Campina Grande<br \/>\nCentral Acad\u00eamica Paulo Freire (CAPF), 3\u00ba andar<br \/>\nSala 351 (NUPECIJ)<br \/>\nRua das Bara\u00fanas, 351<br \/>\nBairro Universit\u00e1rio &#8211; Campina Grande-PB<br \/>\nCEP: 54429-500[\/vc_column_text][\/vc_column][vc_column width=&#8221;1\/2&#8243;][vc_column_text]Coordenadora: Dr\u00aa Ter\u00e7\u00e1lia Suassuna Vaz Lira<br \/>\nCentro de Ci\u00eancias Sociais Aplicadas (CCSA)<br \/>\nDepartamento de Servi\u00e7o Social (DSS)<br \/>\nTelefone de contato: (83) 9-8606-1590<br \/>\nE-mail institucional: <a href=\"mailto:tercaliasuassuna@ccsa.uepb.edu.br\">tercaliasuassuna@ccsa.uepb.edu.br<\/a><br \/>\nPerfil no Instagram: clique <a href=\"https:\/\/www.instagram.com\/nupecijuepb\/\">aqui<\/a>[\/vc_column_text][\/vc_column][\/vc_row]<\/p>\n<\/div>","protected":false},"excerpt":{"rendered":"<p>[vc_row][vc_column width=&#8221;1\/2&#8243;][vc_column_text]Universidade Estadual da Para\u00edba Campus I &#8211; Campina Grande Central Acad\u00eamica Paulo Freire (CAPF), 3\u00ba andar Sala 351 (NUPECIJ) Rua das Bara\u00fanas, 351 Bairro Universit\u00e1rio &#8211; Campina Grande-PB CEP: 54429-500[\/vc_column_text][\/vc_column][vc_column width=&#8221;1\/2&#8243;][vc_column_text]Coordenadora: Dr\u00aa Ter\u00e7\u00e1lia Suassuna Vaz Lira Centro de Ci\u00eancias Sociais Aplicadas (CCSA) Departamento de Servi\u00e7o Social (DSS) Telefone de contato: (83) 9-8606-1590 E-mail institucional: <a class=\"leiamais\" href=\"https:\/\/nucleos.uepb.edu.br\/nupecij\/contato\/\">Leia Mais&#8230;<\/a><\/p>\n","protected":false},"author":25,"featured_media":0,"parent":0,"menu_order":0,"comment_status":"closed","ping_status":"closed","template":"","meta":{"footnotes":""},"class_list":["post-32","page","type-page","status-publish","hentry"],"_links":{"self":[{"href":"https:\/\/nucleos.uepb.edu.br\/nupecij\/wp-json\/wp\/v2\/pages\/32","targetHints":{"allow":["GET"]}}],"collection":[{"href":"https:\/\/nucleos.uepb.edu.br\/nupecij\/wp-json\/wp\/v2\/pages"}],"about":[{"href":"https:\/\/nucleos.uepb.edu.br\/nupecij\/wp-json\/wp\/v2\/types\/page"}],"author":[{"embeddable":true,"href":"https:\/\/nucleos.uepb.edu.br\/nupecij\/wp-json\/wp\/v2\/users\/25"}],"replies":[{"embeddable":true,"href":"https:\/\/nucleos.uepb.edu.br\/nupecij\/wp-json\/wp\/v2\/comments?post=32"}],"version-history":[{"count":10,"href":"https:\/\/nucleos.uepb.edu.br\/nupecij\/wp-json\/wp\/v2\/pages\/32\/revisions"}],"predecessor-version":[{"id":58,"href":"https:\/\/nucleos.uepb.edu.br\/nupecij\/wp-json\/wp\/v2\/pages\/32\/revisions\/58"}],"wp:attachment":[{"href":"https:\/\/nucleos.uepb.edu.br\/nupecij\/wp-json\/wp\/v2\/media?parent=32"}],"curies":[{"name":"wp","href":"https:\/\/api.w.org\/{rel}","templated":true}]}}