{"id":47,"date":"2023-09-13T16:53:39","date_gmt":"2023-09-13T19:53:39","guid":{"rendered":"https:\/\/nucleos.uepb.edu.br\/nupecij\/?page_id=47"},"modified":"2023-09-13T17:19:03","modified_gmt":"2023-09-13T20:19:03","slug":"objetivos","status":"publish","type":"page","link":"https:\/\/nucleos.uepb.edu.br\/nupecij\/objetivos\/","title":{"rendered":"Objetivos"},"content":{"rendered":"<div class=\"wpb-content-wrapper\"><p>[vc_row][vc_column][vc_column_text]<strong>Objetivo Geral: <\/strong>Qualificar profissionais para desenvolver estudos, pesquisa e a\u00e7\u00f5es interventivas visando a defesa e garantia dos direitos de crian\u00e7as e adolescentes[\/vc_column_text][\/vc_column][\/vc_row][vc_row][vc_column][vc_column_text]<\/p>\n<p><strong>Objetivos Espec\u00edficos<\/strong>[\/vc_column_text][\/vc_column][\/vc_row][vc_row][vc_column width=&#8221;1\/2&#8243;][vc_column_text]<\/p>\n<ul>\n<li style=\"text-align: left\"><strong>Colaborar<\/strong> atrav\u00e9s de projetos de extens\u00e3o e est\u00edmulo \u00e0 pesquisa com a pol\u00edtica de defesa dos direitos da crian\u00e7a e do adolescente, tendo como refer\u00eancia o Estatuto da Crian\u00e7a e do Adolescente (Lei N\u00ba 8.096\/1990);<\/li>\n<li style=\"text-align: left\"><strong>Promover<\/strong> o conhecimento acerca da trajet\u00f3ria hist\u00f3rica da legisla\u00e7\u00e3o de prote\u00e7\u00e3o \u00e0 inf\u00e2ncia e adolesc\u00eancia no Brasil;<\/li>\n<li style=\"text-align: left\"><strong>Promover<\/strong> o acesso ao conhecimento acerca dos direitos preconizados no Estatuto da Crian\u00e7a e do Adolescente e o atual contexto de criminaliza\u00e7\u00e3o da pobreza e judicializa\u00e7\u00e3o dos problemas sociais, e como estes incidem na pol\u00edtica de atendimento \u00e0 inf\u00e2ncia e adolesc\u00eancia no Brasil;<\/li>\n<li><strong>Promover<\/strong> a realiza\u00e7\u00e3o de estudos cient\u00edficos que permitam a melhor compreens\u00e3o da Pol\u00edtica de Defesa dos Direitos da Crian\u00e7a e do Adolescente e que subsidiem a pol\u00edtica de a\u00e7\u00f5es extensionistas \u2013 Universidade e Sociedade Civil;<\/li>\n<\/ul>\n<p>[\/vc_column_text][\/vc_column][vc_column width=&#8221;1\/2&#8243;][vc_column_text]<\/p>\n<ul>\n<li style=\"text-align: left\"><strong>Planejar<\/strong> e executar pesquisas sobre a tem\u00e1tica no contexto do trabalho e extens\u00e3o universit\u00e1ria, oferecendo subs\u00eddios valiosos para a elabora\u00e7\u00e3o de diagn\u00f3sticos e projetos de interven\u00e7\u00e3o desenvolvidos por institui\u00e7\u00f5es p\u00fablicas, privadas e comunit\u00e1rias;<\/li>\n<li style=\"text-align: left\"><strong>Participar<\/strong> de f\u00f3runs de discuss\u00e3o sobre as quest\u00f5es relacionadas \u00e0 Pol\u00edtica de Defesa dos Direitos infanto-juvenil oferecendo contribui\u00e7\u00f5es t\u00e9cnico-cient\u00edficas para novas diretrizes de trabalho pesquisa\/extens\u00e3o na comunidade;<\/li>\n<li style=\"text-align: left\"><strong>Promover<\/strong> eventos em conjunto com segmentos da Universidade e da Comunidade acerca da pol\u00edtica da Crian\u00e7a e do adolescente na perspectiva interdisciplinar e interinstitucional, de acordo com o desenvolver das atividades do N\u00facleo e Grupos de Trabalho dos Departamentos\/Cursos envolvidos no processo de a\u00e7\u00e3o extensionista;<\/li>\n<li style=\"text-align: left\"><strong>Prestar<\/strong> apoio a assessoria t\u00e9cnica e pedag\u00f3gica \u00e0s entidades governamentais e n\u00e3o governamentais que trabalham a pol\u00edtica infanto-juvenil, a partir de suas reivindica\u00e7\u00f5es no prop\u00f3sito de contribuir na implanta\u00e7\u00e3o e consolida\u00e7\u00e3o das a\u00e7\u00f5es de pesquisa e extens\u00e3o na comunidade.<\/li>\n<\/ul>\n<p>[\/vc_column_text][\/vc_column][\/vc_row]<\/p>\n<\/div>","protected":false},"excerpt":{"rendered":"<p>[vc_row][vc_column][vc_column_text]Objetivo Geral: Qualificar profissionais para desenvolver estudos, pesquisa e a\u00e7\u00f5es interventivas visando a defesa e garantia dos direitos de crian\u00e7as e adolescentes[\/vc_column_text][\/vc_column][\/vc_row][vc_row][vc_column][vc_column_text] Objetivos Espec\u00edficos[\/vc_column_text][\/vc_column][\/vc_row][vc_row][vc_column width=&#8221;1\/2&#8243;][vc_column_text] Colaborar atrav\u00e9s de projetos de extens\u00e3o e est\u00edmulo \u00e0 pesquisa com a pol\u00edtica de defesa dos direitos da crian\u00e7a e do adolescente, tendo como refer\u00eancia o Estatuto da Crian\u00e7a e <a class=\"leiamais\" href=\"https:\/\/nucleos.uepb.edu.br\/nupecij\/objetivos\/\">Leia Mais&#8230;<\/a><\/p>\n","protected":false},"author":25,"featured_media":0,"parent":0,"menu_order":0,"comment_status":"closed","ping_status":"closed","template":"","meta":{"footnotes":""},"class_list":["post-47","page","type-page","status-publish","hentry"],"_links":{"self":[{"href":"https:\/\/nucleos.uepb.edu.br\/nupecij\/wp-json\/wp\/v2\/pages\/47","targetHints":{"allow":["GET"]}}],"collection":[{"href":"https:\/\/nucleos.uepb.edu.br\/nupecij\/wp-json\/wp\/v2\/pages"}],"about":[{"href":"https:\/\/nucleos.uepb.edu.br\/nupecij\/wp-json\/wp\/v2\/types\/page"}],"author":[{"embeddable":true,"href":"https:\/\/nucleos.uepb.edu.br\/nupecij\/wp-json\/wp\/v2\/users\/25"}],"replies":[{"embeddable":true,"href":"https:\/\/nucleos.uepb.edu.br\/nupecij\/wp-json\/wp\/v2\/comments?post=47"}],"version-history":[{"count":14,"href":"https:\/\/nucleos.uepb.edu.br\/nupecij\/wp-json\/wp\/v2\/pages\/47\/revisions"}],"predecessor-version":[{"id":59,"href":"https:\/\/nucleos.uepb.edu.br\/nupecij\/wp-json\/wp\/v2\/pages\/47\/revisions\/59"}],"wp:attachment":[{"href":"https:\/\/nucleos.uepb.edu.br\/nupecij\/wp-json\/wp\/v2\/media?parent=47"}],"curies":[{"name":"wp","href":"https:\/\/api.w.org\/{rel}","templated":true}]}}