{"id":5,"date":"2023-04-11T11:03:41","date_gmt":"2023-04-11T14:03:41","guid":{"rendered":"https:\/\/nucleos.uepb.edu.br\/nupecij\/?page_id=5"},"modified":"2023-04-11T11:16:33","modified_gmt":"2023-04-11T14:16:33","slug":"pagina-inicial","status":"publish","type":"page","link":"https:\/\/nucleos.uepb.edu.br\/nupecij\/","title":{"rendered":"P\u00e1gina Inicial"},"content":{"rendered":"<div class=\"wpb-content-wrapper\"><p>[vc_row gap=&#8221;30&#8243; equal_height=&#8221;yes&#8221; el_class=&#8221;conf-azul&#8221;][vc_column width=&#8221;1\/2&#8243;][vc_text_separator title=&#8221;QUEM SOMOS&#8221; title_align=&#8221;separator_align_left&#8221;][vc_column_text]N\u00facleo de Estudo, Pesquisa e Extens\u00e3o Comunit\u00e1ria Infanto- Juvenil \u2013 NUPECIJ, o qual est\u00e1 diretamente vinculado ao Curso de Servi\u00e7o Social e a Pr\u00f3-reitoria de Extens\u00e3o e Assuntos Comunit\u00e1rios \u2013 PROEAC da Universidade Estadual da Para\u00edba.[\/vc_column_text][\/vc_column][vc_column width=&#8221;1\/2&#8243;][vc_text_separator title=&#8221;CARTA DE SERVI\u00c7OS&#8221; title_align=&#8221;separator_align_left&#8221;][vc_column_text]O N\u00facleo existe h\u00e1 vinte e cinco anos e tem como objetivo promover a realiza\u00e7\u00e3o de estudos cient\u00edficos e a\u00e7\u00f5es extensionistas visando a compreens\u00e3o e a efetiva\u00e7\u00e3o da Pol\u00edtica de Defesa dos Direitos da Crian\u00e7a e do Adolescente.<\/p>\n<p>O Nupecij tem desenvolvido nos \u00faltimos anos grupos de estudos, projetos de pesquisa e extens\u00e3o e eventos na \u00e1rea da inf\u00e2ncia e juventude. O Nupecij atualmente \u00e9 composto por professores do Cursos de Servi\u00e7o Social alunos da gradua\u00e7\u00e3o e do Programa de P\u00f3s em Servi\u00e7o Social.[\/vc_column_text][\/vc_column][\/vc_row][vc_row gap=&#8221;30&#8243; equal_height=&#8221;yes&#8221; el_class=&#8221;conf-azul&#8221;][vc_column width=&#8221;1\/2&#8243;][vc_text_separator title=&#8221;EQUIPE&#8221; title_align=&#8221;separator_align_left&#8221;][vc_column_text]Prof\u00aa Dr.\u00aa Tercalia Suassuna Vaz Lira (Dep. Servi\u00e7o Social) e estudantes da gradua\u00e7\u00e3o e p\u00f3s gradua\u00e7\u00e3o do curso de Servi\u00e7o Social.[\/vc_column_text][\/vc_column][vc_column width=&#8221;1\/2&#8243;][vc_text_separator title=&#8221;CONTATOS&#8221; title_align=&#8221;separator_align_left&#8221;][vc_column_text]tercaliasuassuna@ccsa.uepb.edu.br[\/vc_column_text][\/vc_column][\/vc_row]<\/p>\n<\/div>","protected":false},"excerpt":{"rendered":"<p>[vc_row gap=&#8221;30&#8243; equal_height=&#8221;yes&#8221; el_class=&#8221;conf-azul&#8221;][vc_column width=&#8221;1\/2&#8243;][vc_text_separator title=&#8221;QUEM SOMOS&#8221; title_align=&#8221;separator_align_left&#8221;][vc_column_text]N\u00facleo de Estudo, Pesquisa e Extens\u00e3o Comunit\u00e1ria Infanto- Juvenil \u2013 NUPECIJ, o qual est\u00e1 diretamente vinculado ao Curso de Servi\u00e7o Social e a Pr\u00f3-reitoria de Extens\u00e3o e Assuntos Comunit\u00e1rios \u2013 PROEAC da Universidade Estadual da Para\u00edba.[\/vc_column_text][\/vc_column][vc_column width=&#8221;1\/2&#8243;][vc_text_separator title=&#8221;CARTA DE SERVI\u00c7OS&#8221; title_align=&#8221;separator_align_left&#8221;][vc_column_text]O N\u00facleo existe h\u00e1 vinte e cinco anos <a class=\"leiamais\" href=\"https:\/\/nucleos.uepb.edu.br\/nupecij\/\">Leia Mais&#8230;<\/a><\/p>\n","protected":false},"author":11,"featured_media":0,"parent":0,"menu_order":0,"comment_status":"closed","ping_status":"closed","template":"","meta":{"footnotes":""},"class_list":["post-5","page","type-page","status-publish","hentry"],"_links":{"self":[{"href":"https:\/\/nucleos.uepb.edu.br\/nupecij\/wp-json\/wp\/v2\/pages\/5","targetHints":{"allow":["GET"]}}],"collection":[{"href":"https:\/\/nucleos.uepb.edu.br\/nupecij\/wp-json\/wp\/v2\/pages"}],"about":[{"href":"https:\/\/nucleos.uepb.edu.br\/nupecij\/wp-json\/wp\/v2\/types\/page"}],"author":[{"embeddable":true,"href":"https:\/\/nucleos.uepb.edu.br\/nupecij\/wp-json\/wp\/v2\/users\/11"}],"replies":[{"embeddable":true,"href":"https:\/\/nucleos.uepb.edu.br\/nupecij\/wp-json\/wp\/v2\/comments?post=5"}],"version-history":[{"count":9,"href":"https:\/\/nucleos.uepb.edu.br\/nupecij\/wp-json\/wp\/v2\/pages\/5\/revisions"}],"predecessor-version":[{"id":15,"href":"https:\/\/nucleos.uepb.edu.br\/nupecij\/wp-json\/wp\/v2\/pages\/5\/revisions\/15"}],"wp:attachment":[{"href":"https:\/\/nucleos.uepb.edu.br\/nupecij\/wp-json\/wp\/v2\/media?parent=5"}],"curies":[{"name":"wp","href":"https:\/\/api.w.org\/{rel}","templated":true}]}}