{"id":67,"date":"2023-10-04T15:37:17","date_gmt":"2023-10-04T18:37:17","guid":{"rendered":"https:\/\/nucleos.uepb.edu.br\/nupecij\/?page_id=67"},"modified":"2023-10-04T15:44:07","modified_gmt":"2023-10-04T18:44:07","slug":"publicacoes","status":"publish","type":"page","link":"https:\/\/nucleos.uepb.edu.br\/nupecij\/publicacoes\/","title":{"rendered":"Publica\u00e7\u00f5es"},"content":{"rendered":"<div class=\"wpb-content-wrapper\"><p>[vc_row][vc_column][vc_column_text]A equipe do NUPECIJ promove a socializa\u00e7\u00e3o do conhecimento cient\u00edfico voltado \u00e0 inf\u00e2ncia e juventude atrav\u00e9s de nossa produ\u00e7\u00e3o cient\u00edfica em diversos formatos. Conhe\u00e7a o nosso acervo.<\/p>\n<p>[\/vc_column_text][\/vc_column][\/vc_row]<\/p>\n<\/div>","protected":false},"excerpt":{"rendered":"<p>[vc_row][vc_column][vc_column_text]A equipe do NUPECIJ promove a socializa\u00e7\u00e3o do conhecimento cient\u00edfico voltado \u00e0 inf\u00e2ncia e juventude atrav\u00e9s de nossa produ\u00e7\u00e3o cient\u00edfica em diversos formatos. Conhe\u00e7a o nosso acervo. [\/vc_column_text][\/vc_column][\/vc_row]<\/p>\n","protected":false},"author":25,"featured_media":0,"parent":0,"menu_order":0,"comment_status":"closed","ping_status":"closed","template":"","meta":{"footnotes":""},"class_list":["post-67","page","type-page","status-publish","hentry"],"_links":{"self":[{"href":"https:\/\/nucleos.uepb.edu.br\/nupecij\/wp-json\/wp\/v2\/pages\/67","targetHints":{"allow":["GET"]}}],"collection":[{"href":"https:\/\/nucleos.uepb.edu.br\/nupecij\/wp-json\/wp\/v2\/pages"}],"about":[{"href":"https:\/\/nucleos.uepb.edu.br\/nupecij\/wp-json\/wp\/v2\/types\/page"}],"author":[{"embeddable":true,"href":"https:\/\/nucleos.uepb.edu.br\/nupecij\/wp-json\/wp\/v2\/users\/25"}],"replies":[{"embeddable":true,"href":"https:\/\/nucleos.uepb.edu.br\/nupecij\/wp-json\/wp\/v2\/comments?post=67"}],"version-history":[{"count":3,"href":"https:\/\/nucleos.uepb.edu.br\/nupecij\/wp-json\/wp\/v2\/pages\/67\/revisions"}],"predecessor-version":[{"id":76,"href":"https:\/\/nucleos.uepb.edu.br\/nupecij\/wp-json\/wp\/v2\/pages\/67\/revisions\/76"}],"wp:attachment":[{"href":"https:\/\/nucleos.uepb.edu.br\/nupecij\/wp-json\/wp\/v2\/media?parent=67"}],"curies":[{"name":"wp","href":"https:\/\/api.w.org\/{rel}","templated":true}]}}