{"id":71,"date":"2023-10-04T15:41:13","date_gmt":"2023-10-04T18:41:13","guid":{"rendered":"https:\/\/nucleos.uepb.edu.br\/nupecij\/?page_id=71"},"modified":"2023-10-04T15:58:10","modified_gmt":"2023-10-04T18:58:10","slug":"livros-e-e-books","status":"publish","type":"page","link":"https:\/\/nucleos.uepb.edu.br\/nupecij\/livros-e-e-books\/","title":{"rendered":"Livros e E-books"},"content":{"rendered":"<p><strong>T\u00edtulo:<\/strong> A (Des)prote\u00e7\u00e3o social \u00e0 inf\u00e2ncia e adolesc\u00eancia no Brasil: o golpe de 2016 e suas implica\u00e7\u00f5es<br \/>\n<strong>Autora:<\/strong> Ter\u00e7\u00e1lia Suassuna Vaz Lira<br \/>\n<strong>Ano de publica\u00e7\u00e3o:<\/strong> 2022<br \/>\n<strong>Editora:<\/strong> Editora da UEPB<br \/>\n<strong>Acesso:<\/strong> <a href=\"https:\/\/eduepb.uepb.edu.br\/e-books\/\">aqui<\/a><\/p>\n<p><strong>T\u00edtulo:<\/strong> O sentido do trabalhom infantil dom\u00e9stico: particularidades e contradi\u00e7\u00f5es na esfera da reprodu\u00e7\u00e3o social nas economias perif\u00e9ricas dependentes<br \/>\n<strong>Autora:<\/strong> Ter\u00e7\u00e1lia Suassuna Vaz Lira<br \/>\n<strong>Ano de publica\u00e7\u00e3o:<\/strong> 2021<br \/>\n<strong>Editora:<\/strong> Editora da UEPB<br \/>\n<strong>Acesso:<\/strong> <a href=\"https:\/\/eduepb.uepb.edu.br\/e-books\/\">aqui<\/a><\/p>\n<p>&nbsp;<\/p>\n","protected":false},"excerpt":{"rendered":"<p>T\u00edtulo: A (Des)prote\u00e7\u00e3o social \u00e0 inf\u00e2ncia e adolesc\u00eancia no Brasil: o golpe de 2016 e suas implica\u00e7\u00f5es Autora: Ter\u00e7\u00e1lia Suassuna Vaz Lira Ano de publica\u00e7\u00e3o: 2022 Editora: Editora da UEPB Acesso: aqui T\u00edtulo: O sentido do trabalhom infantil dom\u00e9stico: particularidades e contradi\u00e7\u00f5es na esfera da reprodu\u00e7\u00e3o social nas economias perif\u00e9ricas dependentes Autora: Ter\u00e7\u00e1lia Suassuna Vaz <a class=\"leiamais\" href=\"https:\/\/nucleos.uepb.edu.br\/nupecij\/livros-e-e-books\/\">Leia Mais&#8230;<\/a><\/p>\n","protected":false},"author":25,"featured_media":0,"parent":0,"menu_order":0,"comment_status":"closed","ping_status":"closed","template":"","meta":{"footnotes":""},"class_list":["post-71","page","type-page","status-publish","hentry"],"_links":{"self":[{"href":"https:\/\/nucleos.uepb.edu.br\/nupecij\/wp-json\/wp\/v2\/pages\/71","targetHints":{"allow":["GET"]}}],"collection":[{"href":"https:\/\/nucleos.uepb.edu.br\/nupecij\/wp-json\/wp\/v2\/pages"}],"about":[{"href":"https:\/\/nucleos.uepb.edu.br\/nupecij\/wp-json\/wp\/v2\/types\/page"}],"author":[{"embeddable":true,"href":"https:\/\/nucleos.uepb.edu.br\/nupecij\/wp-json\/wp\/v2\/users\/25"}],"replies":[{"embeddable":true,"href":"https:\/\/nucleos.uepb.edu.br\/nupecij\/wp-json\/wp\/v2\/comments?post=71"}],"version-history":[{"count":5,"href":"https:\/\/nucleos.uepb.edu.br\/nupecij\/wp-json\/wp\/v2\/pages\/71\/revisions"}],"predecessor-version":[{"id":84,"href":"https:\/\/nucleos.uepb.edu.br\/nupecij\/wp-json\/wp\/v2\/pages\/71\/revisions\/84"}],"wp:attachment":[{"href":"https:\/\/nucleos.uepb.edu.br\/nupecij\/wp-json\/wp\/v2\/media?parent=71"}],"curies":[{"name":"wp","href":"https:\/\/api.w.org\/{rel}","templated":true}]}}