{"id":79,"date":"2023-10-04T15:55:26","date_gmt":"2023-10-04T18:55:26","guid":{"rendered":"https:\/\/nucleos.uepb.edu.br\/nupecij\/?page_id=79"},"modified":"2023-10-04T17:13:37","modified_gmt":"2023-10-04T20:13:37","slug":"artigos-cientificos","status":"publish","type":"page","link":"https:\/\/nucleos.uepb.edu.br\/nupecij\/artigos-cientificos\/","title":{"rendered":"Artigos em Peri\u00f3dicos"},"content":{"rendered":"<p><strong>T\u00edtulo:<\/strong> Crise, recrudescimento do neoliberalismo e seus reflexos no Programa Nacional de Assist\u00eancia Estudantil (PNAES)<br \/>\n<strong>Autoras: <\/strong>Ada\u00edres Eliane Dantas Santos;\u00a0Ter\u00e7\u00e1lia Suassuna Vaz Lira<br \/>\n<strong>Ano de publica\u00e7\u00e3o:<\/strong> 2023<br \/>\n<strong>Peri\u00f3dico:<\/strong> O Social em Quest\u00e3o<br \/>\n<strong>Acesso:<\/strong> <a href=\"https:\/\/www.maxwell.vrac.puc-rio.br\/61453\/61453.PDF\">aqui<\/a><\/p>\n<p><strong>T\u00edtulo:<\/strong> O direito \u00e0 Educa\u00e7\u00e3o Superior P\u00fablica no contexto da atual crise capitalista<br \/>\n<strong>Autoras: <\/strong>Ada\u00edres Eliane Dantas Dos Santos; Ter\u00e7\u00e1lia Suassuna Vaz Lira<br \/>\n<strong>Ano de publica\u00e7\u00e3o:<\/strong> 2022<br \/>\n<strong>Peri\u00f3dico:<\/strong> Cognitio Juris<br \/>\n<strong>Acesso:<\/strong> <a href=\"https:\/\/cognitiojuris.com.br\/o-direito-a-educacao-superior-publica-no-contexto-da-atual-crise-capitalista\/\">aqui<\/a><\/p>\n<p><strong>T\u00edtulo:<\/strong> O Ensino Superior P\u00fablico no contexto intensifica\u00e7\u00e3o do ajuste fiscal brasileiro no per\u00edodo de 2015 a 2020<br \/>\n<strong>Autoras:<\/strong> Ter\u00e7\u00e1lia Suassuna Vaz Lira; Thaise Ariane Pereira de Souza<br \/>\n<strong>Ano de publica\u00e7\u00e3o:<\/strong> 2022<br \/>\n<strong>Peri\u00f3dico:<\/strong> Qualitas<br \/>\n<strong>Acesso:<\/strong> <a href=\"https:\/\/revista.uepb.edu.br\/QUALITAS\/article\/view\/2457\">aqui<\/a><\/p>\n<p><strong>T\u00edtulo:<\/strong> A ofensiva neoliberal no contexto p\u00f3s-golpe de Estado no Brasil: implica\u00e7\u00f5es \u00e0 pol\u00edtica de habita\u00e7\u00e3o de interesse social<br \/>\n<strong>Autoras:<\/strong> Ada\u00edres Eliane Dantas dos Santos; Ter\u00e7\u00e1lia Suassuna Vaz Lira<br \/>\n<strong>Ano de publica\u00e7\u00e3o:<\/strong> 2022<br \/>\n<strong>Peri\u00f3dico:<\/strong> Educa\u00e7\u00e3o em Foco<br \/>\n<strong>Acesso:<\/strong> <a href=\"https:\/\/periodicos.ufjf.br\/index.php\/edufoco\/article\/view\/36900\">aqui<\/a><\/p>\n<p><strong>T\u00edtulo:<\/strong> Criminaliza\u00e7\u00e3o da pobreza e pol\u00edtica de atendimento \u00e0s crian\u00e7as e adolescentes no Brasil: uma reflex\u00e3o necess\u00e1ria<br \/>\n<strong>Autoras:<\/strong> Patr\u00edcia da Silva Andrade; Maria Clara Exequiel Bezerra; Jussara de Melo Ferreira; Ter\u00e7\u00e1lia Suassuna Vaz Lira<br \/>\n<strong>Ano de publica\u00e7\u00e3o:<\/strong> 2022<br \/>\n<strong>Peri\u00f3dico:<\/strong>\u00a0Emancipa\u00e7\u00e3o<br \/>\n<strong>Acesso:<\/strong> <a href=\"https:\/\/revistas.uepg.br\/index.php\/emancipacao\/article\/view\/16532\">aqui<\/a><\/p>\n<p><strong>T\u00edtulo:<\/strong> O sentido do trabalho infantil dom\u00e9stico<br \/>\n<strong>Autoras:<\/strong> Ter\u00e7\u00e1lia Suassuna Vaz Lira<br \/>\n<strong>Ano de publica\u00e7\u00e3o:<\/strong> 2021<br \/>\n<strong>Peri\u00f3dico:<\/strong> Ser Social<br \/>\n<strong>Acesso:<\/strong> <a href=\"https:\/\/periodicos.unb.br\/index.php\/SER_Social\/article\/view\/32276\">aqui<\/a><\/p>\n<p><strong>T\u00edtulo:<\/strong> O golpe de 2016 e suas implica\u00e7\u00f5es \u00e0 prote\u00e7\u00e3o social de crian\u00e7as e adolescentes<br \/>\n<strong>Autoras:<\/strong> Ter\u00e7\u00e1lia Suassuna Vaz Lira; Nataly Isabelle Pessoa da Silva Pinto<br \/>\n<strong>Ano de publica\u00e7\u00e3o:<\/strong> 2021<br \/>\n<strong>Peri\u00f3dico:<\/strong> Cognitio Juris<br \/>\n<strong>Acesso:<\/strong> <a href=\"https:\/\/cognitiojuris.com.br\/o-golpe-de-2016-e-suas-implicacoes-a-protecao-social-de-criancas-e-adolescentes\/\">aqui<\/a><\/p>\n<p><strong>T\u00edtulo:<\/strong> O golpe de 2016 e a ofensiva aos direitos sociais: impactos aos direitos da pessoa idosa<br \/>\n<strong>Autoras:<\/strong> Maiara Pereira dos Santos Ara\u00fajo; Ter\u00e7\u00e1lia Suassuna Vaz Lira<br \/>\n<strong>Ano de publica\u00e7\u00e3o:<\/strong> 2020<br \/>\n<strong>Peri\u00f3dico:<\/strong> Cognitio Juris<br \/>\n<strong>Acesso:<\/strong> <a href=\"https:\/\/cognitiojuris.com.br\/cognitio-juris-29a-edicao\/\">aqui<\/a><\/p>\n<p><strong>T\u00edtulo:<\/strong> A persistente explora\u00e7\u00e3o do trabalho infantil na Am\u00e9rica Latina e a fal\u00e1cia da erradica\u00e7\u00e3o<br \/>\n<strong>Autoras:<\/strong> Ter\u00e7\u00e1lia Suassuna Vaz Lira<br \/>\n<strong>Ano de publica\u00e7\u00e3o:<\/strong> 2020<br \/>\n<strong>Peri\u00f3dico:<\/strong> Qualitas<br \/>\n<strong>Acesso:<\/strong> <a href=\"https:\/\/revista.uepb.edu.br\/QUALITAS\/article\/view\/2592\">aqui<\/a><\/p>\n<p><strong>T\u00edtulo:<\/strong> A viola\u00e7\u00e3o dos direitos da inf\u00e2ncia: o papel das institui\u00e7\u00f5es escolares no enfrentamento ao abuso sexual infantil<br \/>\n<strong>Autoras:<\/strong> Paula Cristina S\u00e9rgio de Sousa; Ter\u00e7\u00e1lia Suassuna Vaz Lira<br \/>\n<strong>Ano de publica\u00e7\u00e3o:<\/strong> 2019<br \/>\n<strong>Peri\u00f3dico:<\/strong> Cognitio Juris<br \/>\n<strong>Acesso:<\/strong> <a href=\"https:\/\/cognitiojuris.com.br\/cognitio-juris-26a-edicao\/\">aqui<\/a><\/p>\n<p><strong>T\u00edtulo:<\/strong> Redu\u00e7\u00e3o da maioridade pensal: punir \u00e9 a solu\u00e7\u00e3o?<br \/>\n<strong>Autoras:<\/strong> Glayce Kelly Rodrigues Lopes; Ter\u00e7\u00e1lia Suassuna Vaz Lira<br \/>\n<strong>Ano de publica\u00e7\u00e3o:<\/strong> 2019<br \/>\n<strong>Peri\u00f3dico:<\/strong> Cognitio Juris<br \/>\n<strong>Acesso:<\/strong> <a href=\"https:\/\/cognitiojuris.com.br\/cognitio-juris-27a-edicao\/\">aqui<\/a><\/p>\n<p><strong>T\u00edtulo:<\/strong> A viola\u00e7\u00e3o dos direitos da inf\u00e2ncia: o papel das institui\u00e7\u00f5es escolares no enfrentamento ao abuso sexual infantil<br \/>\n<strong>Autoras:<\/strong> Paula Cristina S\u00e9rgio de Sousa; Ter\u00e7\u00e1lia Suassuna Vaz Lira<br \/>\n<strong>Ano de publica\u00e7\u00e3o:<\/strong> 2019<br \/>\n<strong>Peri\u00f3dico:<\/strong> Cognitio Juris<br \/>\n<strong>Acesso:<\/strong> <a href=\"https:\/\/cognitiojuris.com.br\/cognitio-juris-26a-edicao\/\">aqui<\/a><\/p>\n<p><strong>T\u00edtulo:<\/strong> Desigualdades de g\u00eanero: dificuldades e desafios no enfrentamento \u00e0 viol\u00eancia contra a mulher<br \/>\n<strong>Autoras:<\/strong> Greicy Kelly de Sousa Silva; Ter\u00e7\u00e1lia Suassuna Vaz Lira<br \/>\n<strong>Ano de publica\u00e7\u00e3o:<\/strong> 2018<br \/>\n<strong>Peri\u00f3dico:<\/strong> Cognitio Juris<br \/>\n<strong>Acesso:<\/strong> <a href=\"https:\/\/cognitiojuris.com.br\/cognitio-juris-24a-edicao\/\">aqui<\/a><\/p>\n<p><strong>T\u00edtulo:<\/strong> Superexplora\u00e7\u00e3o, crise mundial e golpe de Estado no Brasil<br \/>\n<strong>Autoras:<\/strong> Ter\u00e7\u00e1lia Suassuna Vaz Lira; Juliane Feix Peruzzo<br \/>\n<strong>Ano de publica\u00e7\u00e3o:<\/strong> 2018<br \/>\n<strong>Peri\u00f3dico:<\/strong> Cognitio Juris<br \/>\n<strong>Acesso:<\/strong> <a href=\"https:\/\/cognitiojuris.com.br\/cognitio-juris-23a-edicao\/\">aqui<\/a><\/p>\n<p><strong>T\u00edtulo:<\/strong> O trabalho infantil dom\u00e9stico nas economias perif\u00e9ricas dependentes<br \/>\n<strong>Autoras: <\/strong>Ter\u00e7\u00e1lia Suassuna Vaz Lira; Juliane Feix Peruzzo<br \/>\n<strong>Ano de publica\u00e7\u00e3o:<\/strong> 2017<br \/>\n<strong>Peri\u00f3dico:<\/strong> Argumentum<br \/>\n<strong>Acesso:<\/strong> <a href=\"https:\/\/periodicos.ufes.br\/argumentum\/article\/view\/13381\">aqui<\/a><\/p>\n","protected":false},"excerpt":{"rendered":"<p>T\u00edtulo: Crise, recrudescimento do neoliberalismo e seus reflexos no Programa Nacional de Assist\u00eancia Estudantil (PNAES) Autoras: Ada\u00edres Eliane Dantas Santos;\u00a0Ter\u00e7\u00e1lia Suassuna Vaz Lira Ano de publica\u00e7\u00e3o: 2023 Peri\u00f3dico: O Social em Quest\u00e3o Acesso: aqui T\u00edtulo: O direito \u00e0 Educa\u00e7\u00e3o Superior P\u00fablica no contexto da atual crise capitalista Autoras: Ada\u00edres Eliane Dantas Dos Santos; Ter\u00e7\u00e1lia Suassuna <a class=\"leiamais\" href=\"https:\/\/nucleos.uepb.edu.br\/nupecij\/artigos-cientificos\/\">Leia Mais&#8230;<\/a><\/p>\n","protected":false},"author":25,"featured_media":0,"parent":0,"menu_order":0,"comment_status":"closed","ping_status":"closed","template":"","meta":{"footnotes":""},"class_list":["post-79","page","type-page","status-publish","hentry"],"_links":{"self":[{"href":"https:\/\/nucleos.uepb.edu.br\/nupecij\/wp-json\/wp\/v2\/pages\/79","targetHints":{"allow":["GET"]}}],"collection":[{"href":"https:\/\/nucleos.uepb.edu.br\/nupecij\/wp-json\/wp\/v2\/pages"}],"about":[{"href":"https:\/\/nucleos.uepb.edu.br\/nupecij\/wp-json\/wp\/v2\/types\/page"}],"author":[{"embeddable":true,"href":"https:\/\/nucleos.uepb.edu.br\/nupecij\/wp-json\/wp\/v2\/users\/25"}],"replies":[{"embeddable":true,"href":"https:\/\/nucleos.uepb.edu.br\/nupecij\/wp-json\/wp\/v2\/comments?post=79"}],"version-history":[{"count":19,"href":"https:\/\/nucleos.uepb.edu.br\/nupecij\/wp-json\/wp\/v2\/pages\/79\/revisions"}],"predecessor-version":[{"id":105,"href":"https:\/\/nucleos.uepb.edu.br\/nupecij\/wp-json\/wp\/v2\/pages\/79\/revisions\/105"}],"wp:attachment":[{"href":"https:\/\/nucleos.uepb.edu.br\/nupecij\/wp-json\/wp\/v2\/media?parent=79"}],"curies":[{"name":"wp","href":"https:\/\/api.w.org\/{rel}","templated":true}]}}