{"id":87,"date":"2023-10-04T16:05:39","date_gmt":"2023-10-04T19:05:39","guid":{"rendered":"https:\/\/nucleos.uepb.edu.br\/nupecij\/?page_id=87"},"modified":"2023-10-04T16:42:42","modified_gmt":"2023-10-04T19:42:42","slug":"anais-de-eventos","status":"publish","type":"page","link":"https:\/\/nucleos.uepb.edu.br\/nupecij\/anais-de-eventos\/","title":{"rendered":"Anais de Eventos"},"content":{"rendered":"<div class=\"author\">\n<div class=\"article-author-affilitation\"><strong>T\u00edtulo:<\/strong> Impactos do trabalho infanto-juvenil na vida de alunos da EJA: identificando marcas<br \/>\n<strong>Autoras: <\/strong>Ter\u00e7\u00e1lia Suassuna Vaz Lira; Juliane Feix Peruzzo<br \/>\n<strong>Ano de publica\u00e7\u00e3o:<\/strong> 2014<br \/>\n<strong>Anais:<\/strong> I CONEDU<br \/>\n<strong>Acesso:<\/strong> <a href=\"https:\/\/www.editorarealize.com.br\/index.php\/artigo\/visualizar\/7384\">aqui<\/a><\/div>\n<\/div>\n","protected":false},"excerpt":{"rendered":"<p>T\u00edtulo: Impactos do trabalho infanto-juvenil na vida de alunos da EJA: identificando marcas Autoras: Ter\u00e7\u00e1lia Suassuna Vaz Lira; Juliane Feix Peruzzo Ano de publica\u00e7\u00e3o: 2014 Anais: I CONEDU Acesso: aqui<\/p>\n","protected":false},"author":25,"featured_media":0,"parent":0,"menu_order":0,"comment_status":"closed","ping_status":"closed","template":"","meta":{"footnotes":""},"class_list":["post-87","page","type-page","status-publish","hentry"],"_links":{"self":[{"href":"https:\/\/nucleos.uepb.edu.br\/nupecij\/wp-json\/wp\/v2\/pages\/87","targetHints":{"allow":["GET"]}}],"collection":[{"href":"https:\/\/nucleos.uepb.edu.br\/nupecij\/wp-json\/wp\/v2\/pages"}],"about":[{"href":"https:\/\/nucleos.uepb.edu.br\/nupecij\/wp-json\/wp\/v2\/types\/page"}],"author":[{"embeddable":true,"href":"https:\/\/nucleos.uepb.edu.br\/nupecij\/wp-json\/wp\/v2\/users\/25"}],"replies":[{"embeddable":true,"href":"https:\/\/nucleos.uepb.edu.br\/nupecij\/wp-json\/wp\/v2\/comments?post=87"}],"version-history":[{"count":3,"href":"https:\/\/nucleos.uepb.edu.br\/nupecij\/wp-json\/wp\/v2\/pages\/87\/revisions"}],"predecessor-version":[{"id":90,"href":"https:\/\/nucleos.uepb.edu.br\/nupecij\/wp-json\/wp\/v2\/pages\/87\/revisions\/90"}],"wp:attachment":[{"href":"https:\/\/nucleos.uepb.edu.br\/nupecij\/wp-json\/wp\/v2\/media?parent=87"}],"curies":[{"name":"wp","href":"https:\/\/api.w.org\/{rel}","templated":true}]}}