{"id":136,"date":"2023-03-02T08:52:54","date_gmt":"2023-03-02T11:52:54","guid":{"rendered":"https:\/\/nucleos.uepb.edu.br\/nupehl\/?page_id=136"},"modified":"2023-05-05T08:51:50","modified_gmt":"2023-05-05T11:51:50","slug":"comarca-de-campina-grande","status":"publish","type":"page","link":"https:\/\/nucleos.uepb.edu.br\/nupehl\/acervos\/comarca-de-campina-grande\/","title":{"rendered":"Comarca de Campina Grande"},"content":{"rendered":"<div class=\"wpb-content-wrapper\"><p>[vc_row][vc_column width=&#8221;2\/3&#8243;][vc_column_text]<\/p>\n<p style=\"text-align: left\">Disponibilizamos nesse acervo dois Livros de Tombos da Catedral de Campina Grande, do ano de 1885 e 1926, importantes fontes de nossa hist\u00f3ria, costumes e acontecimentos registrados pelos p\u00e1rocos. Assim como os invent\u00e1rios seculares que contam uma hist\u00f3ria &#8220;ainda n\u00e3o contada&#8221; de Campina Grande. Fontes riqu\u00edssimas do nosso passado, agora preservadas e dispon\u00edveis para pesquisas. Nosso acervo consta atualmente com invent\u00e1rios datados de 1783 a 1863.<\/p>\n<p>Tamb\u00e9m estar\u00e1 dispon\u00edvel alguns processos crime dos anos de 1890 \u00e0 1929. Devido a limita\u00e7\u00f5es t\u00e9cnicas dos servidores, os arquivos ser\u00e3o disponibilizados aos poucos. Para acesso ao nosso acervo completo, entrar em contato pelo e-mail <a href=\"mailto:nupehl@setor.uepb.edu.br\">nupehl@setor.uepb.edu.br<\/a>[\/vc_column_text][\/vc_column][vc_column width=&#8221;1\/3&#8243;][vc_btn title=&#8221;Livros de Tombo da Catedral&#8221; color=&#8221;turquoise&#8221; size=&#8221;lg&#8221; align=&#8221;left&#8221; button_block=&#8221;true&#8221; link=&#8221;url:https%3A%2F%2Fnucleos.uepb.edu.br%2Fnupehl%2Flivros-de-tombo-da-catedral-de-campina-grande%2F|title:Livros%20de%20Tombo%20da%20Catedral%20de%20Campina%20Grande&#8221;][vc_btn title=&#8221;Invent\u00e1rios do S\u00e9culo XIX&#8221; color=&#8221;orange&#8221; size=&#8221;lg&#8221; align=&#8221;left&#8221; button_block=&#8221;true&#8221; link=&#8221;url:https%3A%2F%2Fnucleos.uepb.edu.br%2Fnupehl%2Facervos%2Fcomarca-de-campina-grande%2Finventarios-seculo-xix%2F|title:Invent%C3%A1rios%20s%C3%A9culo%20XIX&#8221;][vc_btn title=&#8221;Processos Crime&#8221; color=&#8221;turquoise&#8221; size=&#8221;lg&#8221; align=&#8221;left&#8221; button_block=&#8221;true&#8221; link=&#8221;url:https%3A%2F%2Fnucleos.uepb.edu.br%2Fnupehl%2Fprocessos-crime-1889-a-1929%2F|title:Processos%20Crime%201887%20%C3%A0%201929&#8243;][\/vc_column][\/vc_row][vc_row][vc_column][vc_single_image image=&#8221;879&#8243;][\/vc_column][\/vc_row]<\/p>\n<\/div>","protected":false},"excerpt":{"rendered":"<p>[vc_row][vc_column width=&#8221;2\/3&#8243;][vc_column_text] Disponibilizamos nesse acervo dois Livros de Tombos da Catedral de Campina Grande, do ano de 1885 e 1926, importantes fontes de nossa hist\u00f3ria, costumes e acontecimentos registrados pelos p\u00e1rocos. Assim como os invent\u00e1rios seculares que contam uma hist\u00f3ria &#8220;ainda n\u00e3o contada&#8221; de Campina Grande. Fontes riqu\u00edssimas do nosso passado, agora preservadas e dispon\u00edveis <a class=\"leiamais\" href=\"https:\/\/nucleos.uepb.edu.br\/nupehl\/acervos\/comarca-de-campina-grande\/\">Leia Mais&#8230;<\/a><\/p>\n","protected":false},"author":32,"featured_media":0,"parent":10,"menu_order":0,"comment_status":"closed","ping_status":"closed","template":"","meta":{"footnotes":""},"class_list":["post-136","page","type-page","status-publish","hentry"],"_links":{"self":[{"href":"https:\/\/nucleos.uepb.edu.br\/nupehl\/wp-json\/wp\/v2\/pages\/136","targetHints":{"allow":["GET"]}}],"collection":[{"href":"https:\/\/nucleos.uepb.edu.br\/nupehl\/wp-json\/wp\/v2\/pages"}],"about":[{"href":"https:\/\/nucleos.uepb.edu.br\/nupehl\/wp-json\/wp\/v2\/types\/page"}],"author":[{"embeddable":true,"href":"https:\/\/nucleos.uepb.edu.br\/nupehl\/wp-json\/wp\/v2\/users\/32"}],"replies":[{"embeddable":true,"href":"https:\/\/nucleos.uepb.edu.br\/nupehl\/wp-json\/wp\/v2\/comments?post=136"}],"version-history":[{"count":12,"href":"https:\/\/nucleos.uepb.edu.br\/nupehl\/wp-json\/wp\/v2\/pages\/136\/revisions"}],"predecessor-version":[{"id":1035,"href":"https:\/\/nucleos.uepb.edu.br\/nupehl\/wp-json\/wp\/v2\/pages\/136\/revisions\/1035"}],"up":[{"embeddable":true,"href":"https:\/\/nucleos.uepb.edu.br\/nupehl\/wp-json\/wp\/v2\/pages\/10"}],"wp:attachment":[{"href":"https:\/\/nucleos.uepb.edu.br\/nupehl\/wp-json\/wp\/v2\/media?parent=136"}],"curies":[{"name":"wp","href":"https:\/\/api.w.org\/{rel}","templated":true}]}}