{"id":6,"date":"2017-02-07T09:07:58","date_gmt":"2017-02-07T11:07:58","guid":{"rendered":"https:\/\/nucleos.uepb.edu.br\/nupehl\/?page_id=6"},"modified":"2017-04-07T09:45:13","modified_gmt":"2017-04-07T12:45:13","slug":"pesquisa","status":"publish","type":"page","link":"https:\/\/nucleos.uepb.edu.br\/nupehl\/pesquisa\/","title":{"rendered":"Pesquisa"},"content":{"rendered":"<p class=\"font_8\"><strong>Arquitetura do outro: Narrativas historiogr\u00e1ficas sobre a presen\u00e7a holandesa na Parahyba colonial<\/strong><\/p>\n<p class=\"font_8\">Profa. Lu\u00edra Freire Monteiro<\/p>\n<p class=\"font_8\"><strong>Modos de viver e morar na Para\u00edba dos sec. XVII e XVIII<\/strong><\/p>\n<p class=\"font_8\">Prof. Fl\u00e1vio Carreiro de Santana<\/p>\n<p class=\"font_8\">Lu\u00edra Freire Monteiro<\/p>\n<p class=\"font_8\"><strong>Mulher, riqueza e legado na Parahyba setecentista<\/strong><\/p>\n<p class=\"font_8\">Profa. Lu\u00edra Freire Monteiro<\/p>\n<p class=\"font_8\">Prof. Fl\u00e1vio Carreiro de Santana<\/p>\n","protected":false},"excerpt":{"rendered":"<p>Arquitetura do outro: Narrativas historiogr\u00e1ficas sobre a presen\u00e7a holandesa na Parahyba colonial Profa. Lu\u00edra Freire Monteiro Modos de viver e morar na Para\u00edba dos sec. XVII e XVIII Prof. Fl\u00e1vio Carreiro de Santana Lu\u00edra Freire Monteiro Mulher, riqueza e legado na Parahyba setecentista Profa. Lu\u00edra Freire Monteiro Prof. Fl\u00e1vio Carreiro de Santana<\/p>\n","protected":false},"author":2,"featured_media":0,"parent":0,"menu_order":0,"comment_status":"closed","ping_status":"closed","template":"","meta":{"footnotes":""},"class_list":["post-6","page","type-page","status-publish","hentry"],"_links":{"self":[{"href":"https:\/\/nucleos.uepb.edu.br\/nupehl\/wp-json\/wp\/v2\/pages\/6","targetHints":{"allow":["GET"]}}],"collection":[{"href":"https:\/\/nucleos.uepb.edu.br\/nupehl\/wp-json\/wp\/v2\/pages"}],"about":[{"href":"https:\/\/nucleos.uepb.edu.br\/nupehl\/wp-json\/wp\/v2\/types\/page"}],"author":[{"embeddable":true,"href":"https:\/\/nucleos.uepb.edu.br\/nupehl\/wp-json\/wp\/v2\/users\/2"}],"replies":[{"embeddable":true,"href":"https:\/\/nucleos.uepb.edu.br\/nupehl\/wp-json\/wp\/v2\/comments?post=6"}],"version-history":[{"count":5,"href":"https:\/\/nucleos.uepb.edu.br\/nupehl\/wp-json\/wp\/v2\/pages\/6\/revisions"}],"predecessor-version":[{"id":73,"href":"https:\/\/nucleos.uepb.edu.br\/nupehl\/wp-json\/wp\/v2\/pages\/6\/revisions\/73"}],"wp:attachment":[{"href":"https:\/\/nucleos.uepb.edu.br\/nupehl\/wp-json\/wp\/v2\/media?parent=6"}],"curies":[{"name":"wp","href":"https:\/\/api.w.org\/{rel}","templated":true}]}}