{"id":80,"date":"2023-02-27T13:52:33","date_gmt":"2023-02-27T16:52:33","guid":{"rendered":"https:\/\/nucleos.uepb.edu.br\/nupehl\/?page_id=80"},"modified":"2023-10-09T07:34:27","modified_gmt":"2023-10-09T10:34:27","slug":"pagina-inicial","status":"publish","type":"page","link":"https:\/\/nucleos.uepb.edu.br\/nupehl\/","title":{"rendered":"P\u00e1gina Inicial"},"content":{"rendered":"<div class=\"wpb-content-wrapper\"><p>[vc_row gap=&#8221;30&#8243;][vc_column width=&#8221;1\/4&#8243; el_class=&#8221;conf-azul&#8221; css=&#8221;.vc_custom_1677688205444{padding-bottom: 30px !important;}&#8221;][vc_text_separator title=&#8221;APRESENTA\u00c7\u00c3O&#8221; title_align=&#8221;separator_align_left&#8221; css=&#8221;.vc_custom_1677688350174{margin-top: 20px !important;margin-bottom: 20px !important;}&#8221;][vc_column_text]O N\u00facleo de Pesquisa e extens\u00e3o em Hist\u00f3ria Local (NUPEHL) desenvolve suas atividades considerando a imbrica\u00e7\u00e3o entre Ensino, Pesquisa e Extens\u00e3o. Para tanto, promove e estimula pesquisas sobre as hist\u00f3rias \u201clocais\u201d, contextualizadas em realidades conjunturais e estruturais, incentivando e promovendo a\u00e7\u00f5es sobre a tem\u00e1tica. Orienta pesquisadores sobre as fontes documentais e bibliogr\u00e1ficas do tema, a cultura historiogr\u00e1fica, o apoio e defesa do patrim\u00f4nio hist\u00f3rico, as diversas espacialidades, as formas de conv\u00edvio e as singularidades do meio social, enfatizando os estudos sobre as popula\u00e7\u00f5es nativas. Ap\u00f3ia o ensino de hist\u00f3ria atrav\u00e9s de pesquisas relacionadas no \u00e2mbito da hist\u00f3ria local, suas pr\u00e1ticas, curr\u00edculos e orienta\u00e7\u00f5es, seus supostos te\u00f3ricos e metodol\u00f3gicos, procedimentos e materiais did\u00e1ticos. Promove anualmente eventos nacionais e, ao longo do ano realiza oficinas, cursos e palestras, atendendo ao p\u00fablico interno e externo \u00e0 universidade, dando especial apoio aos professores das redes p\u00fablicas estaduais e municipais. Atende a pesquisadores e interessados na hist\u00f3ria das localidades, disponibilizando documenta\u00e7\u00e3o e bibliografia ampla e atualizada sobre tais quest\u00f5es. Divulga a produ\u00e7\u00e3o acad\u00eamica da gradua\u00e7\u00e3o em hist\u00f3ria que se vincule a seus interesses, al\u00e9m de produzir em fluxo cont\u00ednuo artigos e livros, atuando em parceria com a Revista de Hist\u00f3ria Alpharrabios. Realiza atividades nas escolas e outras institui\u00e7\u00f5es sobre tem\u00e1ticas vinculadas \u00e0 Hist\u00f3ria local e suas demandas. Apoia os eventos dos Cursos de Hist\u00f3ria, contribuindo com os demais Laborat\u00f3rios e N\u00facleos de Pesquisa.[\/vc_column_text][\/vc_column][vc_column width=&#8221;3\/4&#8243; css=&#8221;.vc_custom_1677519103123{padding-bottom: 30px !important;}&#8221;][vc_single_image image=&#8221;879&#8243; alignment=&#8221;center&#8221; style=&#8221;vc_box_outline&#8221; border_color=&#8221;turquoise&#8221;][vc_cta h2=&#8221;&#8221;]Publicado o resultado final da sele\u00e7\u00e3o para a turma 2023.1 da Especializa\u00e7\u00e3o em Hist\u00f3ria Local. Os candidatos aprovados receber\u00e3o um e-mail com as instru\u00e7\u00f5es referentes \u00e0 matr\u00edcula, que ser\u00e1 realizada de forma remota.<\/p>\n<blockquote class=\"wp-embedded-content\" data-secret=\"XyN9fcKJTm\"><p><a href=\"https:\/\/nucleos.uepb.edu.br\/nupehl\/download\/relacao-aprovados\/\">rela\u00e7\u00e3o aprovados<\/a><\/p><\/blockquote>\n<p><iframe loading=\"lazy\" class=\"wp-embedded-content\" sandbox=\"allow-scripts\" security=\"restricted\" style=\"position: absolute; visibility: hidden;\" title=\"&#8220;rela\u00e7\u00e3o aprovados&#8221; &#8212; NUPEHL\" src=\"https:\/\/nucleos.uepb.edu.br\/nupehl\/download\/relacao-aprovados\/embed\/#?secret=afra5jUKeE#?secret=XyN9fcKJTm\" data-secret=\"XyN9fcKJTm\" width=\"500\" height=\"282\" frameborder=\"0\" marginwidth=\"0\" marginheight=\"0\" scrolling=\"no\"><\/iframe><\/p>\n<p>[\/vc_cta][vc_cta h2=&#8221;Chamada para a edi\u00e7\u00e3o 23 da revista Tarairiu&#8221;]<\/p>\n<p class=\"western\" lang=\"pt-PT\" align=\"justify\">A revista TARAIR\u00cdU torna p\u00fablica a chamada para a sele\u00e7\u00e3o de artigos para publica\u00e7\u00e3o em sua edi\u00e7\u00e3o n\u00ba 23. Os trabalhos dever\u00e3o ser submetidos \u00e0 revista at\u00e9 o dia 15 de novembro do corrente ano, com previs\u00e3o de lan\u00e7amento da edi\u00e7\u00e3o em final de dezembro\/2023.<\/p>\n<p class=\"western\" lang=\"pt-PT\" align=\"justify\">Os temas ser\u00e3o livres, devendo versar sobre arqueologia, paleontologia, hist\u00f3ria e espeleologia. A submiss\u00e3o se dar\u00e1 mediante acesso \u00e0 revista eletr\u00f4nica por meio do endere\u00e7o <a href=\"https:\/\/revista.uepb.edu.br\/REVELAP\/about\/submissions\">https:\/\/revista.uepb.edu.br\/REVELAP\/about\/submissions<\/a>, no qual o pesquisador dever\u00e1 realizar o cadastro e enviar os arquivos conforme solicitado pelo sistema. Todo o fluxo editorial ser\u00e1 acompanhado pelo endere\u00e7o eletr\u00f4nico.<\/p>\n<p>[\/vc_cta][\/vc_column][\/vc_row]<\/p>\n<\/div>","protected":false},"excerpt":{"rendered":"<p>[vc_row gap=&#8221;30&#8243;][vc_column width=&#8221;1\/4&#8243; el_class=&#8221;conf-azul&#8221; css=&#8221;.vc_custom_1677688205444{padding-bottom: 30px !important;}&#8221;][vc_text_separator title=&#8221;APRESENTA\u00c7\u00c3O&#8221; title_align=&#8221;separator_align_left&#8221; css=&#8221;.vc_custom_1677688350174{margin-top: 20px !important;margin-bottom: 20px !important;}&#8221;][vc_column_text]O N\u00facleo de Pesquisa e extens\u00e3o em Hist\u00f3ria Local (NUPEHL) desenvolve suas atividades considerando a imbrica\u00e7\u00e3o entre Ensino, Pesquisa e Extens\u00e3o. Para tanto, promove e estimula pesquisas sobre as hist\u00f3rias \u201clocais\u201d, contextualizadas em realidades conjunturais e estruturais, incentivando e promovendo a\u00e7\u00f5es sobre <a class=\"leiamais\" href=\"https:\/\/nucleos.uepb.edu.br\/nupehl\/\">Leia Mais&#8230;<\/a><\/p>\n","protected":false},"author":11,"featured_media":0,"parent":0,"menu_order":0,"comment_status":"closed","ping_status":"closed","template":"","meta":{"footnotes":""},"class_list":["post-80","page","type-page","status-publish","hentry"],"_links":{"self":[{"href":"https:\/\/nucleos.uepb.edu.br\/nupehl\/wp-json\/wp\/v2\/pages\/80","targetHints":{"allow":["GET"]}}],"collection":[{"href":"https:\/\/nucleos.uepb.edu.br\/nupehl\/wp-json\/wp\/v2\/pages"}],"about":[{"href":"https:\/\/nucleos.uepb.edu.br\/nupehl\/wp-json\/wp\/v2\/types\/page"}],"author":[{"embeddable":true,"href":"https:\/\/nucleos.uepb.edu.br\/nupehl\/wp-json\/wp\/v2\/users\/11"}],"replies":[{"embeddable":true,"href":"https:\/\/nucleos.uepb.edu.br\/nupehl\/wp-json\/wp\/v2\/comments?post=80"}],"version-history":[{"count":34,"href":"https:\/\/nucleos.uepb.edu.br\/nupehl\/wp-json\/wp\/v2\/pages\/80\/revisions"}],"predecessor-version":[{"id":1066,"href":"https:\/\/nucleos.uepb.edu.br\/nupehl\/wp-json\/wp\/v2\/pages\/80\/revisions\/1066"}],"wp:attachment":[{"href":"https:\/\/nucleos.uepb.edu.br\/nupehl\/wp-json\/wp\/v2\/media?parent=80"}],"curies":[{"name":"wp","href":"https:\/\/api.w.org\/{rel}","templated":true}]}}