{"id":931,"date":"2023-05-02T09:25:46","date_gmt":"2023-05-02T12:25:46","guid":{"rendered":"https:\/\/nucleos.uepb.edu.br\/nupehl\/?page_id=931"},"modified":"2023-05-02T09:25:46","modified_gmt":"2023-05-02T12:25:46","slug":"livros-de-tombo-da-catedral-de-campina-grande","status":"publish","type":"page","link":"https:\/\/nucleos.uepb.edu.br\/nupehl\/livros-de-tombo-da-catedral-de-campina-grande\/","title":{"rendered":"Livros de Tombo da Catedral de Campina Grande"},"content":{"rendered":"<div class=\"wpb-content-wrapper\"><p>[vc_row][vc_column][vc_column_text]De grande valor hist\u00f3rico, os Livros de Tombos s\u00e3o os registros dos acontecimentos hist\u00f3ricos, atos e fatos significativos e os procedimentos administrativos mais relevantes da par\u00f3quia\u00a0 e sua comunidade.[\/vc_column_text][\/vc_column][\/vc_row][vc_row][vc_column width=&#8221;1\/2&#8243;][vc_images_carousel images=&#8221;932,933,934&#8243; img_size=&#8221;600&#215;500&#8243; title=&#8221;Amostra do acervo&#8221;][\/vc_column][vc_column width=&#8221;1\/2&#8243;][vc_column_text]Livro 1 com data de abertura no ano de 1885 . Livro 2 com data de abertura no ano de 1926.[\/vc_column_text][vc_btn title=&#8221;Baixar arquivos&#8221; color=&#8221;primary&#8221; size=&#8221;lg&#8221; align=&#8221;center&#8221; button_block=&#8221;true&#8221; link=&#8221;url:https%3A%2F%2Fdrive.google.com%2Fdrive%2Ffolders%2F1qAPXJ78FMjOKYsoSGhDjegmBYabRLV0q%3Fusp%3Dshare_link|target:_blank&#8221;][\/vc_column][\/vc_row]<\/p>\n<\/div>","protected":false},"excerpt":{"rendered":"<p>[vc_row][vc_column][vc_column_text]De grande valor hist\u00f3rico, os Livros de Tombos s\u00e3o os registros dos acontecimentos hist\u00f3ricos, atos e fatos significativos e os procedimentos administrativos mais relevantes da par\u00f3quia\u00a0 e sua comunidade.[\/vc_column_text][\/vc_column][\/vc_row][vc_row][vc_column width=&#8221;1\/2&#8243;][vc_images_carousel images=&#8221;932,933,934&#8243; img_size=&#8221;600&#215;500&#8243; title=&#8221;Amostra do acervo&#8221;][\/vc_column][vc_column width=&#8221;1\/2&#8243;][vc_column_text]Livro 1 com data de abertura no ano de 1885 . Livro 2 com data de abertura no ano de <a class=\"leiamais\" href=\"https:\/\/nucleos.uepb.edu.br\/nupehl\/livros-de-tombo-da-catedral-de-campina-grande\/\">Leia Mais&#8230;<\/a><\/p>\n","protected":false},"author":32,"featured_media":0,"parent":0,"menu_order":0,"comment_status":"closed","ping_status":"closed","template":"","meta":{"footnotes":""},"class_list":["post-931","page","type-page","status-publish","hentry"],"_links":{"self":[{"href":"https:\/\/nucleos.uepb.edu.br\/nupehl\/wp-json\/wp\/v2\/pages\/931","targetHints":{"allow":["GET"]}}],"collection":[{"href":"https:\/\/nucleos.uepb.edu.br\/nupehl\/wp-json\/wp\/v2\/pages"}],"about":[{"href":"https:\/\/nucleos.uepb.edu.br\/nupehl\/wp-json\/wp\/v2\/types\/page"}],"author":[{"embeddable":true,"href":"https:\/\/nucleos.uepb.edu.br\/nupehl\/wp-json\/wp\/v2\/users\/32"}],"replies":[{"embeddable":true,"href":"https:\/\/nucleos.uepb.edu.br\/nupehl\/wp-json\/wp\/v2\/comments?post=931"}],"version-history":[{"count":3,"href":"https:\/\/nucleos.uepb.edu.br\/nupehl\/wp-json\/wp\/v2\/pages\/931\/revisions"}],"predecessor-version":[{"id":937,"href":"https:\/\/nucleos.uepb.edu.br\/nupehl\/wp-json\/wp\/v2\/pages\/931\/revisions\/937"}],"wp:attachment":[{"href":"https:\/\/nucleos.uepb.edu.br\/nupehl\/wp-json\/wp\/v2\/media?parent=931"}],"curies":[{"name":"wp","href":"https:\/\/api.w.org\/{rel}","templated":true}]}}