{"id":984,"date":"2023-05-05T08:49:22","date_gmt":"2023-05-05T11:49:22","guid":{"rendered":"https:\/\/nucleos.uepb.edu.br\/nupehl\/?page_id=984"},"modified":"2023-05-25T20:24:47","modified_gmt":"2023-05-25T23:24:47","slug":"processos-crime-1889-a-1929","status":"publish","type":"page","link":"https:\/\/nucleos.uepb.edu.br\/nupehl\/processos-crime-1889-a-1929\/","title":{"rendered":"Processos Crime 1887 \u00e0 1929"},"content":{"rendered":"<div class=\"wpb-content-wrapper\"><p>[vc_row][vc_column width=&#8221;1\/2&#8243;][vc_images_carousel images=&#8221;977,976,975,974&#8243; img_size=&#8221;400&#215;300&#8243;][\/vc_column][vc_column width=&#8221;1\/2&#8243;][vc_btn title=&#8221;1890&#8243; color=&#8221;turquoise&#8221; size=&#8221;lg&#8221; align=&#8221;center&#8221; button_block=&#8221;true&#8221; link=&#8221;url:https%3A%2F%2Fnucleos.uepb.edu.br%2Fnupehl%2Fprocessos-crime%2F|title:1890|target:_blank&#8221;][vc_btn title=&#8221;1891&#8243; color=&#8221;orange&#8221; size=&#8221;lg&#8221; align=&#8221;center&#8221; button_block=&#8221;true&#8221; link=&#8221;url:https%3A%2F%2Fnucleos.uepb.edu.br%2Fnupehl%2F1891-2%2F|title:1891|target:_blank&#8221;][\/vc_column][\/vc_row][vc_row][vc_column][vc_column_text]Os processos foram organizados de acordo com o acervo presente no F\u00f3rum Afonso Campos, divididos por caixas. Mantivemos a mesma localiza\u00e7\u00e3o dividindo-os em pastas. Desta forma, apesar de alguns processos de 1887\/1889 estarem na pasta de 1990, entre outros, mantivemos assim para permanecermos fi\u00e9is ao arquivo f\u00edsico original[\/vc_column_text][\/vc_column][\/vc_row][vc_row][vc_column][vc_single_image image=&#8221;879&#8243; alignment=&#8221;center&#8221;][\/vc_column][\/vc_row]<\/p>\n<\/div>","protected":false},"excerpt":{"rendered":"<p>[vc_row][vc_column width=&#8221;1\/2&#8243;][vc_images_carousel images=&#8221;977,976,975,974&#8243; img_size=&#8221;400&#215;300&#8243;][\/vc_column][vc_column width=&#8221;1\/2&#8243;][vc_btn title=&#8221;1890&#8243; color=&#8221;turquoise&#8221; size=&#8221;lg&#8221; align=&#8221;center&#8221; button_block=&#8221;true&#8221; link=&#8221;url:https%3A%2F%2Fnucleos.uepb.edu.br%2Fnupehl%2Fprocessos-crime%2F|title:1890|target:_blank&#8221;][vc_btn title=&#8221;1891&#8243; color=&#8221;orange&#8221; size=&#8221;lg&#8221; align=&#8221;center&#8221; button_block=&#8221;true&#8221; link=&#8221;url:https%3A%2F%2Fnucleos.uepb.edu.br%2Fnupehl%2F1891-2%2F|title:1891|target:_blank&#8221;][\/vc_column][\/vc_row][vc_row][vc_column][vc_column_text]Os processos foram organizados de acordo com o acervo presente no F\u00f3rum Afonso Campos, divididos por caixas. Mantivemos a mesma localiza\u00e7\u00e3o dividindo-os em pastas. Desta forma, apesar de alguns processos de 1887\/1889 estarem na pasta de 1990, entre outros, <a class=\"leiamais\" href=\"https:\/\/nucleos.uepb.edu.br\/nupehl\/processos-crime-1889-a-1929\/\">Leia Mais&#8230;<\/a><\/p>\n","protected":false},"author":32,"featured_media":0,"parent":0,"menu_order":0,"comment_status":"closed","ping_status":"closed","template":"","meta":{"footnotes":""},"class_list":["post-984","page","type-page","status-publish","hentry"],"_links":{"self":[{"href":"https:\/\/nucleos.uepb.edu.br\/nupehl\/wp-json\/wp\/v2\/pages\/984","targetHints":{"allow":["GET"]}}],"collection":[{"href":"https:\/\/nucleos.uepb.edu.br\/nupehl\/wp-json\/wp\/v2\/pages"}],"about":[{"href":"https:\/\/nucleos.uepb.edu.br\/nupehl\/wp-json\/wp\/v2\/types\/page"}],"author":[{"embeddable":true,"href":"https:\/\/nucleos.uepb.edu.br\/nupehl\/wp-json\/wp\/v2\/users\/32"}],"replies":[{"embeddable":true,"href":"https:\/\/nucleos.uepb.edu.br\/nupehl\/wp-json\/wp\/v2\/comments?post=984"}],"version-history":[{"count":8,"href":"https:\/\/nucleos.uepb.edu.br\/nupehl\/wp-json\/wp\/v2\/pages\/984\/revisions"}],"predecessor-version":[{"id":1033,"href":"https:\/\/nucleos.uepb.edu.br\/nupehl\/wp-json\/wp\/v2\/pages\/984\/revisions\/1033"}],"wp:attachment":[{"href":"https:\/\/nucleos.uepb.edu.br\/nupehl\/wp-json\/wp\/v2\/media?parent=984"}],"curies":[{"name":"wp","href":"https:\/\/api.w.org\/{rel}","templated":true}]}}